{"id":4582,"date":"2022-09-21T12:29:06","date_gmt":"2022-09-21T12:29:06","guid":{"rendered":"https:\/\/fxglobe.wpenginepowered.com\/academia-fx-globe\/"},"modified":"2022-10-22T17:55:23","modified_gmt":"2022-10-22T17:55:23","slug":"academia-fx-globe","status":"publish","type":"page","link":"https:\/\/www.fxglobe.com\/es\/academia-fx-globe\/","title":{"rendered":"Academia FX Globe"},"content":{"rendered":"\t\t<div data-elementor-type=\"wp-page\" data-elementor-id=\"4582\" class=\"elementor elementor-4582 elementor-522\" data-elementor-post-type=\"page\">\n\t\t\t\t<div class=\"elementor-element elementor-element-5d0f743 e-con-full e-flex e-con e-parent\" data-id=\"5d0f743\" data-element_type=\"container\" data-e-type=\"container\">\n\t\t\t\t<div class=\"elementor-element elementor-element-787cd99 elementor-absolute elementor-hidden-mobile elementor-invisible elementor-widget elementor-widget-image\" data-id=\"787cd99\" data-element_type=\"widget\" data-e-type=\"widget\" data-settings=\"{&quot;_position&quot;:&quot;absolute&quot;,&quot;motion_fx_motion_fx_mouse&quot;:&quot;yes&quot;,&quot;motion_fx_mouseTrack_effect&quot;:&quot;yes&quot;,&quot;motion_fx_mouseTrack_speed&quot;:{&quot;unit&quot;:&quot;px&quot;,&quot;size&quot;:0.2,&quot;sizes&quot;:[]},&quot;_animation&quot;:&quot;zoomIn&quot;}\" data-widget_type=\"image.default\">\n\t\t\t\t<div class=\"elementor-widget-container\">\n\t\t\t\t\t\t\t\t\t\t\t\t\t\t\t<img decoding=\"async\" width=\"33\" height=\"33\" src=\"https:\/\/www.fxglobe.com\/wp-content\/uploads\/2022\/09\/orange-ball.svg\" class=\"attachment-full size-full wp-image-1121\" alt=\"\" \/>\t\t\t\t\t\t\t\t\t\t\t\t\t\t\t<\/div>\n\t\t\t\t<\/div>\n\t\t<div class=\"elementor-element elementor-element-c3cb81c e-con-full e-flex e-con e-parent\" data-id=\"c3cb81c\" data-element_type=\"container\" data-e-type=\"container\" data-settings=\"{&quot;background_background&quot;:&quot;classic&quot;}\">\n\t\t\t\t<div class=\"elementor-element elementor-element-9aaa1c4 elementor-widget__width-initial elementor-absolute animated-slow elementor-invisible elementor-widget elementor-widget-image\" data-id=\"9aaa1c4\" data-element_type=\"widget\" data-e-type=\"widget\" data-settings=\"{&quot;_position&quot;:&quot;absolute&quot;,&quot;_animation&quot;:&quot;fadeInLeft&quot;}\" data-widget_type=\"image.default\">\n\t\t\t\t<div class=\"elementor-widget-container\">\n\t\t\t\t\t\t\t\t\t\t\t\t\t\t\t<img decoding=\"async\" width=\"117\" height=\"153\" src=\"https:\/\/www.fxglobe.com\/wp-content\/uploads\/2022\/09\/Big-ball-left.png\" class=\"attachment-full size-full wp-image-647\" alt=\"\" \/>\t\t\t\t\t\t\t\t\t\t\t\t\t\t\t<\/div>\n\t\t\t\t<\/div>\n\t\t<div class=\"elementor-element elementor-element-ae9513e e-con-full e-flex e-con e-parent\" data-id=\"ae9513e\" data-element_type=\"container\" data-e-type=\"container\">\n\t\t\t\t<div class=\"elementor-element elementor-element-7fc36a9 elementor-widget__width-inherit elementor-widget elementor-widget-heading\" data-id=\"7fc36a9\" data-element_type=\"widget\" data-e-type=\"widget\" data-widget_type=\"heading.default\">\n\t\t\t\t<div class=\"elementor-widget-container\">\n\t\t\t\t\t<h6 class=\"elementor-heading-title elementor-size-default\">Academia<\/h6>\t\t\t\t<\/div>\n\t\t\t\t<\/div>\n\t\t\t\t<div class=\"elementor-element elementor-element-ff07125 elementor-widget__width-inherit elementor-widget elementor-widget-heading\" data-id=\"ff07125\" data-element_type=\"widget\" data-e-type=\"widget\" data-widget_type=\"heading.default\">\n\t\t\t\t<div class=\"elementor-widget-container\">\n\t\t\t\t\t<h1 class=\"elementor-heading-title elementor-size-default\">Academia FXGlobe<span style=\"color:#DA2D16\">.<\/span><\/h1>\t\t\t\t<\/div>\n\t\t\t\t<\/div>\n\t\t\t\t<div class=\"elementor-element elementor-element-718483e elementor-widget elementor-widget-text-editor\" data-id=\"718483e\" data-element_type=\"widget\" data-e-type=\"widget\" data-widget_type=\"text-editor.default\">\n\t\t\t\t<div class=\"elementor-widget-container\">\n\t\t\t\t\t\t\t\t\t<p>Explora un sinf\u00edn de recursos educativos para avanzar en tus habilidades y conocimientos de trading.<\/p>\n\t\t\t\t\t\t\t\t<\/div>\n\t\t\t\t<\/div>\n\t\t\t\t<\/div>\n\t\t\t\t<\/div>\n\t\t\t\t<\/div>\n\t\t<div class=\"elementor-element elementor-element-5135794 e-flex e-con-boxed e-con e-parent\" data-id=\"5135794\" data-element_type=\"container\" data-e-type=\"container\">\n\t\t\t\t\t<div class=\"e-con-inner\">\n\t\t\t\t<div class=\"elementor-element elementor-element-6666d08 elementor-widget__width-inherit elementor-widget elementor-widget-heading\" data-id=\"6666d08\" data-element_type=\"widget\" data-e-type=\"widget\" data-widget_type=\"heading.default\">\n\t\t\t\t<div class=\"elementor-widget-container\">\n\t\t\t\t\t<h2 class=\"elementor-heading-title elementor-size-default\">Elige c\u00f3mo aprender<span style=\"color:#DA2D16\">.<\/span><\/h2>\t\t\t\t<\/div>\n\t\t\t\t<\/div>\n\t\t\t\t<div class=\"elementor-element elementor-element-f651887 elementor-widget__width-inherit elementor-widget elementor-widget-text-editor\" data-id=\"f651887\" data-element_type=\"widget\" data-e-type=\"widget\" data-widget_type=\"text-editor.default\">\n\t\t\t\t<div class=\"elementor-widget-container\">\n\t\t\t\t\t\t\t\t\t<p>Lee, mira, estudia y comparte. Encontrar\u00e1s todo el material que necesitas para entender los fundamentos, formar un plan, poner en marcha tu comercio y, para los m\u00e1s dedicados, catapultar tu carrera.<\/p>\n\t\t\t\t\t\t\t\t<\/div>\n\t\t\t\t<\/div>\n\t\t<div class=\"elementor-element elementor-element-b34c0de e-con-full e-flex e-con e-parent\" data-id=\"b34c0de\" data-element_type=\"container\" data-e-type=\"container\" data-settings=\"{&quot;background_background&quot;:&quot;classic&quot;}\">\n\t\t\t\t<div class=\"elementor-element elementor-element-b765ae4 elementor-widget elementor-widget-heading\" data-id=\"b765ae4\" data-element_type=\"widget\" data-e-type=\"widget\" data-widget_type=\"heading.default\">\n\t\t\t\t<div class=\"elementor-widget-container\">\n\t\t\t\t\t<h3 class=\"elementor-heading-title elementor-size-default\">Video tutoriales<\/h3>\t\t\t\t<\/div>\n\t\t\t\t<\/div>\n\t\t\t\t<div class=\"elementor-element elementor-element-7530e6e elementor-widget elementor-widget-text-editor\" data-id=\"7530e6e\" data-element_type=\"widget\" data-e-type=\"widget\" data-widget_type=\"text-editor.default\">\n\t\t\t\t<div class=\"elementor-widget-container\">\n\t\t\t\t\t\t\t\t\t<p>Aprende a sacar el m\u00e1ximo partido a tu plataforma y a utilizar las herramientas adecuadas para ti de forma eficaz, para que puedas operar en cualquier mercado como un jefe.<\/p>\n\t\t\t\t\t\t\t\t<\/div>\n\t\t\t\t<\/div>\n\t\t\t\t<div class=\"elementor-element elementor-element-edca0e5 elementor-widget elementor-widget-button\" data-id=\"edca0e5\" data-element_type=\"widget\" data-e-type=\"widget\" data-widget_type=\"button.default\">\n\t\t\t\t<div class=\"elementor-widget-container\">\n\t\t\t\t\t\t\t\t\t<div class=\"elementor-button-wrapper\">\n\t\t\t\t\t<a class=\"elementor-button elementor-button-link elementor-size-sm\" href=\"https:\/\/www.fxglobe.com\/es\/academia-fx-globe\/video-tutoriales\/\">\n\t\t\t\t\t\t<span class=\"elementor-button-content-wrapper\">\n\t\t\t\t\t\t<span class=\"elementor-button-icon\">\n\t\t\t\t<svg xmlns=\"http:\/\/www.w3.org\/2000\/svg\" id=\"Capa_1\" height=\"512\" viewBox=\"0 0 486.346 486.346\" width=\"512\"><g><g id=\"arrow-1-e_1_\"><path d=\"m284.232 444.575c-16.757-.68-29.791-14.816-29.111-31.573.282-6.959 2.948-13.609 7.55-18.836l151.833-150.315-151.832-150.314c-11.774-11.844-11.774-30.973 0-42.817 11.81-11.907 31.037-11.986 42.945-.176.059.058.118.117.176.176l171.572 171.572c11.907 11.81 11.986 31.037.176 42.945-.058.059-.117.118-.176.176l-171.573 171.571c-5.923 5.242-13.659 7.965-21.56 7.591z\"><\/path><path d=\"m455.5 272.7h-425.133c-16.771 0-30.367-13.596-30.367-30.367s13.596-30.367 30.367-30.367h425.133c16.771 0 30.367 13.596 30.367 30.367s-13.596 30.367-30.367 30.367z\"><\/path><\/g><\/g><\/svg>\t\t\t<\/span>\n\t\t\t\t\t\t\t\t\t<span class=\"elementor-button-text\">Saber M\u00e1s<\/span>\n\t\t\t\t\t<\/span>\n\t\t\t\t\t<\/a>\n\t\t\t\t<\/div>\n\t\t\t\t\t\t\t\t<\/div>\n\t\t\t\t<\/div>\n\t\t\t\t<\/div>\n\t\t<div class=\"elementor-element elementor-element-83898ea e-con-full e-flex e-con e-parent\" data-id=\"83898ea\" data-element_type=\"container\" data-e-type=\"container\" data-settings=\"{&quot;background_background&quot;:&quot;classic&quot;}\">\n\t\t\t\t<div class=\"elementor-element elementor-element-80a1167 elementor-widget elementor-widget-heading\" data-id=\"80a1167\" data-element_type=\"widget\" data-e-type=\"widget\" data-widget_type=\"heading.default\">\n\t\t\t\t<div class=\"elementor-widget-container\">\n\t\t\t\t\t<h3 class=\"elementor-heading-title elementor-size-default\">Libros electr\u00f3nicos<\/h3>\t\t\t\t<\/div>\n\t\t\t\t<\/div>\n\t\t\t\t<div class=\"elementor-element elementor-element-9472cf2 elementor-widget elementor-widget-text-editor\" data-id=\"9472cf2\" data-element_type=\"widget\" data-e-type=\"widget\" data-widget_type=\"text-editor.default\">\n\t\t\t\t<div class=\"elementor-widget-container\">\n\t\t\t\t\t\t\t\t\t<p>Antes de hacer nada, lee nuestra colecci\u00f3n de libros electr\u00f3nicos. Est\u00e1n repletos de conocimientos esenciales para mejorar tu t\u00e9cnica de trading.<\/p>\n\t\t\t\t\t\t\t\t<\/div>\n\t\t\t\t<\/div>\n\t\t\t\t<div class=\"elementor-element elementor-element-f1a467c elementor-widget elementor-widget-button\" data-id=\"f1a467c\" data-element_type=\"widget\" data-e-type=\"widget\" data-widget_type=\"button.default\">\n\t\t\t\t<div class=\"elementor-widget-container\">\n\t\t\t\t\t\t\t\t\t<div class=\"elementor-button-wrapper\">\n\t\t\t\t\t<a class=\"elementor-button elementor-button-link elementor-size-sm\" href=\"https:\/\/www.fxglobe.com\/es\/academia-fx-globe\/libros-electronicos\/\">\n\t\t\t\t\t\t<span class=\"elementor-button-content-wrapper\">\n\t\t\t\t\t\t<span class=\"elementor-button-icon\">\n\t\t\t\t<svg xmlns=\"http:\/\/www.w3.org\/2000\/svg\" id=\"Capa_1\" height=\"512\" viewBox=\"0 0 486.346 486.346\" width=\"512\"><g><g id=\"arrow-1-e_1_\"><path d=\"m284.232 444.575c-16.757-.68-29.791-14.816-29.111-31.573.282-6.959 2.948-13.609 7.55-18.836l151.833-150.315-151.832-150.314c-11.774-11.844-11.774-30.973 0-42.817 11.81-11.907 31.037-11.986 42.945-.176.059.058.118.117.176.176l171.572 171.572c11.907 11.81 11.986 31.037.176 42.945-.058.059-.117.118-.176.176l-171.573 171.571c-5.923 5.242-13.659 7.965-21.56 7.591z\"><\/path><path d=\"m455.5 272.7h-425.133c-16.771 0-30.367-13.596-30.367-30.367s13.596-30.367 30.367-30.367h425.133c16.771 0 30.367 13.596 30.367 30.367s-13.596 30.367-30.367 30.367z\"><\/path><\/g><\/g><\/svg>\t\t\t<\/span>\n\t\t\t\t\t\t\t\t\t<span class=\"elementor-button-text\">Saber M\u00e1s<\/span>\n\t\t\t\t\t<\/span>\n\t\t\t\t\t<\/a>\n\t\t\t\t<\/div>\n\t\t\t\t\t\t\t\t<\/div>\n\t\t\t\t<\/div>\n\t\t\t\t<\/div>\n\t\t<div class=\"elementor-element elementor-element-6e106b7 e-con-full e-flex e-con e-parent\" data-id=\"6e106b7\" data-element_type=\"container\" data-e-type=\"container\" data-settings=\"{&quot;background_background&quot;:&quot;classic&quot;}\">\n\t\t\t\t<div class=\"elementor-element elementor-element-fb4af56 elementor-widget elementor-widget-heading\" data-id=\"fb4af56\" data-element_type=\"widget\" data-e-type=\"widget\" data-widget_type=\"heading.default\">\n\t\t\t\t<div class=\"elementor-widget-container\">\n\t\t\t\t\t<h3 class=\"elementor-heading-title elementor-size-default\">Noticias<\/h3>\t\t\t\t<\/div>\n\t\t\t\t<\/div>\n\t\t\t\t<div class=\"elementor-element elementor-element-facf76d elementor-widget elementor-widget-text-editor\" data-id=\"facf76d\" data-element_type=\"widget\" data-e-type=\"widget\" data-widget_type=\"text-editor.default\">\n\t\t\t\t<div class=\"elementor-widget-container\">\n\t\t\t\t\t\t\t\t\t<p>Las cosas se mueven r\u00e1pido en el mundo del trading. Mantente al d\u00eda de las \u00faltimas noticias que afectan a los mercados financieros.<\/p>\n\t\t\t\t\t\t\t\t<\/div>\n\t\t\t\t<\/div>\n\t\t\t\t<div class=\"elementor-element elementor-element-1f46dc3 elementor-widget elementor-widget-button\" data-id=\"1f46dc3\" data-element_type=\"widget\" data-e-type=\"widget\" data-widget_type=\"button.default\">\n\t\t\t\t<div class=\"elementor-widget-container\">\n\t\t\t\t\t\t\t\t\t<div class=\"elementor-button-wrapper\">\n\t\t\t\t\t<a class=\"elementor-button elementor-button-link elementor-size-sm\" href=\"https:\/\/www.fxglobe.com\/es\/blog\/\">\n\t\t\t\t\t\t<span class=\"elementor-button-content-wrapper\">\n\t\t\t\t\t\t<span class=\"elementor-button-icon\">\n\t\t\t\t<svg xmlns=\"http:\/\/www.w3.org\/2000\/svg\" id=\"Capa_1\" height=\"512\" viewBox=\"0 0 486.346 486.346\" width=\"512\"><g><g id=\"arrow-1-e_1_\"><path d=\"m284.232 444.575c-16.757-.68-29.791-14.816-29.111-31.573.282-6.959 2.948-13.609 7.55-18.836l151.833-150.315-151.832-150.314c-11.774-11.844-11.774-30.973 0-42.817 11.81-11.907 31.037-11.986 42.945-.176.059.058.118.117.176.176l171.572 171.572c11.907 11.81 11.986 31.037.176 42.945-.058.059-.117.118-.176.176l-171.573 171.571c-5.923 5.242-13.659 7.965-21.56 7.591z\"><\/path><path d=\"m455.5 272.7h-425.133c-16.771 0-30.367-13.596-30.367-30.367s13.596-30.367 30.367-30.367h425.133c16.771 0 30.367 13.596 30.367 30.367s-13.596 30.367-30.367 30.367z\"><\/path><\/g><\/g><\/svg>\t\t\t<\/span>\n\t\t\t\t\t\t\t\t\t<span class=\"elementor-button-text\">Saber M\u00e1s<\/span>\n\t\t\t\t\t<\/span>\n\t\t\t\t\t<\/a>\n\t\t\t\t<\/div>\n\t\t\t\t\t\t\t\t<\/div>\n\t\t\t\t<\/div>\n\t\t\t\t<\/div>\n\t\t<div class=\"elementor-element elementor-element-1ac2ad2 e-con-full e-flex e-con e-parent\" data-id=\"1ac2ad2\" data-element_type=\"container\" data-e-type=\"container\" data-settings=\"{&quot;background_background&quot;:&quot;classic&quot;}\">\n\t\t\t\t<div class=\"elementor-element elementor-element-1f32072 elementor-widget elementor-widget-heading\" data-id=\"1f32072\" data-element_type=\"widget\" data-e-type=\"widget\" data-widget_type=\"heading.default\">\n\t\t\t\t<div class=\"elementor-widget-container\">\n\t\t\t\t\t<h3 class=\"elementor-heading-title elementor-size-default\">Academia<\/h3>\t\t\t\t<\/div>\n\t\t\t\t<\/div>\n\t\t\t\t<div class=\"elementor-element elementor-element-1df3ce3 elementor-widget elementor-widget-text-editor\" data-id=\"1df3ce3\" data-element_type=\"widget\" data-e-type=\"widget\" data-widget_type=\"text-editor.default\">\n\t\t\t\t<div class=\"elementor-widget-container\">\n\t\t\t\t\t\t\t\t\t<p>Bienvenido\/a a la \u00faltima fuente de conocimiento del trader, empieza aqu\u00ed. Para convertirte en un maestro\/a de los mercados financieros, empieza por aqu\u00ed.<\/p>\n\t\t\t\t\t\t\t\t<\/div>\n\t\t\t\t<\/div>\n\t\t\t\t<div class=\"elementor-element elementor-element-f1a111e elementor-widget elementor-widget-button\" data-id=\"f1a111e\" data-element_type=\"widget\" data-e-type=\"widget\" data-widget_type=\"button.default\">\n\t\t\t\t<div class=\"elementor-widget-container\">\n\t\t\t\t\t\t\t\t\t<div class=\"elementor-button-wrapper\">\n\t\t\t\t\t<a class=\"elementor-button elementor-button-link elementor-size-sm\" href=\"https:\/\/www.fxglobe.com\/es\/academia-fx-globe\/cursos-magistrales\/\">\n\t\t\t\t\t\t<span class=\"elementor-button-content-wrapper\">\n\t\t\t\t\t\t<span class=\"elementor-button-icon\">\n\t\t\t\t<svg xmlns=\"http:\/\/www.w3.org\/2000\/svg\" id=\"Capa_1\" height=\"512\" viewBox=\"0 0 486.346 486.346\" width=\"512\"><g><g id=\"arrow-1-e_1_\"><path d=\"m284.232 444.575c-16.757-.68-29.791-14.816-29.111-31.573.282-6.959 2.948-13.609 7.55-18.836l151.833-150.315-151.832-150.314c-11.774-11.844-11.774-30.973 0-42.817 11.81-11.907 31.037-11.986 42.945-.176.059.058.118.117.176.176l171.572 171.572c11.907 11.81 11.986 31.037.176 42.945-.058.059-.117.118-.176.176l-171.573 171.571c-5.923 5.242-13.659 7.965-21.56 7.591z\"><\/path><path d=\"m455.5 272.7h-425.133c-16.771 0-30.367-13.596-30.367-30.367s13.596-30.367 30.367-30.367h425.133c16.771 0 30.367 13.596 30.367 30.367s-13.596 30.367-30.367 30.367z\"><\/path><\/g><\/g><\/svg>\t\t\t<\/span>\n\t\t\t\t\t\t\t\t\t<span class=\"elementor-button-text\">Saber M\u00e1s<\/span>\n\t\t\t\t\t<\/span>\n\t\t\t\t\t<\/a>\n\t\t\t\t<\/div>\n\t\t\t\t\t\t\t\t<\/div>\n\t\t\t\t<\/div>\n\t\t\t\t<\/div>\n\t\t<div class=\"elementor-element elementor-element-49b21ef e-con-full e-flex e-con e-parent\" data-id=\"49b21ef\" data-element_type=\"container\" data-e-type=\"container\" data-settings=\"{&quot;background_background&quot;:&quot;classic&quot;}\">\n\t\t\t\t<div class=\"elementor-element elementor-element-4db4bb8 elementor-widget elementor-widget-heading\" data-id=\"4db4bb8\" data-element_type=\"widget\" data-e-type=\"widget\" data-widget_type=\"heading.default\">\n\t\t\t\t<div class=\"elementor-widget-container\">\n\t\t\t\t\t<h3 class=\"elementor-heading-title elementor-size-default\">Glosario<\/h3>\t\t\t\t<\/div>\n\t\t\t\t<\/div>\n\t\t\t\t<div class=\"elementor-element elementor-element-2ea11c5 elementor-widget elementor-widget-text-editor\" data-id=\"2ea11c5\" data-element_type=\"widget\" data-e-type=\"widget\" data-widget_type=\"text-editor.default\">\n\t\t\t\t<div class=\"elementor-widget-container\">\n\t\t\t\t\t\t\t\t\t<p>\u00bfNo sabes distinguir un pips de una parab\u00f3lica? Todo est\u00e1 explicado en nuestro glosario de t\u00e9rminos comerciales de la A a la Z.<\/p>\n\t\t\t\t\t\t\t\t<\/div>\n\t\t\t\t<\/div>\n\t\t\t\t<div class=\"elementor-element elementor-element-67207c0 elementor-widget elementor-widget-button\" data-id=\"67207c0\" data-element_type=\"widget\" data-e-type=\"widget\" data-widget_type=\"button.default\">\n\t\t\t\t<div class=\"elementor-widget-container\">\n\t\t\t\t\t\t\t\t\t<div class=\"elementor-button-wrapper\">\n\t\t\t\t\t<a class=\"elementor-button elementor-button-link elementor-size-sm\" href=\"https:\/\/www.fxglobe.com\/es\/fx-globe-academy\/glossary\/\">\n\t\t\t\t\t\t<span class=\"elementor-button-content-wrapper\">\n\t\t\t\t\t\t<span class=\"elementor-button-icon\">\n\t\t\t\t<svg xmlns=\"http:\/\/www.w3.org\/2000\/svg\" id=\"Capa_1\" height=\"512\" viewBox=\"0 0 486.346 486.346\" width=\"512\"><g><g id=\"arrow-1-e_1_\"><path d=\"m284.232 444.575c-16.757-.68-29.791-14.816-29.111-31.573.282-6.959 2.948-13.609 7.55-18.836l151.833-150.315-151.832-150.314c-11.774-11.844-11.774-30.973 0-42.817 11.81-11.907 31.037-11.986 42.945-.176.059.058.118.117.176.176l171.572 171.572c11.907 11.81 11.986 31.037.176 42.945-.058.059-.117.118-.176.176l-171.573 171.571c-5.923 5.242-13.659 7.965-21.56 7.591z\"><\/path><path d=\"m455.5 272.7h-425.133c-16.771 0-30.367-13.596-30.367-30.367s13.596-30.367 30.367-30.367h425.133c16.771 0 30.367 13.596 30.367 30.367s-13.596 30.367-30.367 30.367z\"><\/path><\/g><\/g><\/svg>\t\t\t<\/span>\n\t\t\t\t\t\t\t\t\t<span class=\"elementor-button-text\">Saber M\u00e1s<\/span>\n\t\t\t\t\t<\/span>\n\t\t\t\t\t<\/a>\n\t\t\t\t<\/div>\n\t\t\t\t\t\t\t\t<\/div>\n\t\t\t\t<\/div>\n\t\t\t\t<\/div>\n\t\t\t\t\t<\/div>\n\t\t\t\t<\/div>\n\t\t\t\t<\/div>\n\t\t","protected":false},"excerpt":{"rendered":"<p>Academia Academia FXGlobe. Explora un sinf\u00edn de recursos educativos para avanzar en tus habilidades y conocimientos de trading. Elige c\u00f3mo aprender. Lee, mira, estudia y comparte. Encontrar\u00e1s todo el material que necesitas para entender los fundamentos, formar un plan, poner en marcha tu comercio y, para los m\u00e1s dedicados, catapultar tu carrera. Video tutoriales Aprende [&hellip;]<\/p>\n","protected":false},"author":13,"featured_media":0,"parent":0,"menu_order":0,"comment_status":"closed","ping_status":"closed","template":"","meta":{"_acf_changed":false,"_seopress_robots_primary_cat":"","_seopress_titles_title":"","_seopress_titles_desc":"","_seopress_robots_index":"","footnotes":"","_links_to":"","_links_to_target":""},"class_list":["post-4582","page","type-page","status-publish","hentry"],"acf":[],"_links":{"self":[{"href":"https:\/\/www.fxglobe.com\/es\/wp-json\/wp\/v2\/pages\/4582","targetHints":{"allow":["GET"]}}],"collection":[{"href":"https:\/\/www.fxglobe.com\/es\/wp-json\/wp\/v2\/pages"}],"about":[{"href":"https:\/\/www.fxglobe.com\/es\/wp-json\/wp\/v2\/types\/page"}],"author":[{"embeddable":true,"href":"https:\/\/www.fxglobe.com\/es\/wp-json\/wp\/v2\/users\/13"}],"replies":[{"embeddable":true,"href":"https:\/\/www.fxglobe.com\/es\/wp-json\/wp\/v2\/comments?post=4582"}],"version-history":[{"count":0,"href":"https:\/\/www.fxglobe.com\/es\/wp-json\/wp\/v2\/pages\/4582\/revisions"}],"wp:attachment":[{"href":"https:\/\/www.fxglobe.com\/es\/wp-json\/wp\/v2\/media?parent=4582"}],"curies":[{"name":"wp","href":"https:\/\/api.w.org\/{rel}","templated":true}]}}