{"id":4758,"date":"2022-09-14T13:04:20","date_gmt":"2022-09-14T13:04:20","guid":{"rendered":"https:\/\/fxglobe.wpenginepowered.com\/pagina-de-ejemplo\/"},"modified":"2022-10-23T18:59:57","modified_gmt":"2022-10-23T18:59:57","slug":"pagina-de-ejemplo","status":"publish","type":"page","link":"https:\/\/www.fxglobe.com\/es\/pagina-de-ejemplo\/","title":{"rendered":"P\u00e1gina de Ejemplo"},"content":{"rendered":"\n<p>Esta es una p\u00e1gina de ejemplo. Es diferente de una entrada de blog porque permanecer\u00e1 en un lugar y se mostrar\u00e1 en la navegaci\u00f3n de tu sitio (en la mayor\u00eda de los temas). La mayor\u00eda de la gente empieza con una p\u00e1gina \u00abAcerca de\u00bb que les presenta a los potenciales visitantes del sitio. Podr\u00eda decir algo as\u00ed:<\/p>\n\n<blockquote class=\"wp-block-quote is-layout-flow wp-block-quote-is-layout-flow\"><p>Hola a todos. Soy un mensajero en bicicleta de d\u00eda, aspirante a actor de noche, y este es mi sitio web. Vivo en Los \u00c1ngeles, tengo un gran perro llamado Jack y me gustan las pi\u00f1as coladas. (Y que te pille la lluvia).<\/p><\/blockquote>\n\n<p>&#8230;o algo as\u00ed:<\/p>\n\n<blockquote class=\"wp-block-quote is-layout-flow wp-block-quote-is-layout-flow\"><p>La empresa XYZ Doohickey Company se fund\u00f3 en 1971 y, desde entonces, ofrece doohickeys de calidad al p\u00fablico. Situada en Ciudad G\u00f3tica, XYZ emplea a m\u00e1s de 2.000 personas y hace todo tipo de cosas incre\u00edbles para la comunidad de Ciudad G\u00f3tica.<\/p><\/blockquote>\n\n<p>Como nuevo usuario de WordPress, debes ir a tu <a href=\"https:\/\/www.fxglobe.com\/wp-admin\/\">panel de control<\/a> para eliminar esta p\u00e1gina y crear nuevas p\u00e1ginas para tu contenido. Divi\u00e9rtete!<\/p>\n","protected":false},"excerpt":{"rendered":"<p>Esta es una p\u00e1gina de ejemplo. Es diferente de una entrada de blog porque permanecer\u00e1 en un lugar y se mostrar\u00e1 en la navegaci\u00f3n de tu sitio (en la mayor\u00eda de los temas). La mayor\u00eda de la gente empieza con una p\u00e1gina \u00abAcerca de\u00bb que les presenta a los potenciales visitantes del sitio. Podr\u00eda decir [&hellip;]<\/p>\n","protected":false},"author":13,"featured_media":0,"parent":0,"menu_order":0,"comment_status":"closed","ping_status":"closed","template":"","meta":{"_acf_changed":false,"_seopress_robots_primary_cat":"","_seopress_titles_title":"","_seopress_titles_desc":"","_seopress_robots_index":"","footnotes":"","_links_to":"","_links_to_target":""},"class_list":["post-4758","page","type-page","status-publish","hentry"],"acf":[],"_links":{"self":[{"href":"https:\/\/www.fxglobe.com\/es\/wp-json\/wp\/v2\/pages\/4758","targetHints":{"allow":["GET"]}}],"collection":[{"href":"https:\/\/www.fxglobe.com\/es\/wp-json\/wp\/v2\/pages"}],"about":[{"href":"https:\/\/www.fxglobe.com\/es\/wp-json\/wp\/v2\/types\/page"}],"author":[{"embeddable":true,"href":"https:\/\/www.fxglobe.com\/es\/wp-json\/wp\/v2\/users\/13"}],"replies":[{"embeddable":true,"href":"https:\/\/www.fxglobe.com\/es\/wp-json\/wp\/v2\/comments?post=4758"}],"version-history":[{"count":0,"href":"https:\/\/www.fxglobe.com\/es\/wp-json\/wp\/v2\/pages\/4758\/revisions"}],"wp:attachment":[{"href":"https:\/\/www.fxglobe.com\/es\/wp-json\/wp\/v2\/media?parent=4758"}],"curies":[{"name":"wp","href":"https:\/\/api.w.org\/{rel}","templated":true}]}}