{"id":4793,"date":"2022-09-21T12:34:46","date_gmt":"2022-09-21T12:34:46","guid":{"rendered":"https:\/\/fxglobe.wpenginepowered.com\/trading\/documentos-legales\/"},"modified":"2025-11-24T11:46:33","modified_gmt":"2025-11-24T11:46:33","slug":"documentos-legales","status":"publish","type":"page","link":"https:\/\/www.fxglobe.com\/es\/trading\/documentos-legales\/","title":{"rendered":"Documentos legales"},"content":{"rendered":"\t\t<div data-elementor-type=\"wp-page\" data-elementor-id=\"4793\" class=\"elementor elementor-4793 elementor-562\" data-elementor-post-type=\"page\">\n\t\t\t\t<div class=\"elementor-element elementor-element-64623ad e-con-full e-flex e-con e-parent\" data-id=\"64623ad\" data-element_type=\"container\" data-e-type=\"container\">\n\t\t\t\t<div class=\"elementor-element elementor-element-2f9c884 elementor-absolute elementor-hidden-mobile elementor-invisible elementor-widget elementor-widget-image\" data-id=\"2f9c884\" data-element_type=\"widget\" data-e-type=\"widget\" data-settings=\"{&quot;_position&quot;:&quot;absolute&quot;,&quot;motion_fx_motion_fx_mouse&quot;:&quot;yes&quot;,&quot;motion_fx_mouseTrack_effect&quot;:&quot;yes&quot;,&quot;motion_fx_mouseTrack_speed&quot;:{&quot;unit&quot;:&quot;px&quot;,&quot;size&quot;:0.2,&quot;sizes&quot;:[]},&quot;_animation&quot;:&quot;zoomIn&quot;}\" data-widget_type=\"image.default\">\n\t\t\t\t<div class=\"elementor-widget-container\">\n\t\t\t\t\t\t\t\t\t\t\t\t\t\t\t<img decoding=\"async\" width=\"33\" height=\"33\" src=\"https:\/\/www.fxglobe.com\/wp-content\/uploads\/2022\/09\/orange-ball.svg\" class=\"attachment-full size-full wp-image-1121\" alt=\"\" \/>\t\t\t\t\t\t\t\t\t\t\t\t\t\t\t<\/div>\n\t\t\t\t<\/div>\n\t\t<div class=\"elementor-element elementor-element-ccf0a30 e-con-full e-flex e-con e-child\" data-id=\"ccf0a30\" data-element_type=\"container\" data-e-type=\"container\" data-settings=\"{&quot;background_background&quot;:&quot;classic&quot;}\">\n\t\t\t\t<div class=\"elementor-element elementor-element-7533332 elementor-widget__width-initial elementor-absolute animated-slow elementor-invisible elementor-widget elementor-widget-image\" data-id=\"7533332\" data-element_type=\"widget\" data-e-type=\"widget\" data-settings=\"{&quot;_position&quot;:&quot;absolute&quot;,&quot;_animation&quot;:&quot;fadeInLeft&quot;}\" data-widget_type=\"image.default\">\n\t\t\t\t<div class=\"elementor-widget-container\">\n\t\t\t\t\t\t\t\t\t\t\t\t\t\t\t<img decoding=\"async\" width=\"117\" height=\"153\" src=\"https:\/\/www.fxglobe.com\/wp-content\/uploads\/2022\/09\/Big-ball-left.png\" class=\"attachment-full size-full wp-image-647\" alt=\"\" \/>\t\t\t\t\t\t\t\t\t\t\t\t\t\t\t<\/div>\n\t\t\t\t<\/div>\n\t\t<div class=\"elementor-element elementor-element-e5f8c0b e-con-full e-flex e-con e-child\" data-id=\"e5f8c0b\" data-element_type=\"container\" data-e-type=\"container\">\n\t\t\t\t<div class=\"elementor-element elementor-element-b740344 elementor-widget__width-inherit elementor-widget elementor-widget-heading\" data-id=\"b740344\" data-element_type=\"widget\" data-e-type=\"widget\" data-widget_type=\"heading.default\">\n\t\t\t\t<div class=\"elementor-widget-container\">\n\t\t\t\t\t<h6 class=\"elementor-heading-title elementor-size-default\">Sobre nosotros<\/h6>\t\t\t\t<\/div>\n\t\t\t\t<\/div>\n\t\t\t\t<div class=\"elementor-element elementor-element-fe5e795 elementor-widget__width-inherit elementor-widget elementor-widget-heading\" data-id=\"fe5e795\" data-element_type=\"widget\" data-e-type=\"widget\" data-widget_type=\"heading.default\">\n\t\t\t\t<div class=\"elementor-widget-container\">\n\t\t\t\t\t<h1 class=\"elementor-heading-title elementor-size-default\">Documentos legales<span style=\"color:#DA2D16\">.<\/span><\/h1>\t\t\t\t<\/div>\n\t\t\t\t<\/div>\n\t\t\t\t<\/div>\n\t\t\t\t<\/div>\n\t\t\t\t<\/div>\n\t\t<div class=\"elementor-element elementor-element-6caa244 e-flex e-con-boxed e-con e-parent\" data-id=\"6caa244\" data-element_type=\"container\" data-e-type=\"container\">\n\t\t\t\t\t<div class=\"e-con-inner\">\n\t\t<div class=\"elementor-element elementor-element-8c111e3 e-flex e-con-boxed e-con e-child\" data-id=\"8c111e3\" data-element_type=\"container\" data-e-type=\"container\" data-settings=\"{&quot;background_background&quot;:&quot;classic&quot;}\">\n\t\t\t\t\t<div class=\"e-con-inner\">\n\t\t\t\t<div class=\"elementor-element elementor-element-919de90 elementor-widget__width-inherit elementor-widget elementor-widget-heading\" data-id=\"919de90\" data-element_type=\"widget\" data-e-type=\"widget\" data-widget_type=\"heading.default\">\n\t\t\t\t<div class=\"elementor-widget-container\">\n\t\t\t\t\t<h2 class=\"elementor-heading-title elementor-size-default\">Documentos<span style=\"color:#DA2D16\">.<\/span><\/h2>\t\t\t\t<\/div>\n\t\t\t\t<\/div>\n\t\t\t\t<div class=\"elementor-element elementor-element-35cc106 elementor-widget elementor-widget-text-editor\" data-id=\"35cc106\" data-element_type=\"widget\" data-e-type=\"widget\" data-widget_type=\"text-editor.default\">\n\t\t\t\t<div class=\"elementor-widget-container\">\n\t\t\t\t\t\t\t\t\t<p>Ahora, la parte m\u00e1s aburrida. Aseg\u00farate de entender estos documentos antes de operar. Te sugerimos que te sirvas algo sabroso, pongas los pies en alto y te acomodes para una tarde de lectura.  <\/p><p>Como broker regulado, es importante que entiendas y aceptes estos t\u00e9rminos antes de operar. Si necesitas una copia en papel de la documentaci\u00f3n o si tienes alguna duda o pregunta, ponte en contacto con nosotros. <\/p>\t\t\t\t\t\t\t\t<\/div>\n\t\t\t\t<\/div>\n\t\t\t\t\t<\/div>\n\t\t\t\t<\/div>\n\t\t<div class=\"elementor-element elementor-element-b64b282 e-flex e-con-boxed e-con e-child\" data-id=\"b64b282\" data-element_type=\"container\" data-e-type=\"container\" data-settings=\"{&quot;background_background&quot;:&quot;classic&quot;}\">\n\t\t\t\t\t<div class=\"e-con-inner\">\n\t\t\t\t<div class=\"elementor-element elementor-element-6a39360 elementor-widget elementor-widget-image\" data-id=\"6a39360\" data-element_type=\"widget\" data-e-type=\"widget\" data-widget_type=\"image.default\">\n\t\t\t\t<div class=\"elementor-widget-container\">\n\t\t\t\t\t\t\t\t\t\t\t\t\t\t\t<img fetchpriority=\"high\" decoding=\"async\" width=\"396\" height=\"127\" src=\"https:\/\/www.fxglobe.com\/wp-content\/uploads\/2023\/05\/vfsc-logo.png\" class=\"attachment-full size-full wp-image-13173\" alt=\"\" srcset=\"https:\/\/www.fxglobe.com\/wp-content\/uploads\/2023\/05\/vfsc-logo.png 396w, https:\/\/www.fxglobe.com\/wp-content\/uploads\/2023\/05\/vfsc-logo-300x96.png 300w\" sizes=\"(max-width: 396px) 100vw, 396px\" \/>\t\t\t\t\t\t\t\t\t\t\t\t\t\t\t<\/div>\n\t\t\t\t<\/div>\n\t\t\t\t<div class=\"elementor-element elementor-element-462df13 elementor-widget elementor-widget-text-editor\" data-id=\"462df13\" data-element_type=\"widget\" data-e-type=\"widget\" data-widget_type=\"text-editor.default\">\n\t\t\t\t<div class=\"elementor-widget-container\">\n\t\t\t\t\t\t\t\t\t<p>Comisi\u00f3n de Servicios Financieros de Vanuatu<br>N\u00famero de Registro de Servicios Financieros (FSRN): <a href=\"https:\/\/www.vfsc.vu\/financial-dealers-licensee-list\/\">FSRN700227<\/a><\/p><h3><strong>Detalles de la licencia.<\/strong><\/h3><p>FXGlobe international, FS International Limited con n\u00famero de registro <a href=\"https:\/\/www.vfsc.vu\/financial-dealers-licensee-list\/\">700227<\/a> es una sociedad de responsabilidad limitada registrada en Casa de Socios de Ley, Autopista Kumul, Port Vila, Vanuatu, y autorizada por la VFSC Rep\u00fablica de Vanuatu. FXGLOBE Int. es un nombre comercial que FS International Limited est\u00e1 autorizada a utilizar. FXGLOBE Int. es el nombre comercial que FS International Limited est\u00e1 autorizada a utilizar. <\/p><p>&#8211;  <a href=\"https:\/\/www.fxglobe.com\/wp-content\/uploads\/fsi-client-agreement.pdf\" target=\"_blank\" rel=\"noopener\">Acuerdo con el cliente<\/a><br>&#8211; <g id=\"gid_1\">Pol\u00edtica de cookies<\/g><br>&#8211; <g id=\"gid_2\">Pol\u00edtica de privacidad<\/g><br>&#8211; <a href=\"https:\/\/www.fxglobe.com\/wp-content\/uploads\/fsi-Risk-Disclosure.pdf\" target=\"_blank\" rel=\"noopener\">Declaraci\u00f3n de riesgos<\/a><br>&#8211; <g id=\"gid_4\">Servicio de trading social y servicios PAMM<\/g><br>&#8211; <a href=\"https:\/\/www.fxglobe.com\/wp-content\/uploads\/fsi-KYC-Policy.pdf\" target=\"_blank\" rel=\"noopener\">Pol\u00edtica KYC<\/a><br>&#8211; <g id=\"gid_6\">Pol\u00edtica de gesti\u00f3n de reclamaciones<\/g><br>&#8211; <a href=\"https:\/\/www.fxglobe.com\/wp-content\/uploads\/fsi_bonus-tcs.pdf\" target=\"_blank\" rel=\"noopener\">T\u00e9rminos y condiciones de las bonificaciones de trading y de cr\u00e9dito<\/a><br>&#8211;         <a href=\"https:\/\/www.fxglobe.com\/wp-content\/uploads\/2024\/09\/ba-account-tcs-final_23.09.24.pdf\">T\u00e9rminos y condiciones de la cuenta de operaciones BlackArrow<\/a><\/p>\t\t\t\t\t\t\t\t<\/div>\n\t\t\t\t<\/div>\n\t\t\t\t\t<\/div>\n\t\t\t\t<\/div>\n\t\t<div class=\"elementor-element elementor-element-0c0e4e6 e-flex e-con-boxed e-con e-child\" data-id=\"0c0e4e6\" data-element_type=\"container\" data-e-type=\"container\" data-settings=\"{&quot;background_background&quot;:&quot;classic&quot;}\">\n\t\t\t\t\t<div class=\"e-con-inner\">\n\t\t\t\t<div class=\"elementor-element elementor-element-7ea23b5 elementor-widget elementor-widget-image\" data-id=\"7ea23b5\" data-element_type=\"widget\" data-e-type=\"widget\" data-widget_type=\"image.default\">\n\t\t\t\t<div class=\"elementor-widget-container\">\n\t\t\t\t\t\t\t\t\t\t\t\t\t\t\t<img loading=\"lazy\" decoding=\"async\" width=\"1280\" height=\"279\" src=\"https:\/\/www.fxglobe.com\/wp-content\/uploads\/2023\/05\/FCSA-logo.png\" class=\"attachment-full size-full wp-image-13182\" alt=\"\" srcset=\"https:\/\/www.fxglobe.com\/wp-content\/uploads\/2023\/05\/FCSA-logo.png 1280w, https:\/\/www.fxglobe.com\/wp-content\/uploads\/2023\/05\/FCSA-logo-300x65.png 300w, https:\/\/www.fxglobe.com\/wp-content\/uploads\/2023\/05\/FCSA-logo-1024x223.png 1024w, https:\/\/www.fxglobe.com\/wp-content\/uploads\/2023\/05\/FCSA-logo-768x167.png 768w\" sizes=\"(max-width: 1280px) 100vw, 1280px\" \/>\t\t\t\t\t\t\t\t\t\t\t\t\t\t\t<\/div>\n\t\t\t\t<\/div>\n\t\t\t\t<div class=\"elementor-element elementor-element-aa9e23a elementor-widget elementor-widget-text-editor\" data-id=\"aa9e23a\" data-element_type=\"widget\" data-e-type=\"widget\" data-widget_type=\"text-editor.default\">\n\t\t\t\t<div class=\"elementor-widget-container\">\n\t\t\t\t\t\t\t\t\t<p>Autoridad de Conducta de Servicios Financieros (FSCA) como Proveedor de Servicios Financieros (PSF), <a href=\"https:\/\/www.fsca.co.za\/HTML\/FAIS\/FSPExport.xlsx\">n\u00ba 52045<\/a>, de acuerdo con la Secci\u00f3n 8 de la Ley FAIS.<\/p><h3><strong>Detalles de la licencia  <\/strong><\/h3><p>APLFX (PTY) LTD es una sociedad de responsabilidad limitada registrada en Sud\u00e1frica con el n\u00famero de registro 2021\/804619\/07 APLFX est\u00e1 registrada en Building 1 15 Forest Road Waverley Gauteng 2199, Sud\u00e1frica.<\/p><p>&#8211;  <a class=\"editor-rtfLink\" href=\"https:\/\/www.fxglobe.com\/wp-content\/uploads\/Client_Agreement_APLFX.pdf\" target=\"_blank\" rel=\"noopener\">Client Agreement<\/a><br>&#8211; <a class=\"editor-rtfLink\" href=\"https:\/\/www.fxglobe.com\/wp-content\/uploads\/COOKIES-POLICY-APLFX.pdf\" target=\"_blank\" rel=\"noopener\">Cookies Policy<\/a><br>&#8211; <a class=\"editor-rtfLink\" href=\"https:\/\/www.fxglobe.com\/wp-content\/uploads\/privacy-policy-APLFX.pdf\" target=\"_blank\" rel=\"noopener\">Privacy Policy<\/a><br>&#8211; <a class=\"editor-rtfLink\" href=\"https:\/\/www.fxglobe.com\/wp-content\/uploads\/RISK-DISCLOSURE-APLFX.pdf\" target=\"_blank\" rel=\"noopener\">Risk Disclosure<\/a><br>&#8211; <a class=\"editor-rtfLink\" href=\"https:\/\/www.fxglobe.com\/wp-content\/uploads\/Conflict-of-interest-Policy-APLFX.pdf\" target=\"_blank\" rel=\"noopener\">Conflict of Interest Policy<\/a><br>&#8211; <a class=\"editor-rtfLink\" href=\"https:\/\/www.fxglobe.com\/wp-content\/uploads\/Complaints-Policy-APLFX.pdf\" target=\"_blank\" rel=\"noopener\">Complaints Policy<\/a><br>&#8211; <a class=\"editor-rtfLink\" href=\"https:\/\/www.fxglobe.com\/wp-content\/uploads\/TCF-Policy-APLFX.pdf\" target=\"_blank\" rel=\"noopener\">TCF Policy<\/a><br>&#8211; <a class=\"editor-rtfLink\" href=\"https:\/\/www.fxglobe.com\/wp-content\/uploads\/PAIA-APLFX.pdf\" target=\"_blank\" rel=\"noopener\">Paia Manual<\/a><br>&#8211; <a class=\"editor-rtfLink\" href=\"https:\/\/www.fxglobe.com\/wp-content\/uploads\/WEB-Disclaimer-APLFX.pdf\" target=\"_blank\" rel=\"noopener\">Descargo de responsabilidad del sitio web<\/a><\/p>\t\t\t\t\t\t\t\t<\/div>\n\t\t\t\t<\/div>\n\t\t\t\t\t<\/div>\n\t\t\t\t<\/div>\n\t\t<div class=\"elementor-element elementor-element-8da091f e-flex e-con-boxed e-con e-child\" data-id=\"8da091f\" data-element_type=\"container\" data-e-type=\"container\" data-settings=\"{&quot;background_background&quot;:&quot;classic&quot;}\">\n\t\t\t\t\t<div class=\"e-con-inner\">\n\t\t\t\t<div class=\"elementor-element elementor-element-8956187 elementor-widget__width-inherit elementor-widget elementor-widget-heading\" data-id=\"8956187\" data-element_type=\"widget\" data-e-type=\"widget\" data-widget_type=\"heading.default\">\n\t\t\t\t<div class=\"elementor-widget-container\">\n\t\t\t\t\t<h2 class=\"elementor-heading-title elementor-size-default\">Seguridad de los fondos de los clientes<span style=\"color:#DA2D16\">.<\/span><\/h2>\t\t\t\t<\/div>\n\t\t\t\t<\/div>\n\t\t\t\t<div class=\"elementor-element elementor-element-dfdc7bb elementor-widget elementor-widget-text-editor\" data-id=\"dfdc7bb\" data-element_type=\"widget\" data-e-type=\"widget\" data-widget_type=\"text-editor.default\">\n\t\t\t\t<div class=\"elementor-widget-container\">\n\t\t\t\t\t\t\t\t\t<p>La seguridad y la accesibilidad de tus fondos son realmente importantes para nosotros. Utilizamos numerosos proveedores de servicios de pago e instituciones con fines de segregaci\u00f3n y diversificaci\u00f3n. <\/p><p>Nuestros fondos (de la empresa) y los suyos (del cliente) est\u00e1n separados para tu protecci\u00f3n y seguridad.<\/p>\t\t\t\t\t\t\t\t<\/div>\n\t\t\t\t<\/div>\n\t\t\t\t\t<\/div>\n\t\t\t\t<\/div>\n\t\t\t\t\t<\/div>\n\t\t\t\t<\/div>\n\t\t\t\t<\/div>\n\t\t","protected":false},"excerpt":{"rendered":"<p>Sobre nosotros Documentos legales. Documentos. Ahora, la parte m\u00e1s aburrida. Aseg\u00farate de entender estos documentos antes de operar. Te sugerimos que te sirvas algo sabroso, pongas los pies en alto y te acomodes para una tarde de lectura. Como broker regulado, es importante que entiendas y aceptes estos t\u00e9rminos antes de operar. Si necesitas una [&hellip;]<\/p>\n","protected":false},"author":13,"featured_media":0,"parent":4771,"menu_order":0,"comment_status":"closed","ping_status":"closed","template":"","meta":{"_acf_changed":false,"_seopress_robots_primary_cat":"","_seopress_titles_title":"Documentos legales | Plataforma de negociaci\u00f3n FXGlobe","_seopress_titles_desc":"La plataforma de negociaci\u00f3n FXGlobe es una plataforma de negociaci\u00f3n internacional para divisas, \u00edndices y acciones.","_seopress_robots_index":"","footnotes":"","_links_to":"","_links_to_target":""},"class_list":["post-4793","page","type-page","status-publish","hentry"],"acf":[],"_links":{"self":[{"href":"https:\/\/www.fxglobe.com\/es\/wp-json\/wp\/v2\/pages\/4793","targetHints":{"allow":["GET"]}}],"collection":[{"href":"https:\/\/www.fxglobe.com\/es\/wp-json\/wp\/v2\/pages"}],"about":[{"href":"https:\/\/www.fxglobe.com\/es\/wp-json\/wp\/v2\/types\/page"}],"author":[{"embeddable":true,"href":"https:\/\/www.fxglobe.com\/es\/wp-json\/wp\/v2\/users\/13"}],"replies":[{"embeddable":true,"href":"https:\/\/www.fxglobe.com\/es\/wp-json\/wp\/v2\/comments?post=4793"}],"version-history":[{"count":0,"href":"https:\/\/www.fxglobe.com\/es\/wp-json\/wp\/v2\/pages\/4793\/revisions"}],"up":[{"embeddable":true,"href":"https:\/\/www.fxglobe.com\/es\/wp-json\/wp\/v2\/pages\/4771"}],"wp:attachment":[{"href":"https:\/\/www.fxglobe.com\/es\/wp-json\/wp\/v2\/media?parent=4793"}],"curies":[{"name":"wp","href":"https:\/\/api.w.org\/{rel}","templated":true}]}}