{"id":41175,"date":"2023-11-24T14:28:41","date_gmt":"2023-11-24T14:28:41","guid":{"rendered":"https:\/\/fxglobe.wpenginepowered.com\/inscription-des-partenaires\/"},"modified":"2024-09-24T16:25:51","modified_gmt":"2024-09-24T16:25:51","slug":"inscription-des-partenaires","status":"publish","type":"page","link":"https:\/\/www.fxglobe.com\/fr\/inscription-des-partenaires\/","title":{"rendered":"Inscription des partenaires"},"content":{"rendered":"\t\t<div data-elementor-type=\"wp-page\" data-elementor-id=\"41175\" class=\"elementor elementor-41175 elementor-5690\" data-elementor-post-type=\"page\">\n\t\t\t\t<div class=\"elementor-element elementor-element-19e726a7 e-con-full e-flex e-con e-parent\" data-id=\"19e726a7\" data-element_type=\"container\" data-e-type=\"container\">\n\t\t\t\t<div class=\"elementor-element elementor-element-5acf9804 elementor-absolute elementor-hidden-mobile elementor-invisible elementor-widget elementor-widget-image\" data-id=\"5acf9804\" data-element_type=\"widget\" data-e-type=\"widget\" data-settings=\"{&quot;_position&quot;:&quot;absolute&quot;,&quot;motion_fx_motion_fx_mouse&quot;:&quot;yes&quot;,&quot;motion_fx_mouseTrack_effect&quot;:&quot;yes&quot;,&quot;motion_fx_mouseTrack_speed&quot;:{&quot;unit&quot;:&quot;px&quot;,&quot;size&quot;:0.2,&quot;sizes&quot;:[]},&quot;_animation&quot;:&quot;zoomIn&quot;}\" data-widget_type=\"image.default\">\n\t\t\t\t<div class=\"elementor-widget-container\">\n\t\t\t\t\t\t\t\t\t\t\t\t\t\t\t<img decoding=\"async\" width=\"33\" height=\"33\" src=\"https:\/\/www.fxglobe.com\/wp-content\/uploads\/2022\/09\/orange-ball.svg\" class=\"attachment-full size-full wp-image-1117\" alt=\"\" \/>\t\t\t\t\t\t\t\t\t\t\t\t\t\t\t<\/div>\n\t\t\t\t<\/div>\n\t\t<div class=\"elementor-element elementor-element-237e3fe9 e-con-full e-flex e-con e-child\" data-id=\"237e3fe9\" data-element_type=\"container\" data-e-type=\"container\" data-settings=\"{&quot;background_background&quot;:&quot;classic&quot;}\">\n\t\t\t\t<div class=\"elementor-element elementor-element-6afc558b elementor-widget__width-initial elementor-absolute animated-slow elementor-invisible elementor-widget elementor-widget-image\" data-id=\"6afc558b\" data-element_type=\"widget\" data-e-type=\"widget\" data-settings=\"{&quot;_position&quot;:&quot;absolute&quot;,&quot;_animation&quot;:&quot;fadeInLeft&quot;}\" data-widget_type=\"image.default\">\n\t\t\t\t<div class=\"elementor-widget-container\">\n\t\t\t\t\t\t\t\t\t\t\t\t\t\t\t<img decoding=\"async\" width=\"117\" height=\"153\" src=\"https:\/\/www.fxglobe.com\/wp-content\/uploads\/2022\/09\/Big-ball-left.png\" class=\"attachment-full size-full wp-image-643\" alt=\"\" \/>\t\t\t\t\t\t\t\t\t\t\t\t\t\t\t<\/div>\n\t\t\t\t<\/div>\n\t\t<div class=\"elementor-element elementor-element-6454afee e-con-full e-flex e-con e-child\" data-id=\"6454afee\" data-element_type=\"container\" data-e-type=\"container\">\n\t\t\t\t<div class=\"elementor-element elementor-element-55c0cf77 elementor-widget__width-inherit elementor-widget elementor-widget-heading\" data-id=\"55c0cf77\" data-element_type=\"widget\" data-e-type=\"widget\" data-widget_type=\"heading.default\">\n\t\t\t\t<div class=\"elementor-widget-container\">\n\t\t\t\t\t<h6 class=\"elementor-heading-title elementor-size-default\">Registre<\/h6>\t\t\t\t<\/div>\n\t\t\t\t<\/div>\n\t\t\t\t<div class=\"elementor-element elementor-element-5bece4d5 elementor-widget__width-inherit elementor-widget elementor-widget-heading\" data-id=\"5bece4d5\" data-element_type=\"widget\" data-e-type=\"widget\" data-widget_type=\"heading.default\">\n\t\t\t\t<div class=\"elementor-widget-container\">\n\t\t\t\t\t<h1 class=\"elementor-heading-title elementor-size-default\">Inscription des partenaires<span style=\"color:#DA2D16\">.<\/span><\/h1>\t\t\t\t<\/div>\n\t\t\t\t<\/div>\n\t\t\t\t<div class=\"elementor-element elementor-element-19b762f9 elementor-widget elementor-widget-text-editor\" data-id=\"19b762f9\" data-element_type=\"widget\" data-e-type=\"widget\" data-widget_type=\"text-editor.default\">\n\t\t\t\t<div class=\"elementor-widget-container\">\n\t\t\t\t\t\t\t\t\t<p>Vous nous connaissez d\u00e9j\u00e0, il est donc temps que nous apprenions \u00e0 vous conna\u00eetre ! Pour \u00eatre pris en compte dans le programme de partenariat de FXGlobe, veuillez nous parler de vous.<\/p>\n\t\t\t\t\t\t\t\t<\/div>\n\t\t\t\t<\/div>\n\t\t\t\t<\/div>\n\t\t\t\t<\/div>\n\t\t\t\t<\/div>\n\t\t<div class=\"elementor-element elementor-element-50a65982 e-flex e-con-boxed e-con e-parent\" data-id=\"50a65982\" data-element_type=\"container\" data-e-type=\"container\">\n\t\t\t\t\t<div class=\"e-con-inner\">\n\t\t<div class=\"elementor-element elementor-element-5a47c884 e-con-full e-flex e-con e-child\" data-id=\"5a47c884\" data-element_type=\"container\" data-e-type=\"container\" data-settings=\"{&quot;background_background&quot;:&quot;classic&quot;}\">\n\t\t\t\t<div class=\"elementor-element elementor-element-3d996200 elementor-button-align-stretch elementor-widget elementor-widget-form\" data-id=\"3d996200\" data-element_type=\"widget\" data-e-type=\"widget\" data-settings=\"{&quot;step_next_label&quot;:&quot;Suivant&quot;,&quot;step_previous_label&quot;:&quot;Retour&quot;,&quot;button_width&quot;:&quot;100&quot;,&quot;step_type&quot;:&quot;number_text&quot;,&quot;step_icon_shape&quot;:&quot;circle&quot;}\" data-widget_type=\"form.default\">\n\t\t\t\t<div class=\"elementor-widget-container\">\n\t\t\t\t\t\t\t<form class=\"elementor-form\" method=\"post\" name=\"Inscription des partenaires IO\" aria-label=\"Inscription des partenaires IO\">\n\t\t\t<input type=\"hidden\" name=\"post_id\" value=\"41175\"\/>\n\t\t\t<input type=\"hidden\" name=\"form_id\" value=\"3d996200\"\/>\n\t\t\t<input type=\"hidden\" name=\"referer_title\" value=\"Inscription des partenaires\" \/>\n\n\t\t\t\t\t\t\t<input type=\"hidden\" name=\"queried_id\" value=\"41175\"\/>\n\t\t\t\n\t\t\t<div class=\"elementor-form-fields-wrapper elementor-labels-above\">\n\t\t\t\t\t\t\t\t<div class=\"elementor-field-type-step elementor-field-group elementor-column elementor-field-group-field_95a478c elementor-col-100\">\n\t\t\t\t\t\t\t<div class=\"e-field-step elementor-hidden\" data-label=\"\" data-previousButton=\"\" data-nextButton=\"\" data-iconUrl=\"\" data-iconLibrary=\"fas fa-star\" data-icon=\"\" ><\/div>\n\n\t\t\t\t\t\t<\/div>\n\t\t\t\t\t\t\t\t<div class=\"elementor-field-type-text elementor-field-group elementor-column elementor-field-group-f_name elementor-col-50 elementor-field-required\">\n\t\t\t\t\t\t\t\t\t\t\t\t<label for=\"form-field-f_name\" class=\"elementor-field-label\">\n\t\t\t\t\t\t\t\tPr\u00e9nom\t\t\t\t\t\t\t<\/label>\n\t\t\t\t\t\t\t\t\t\t\t\t\t\t<input size=\"1\" type=\"text\" name=\"form_fields[f_name]\" id=\"form-field-f_name\" class=\"elementor-field elementor-size-sm  elementor-field-textual\" placeholder=\"Pr\u00e9nom\" required=\"required\">\n\t\t\t\t\t\t\t\t\t\t\t<\/div>\n\t\t\t\t\t\t\t\t<div class=\"elementor-field-type-text elementor-field-group elementor-column elementor-field-group-l_name elementor-col-50 elementor-field-required\">\n\t\t\t\t\t\t\t\t\t\t\t\t<label for=\"form-field-l_name\" class=\"elementor-field-label\">\n\t\t\t\t\t\t\t\tNom\t\t\t\t\t\t\t<\/label>\n\t\t\t\t\t\t\t\t\t\t\t\t\t\t<input size=\"1\" type=\"text\" name=\"form_fields[l_name]\" id=\"form-field-l_name\" class=\"elementor-field elementor-size-sm  elementor-field-textual\" placeholder=\"Nom\" required=\"required\">\n\t\t\t\t\t\t\t\t\t\t\t<\/div>\n\t\t\t\t\t\t\t\t<div class=\"elementor-field-type-text elementor-field-group elementor-column elementor-field-group-phone elementor-col-50 elementor-field-required\">\n\t\t\t\t\t\t\t\t\t\t\t\t<label for=\"form-field-phone\" class=\"elementor-field-label\">\n\t\t\t\t\t\t\t\tNum\u00e9ro de t\u00e9l\u00e9phone\t\t\t\t\t\t\t<\/label>\n\t\t\t\t\t\t\t\t\t\t\t\t\t\t<input size=\"1\" type=\"text\" name=\"form_fields[phone]\" id=\"form-field-phone\" class=\"elementor-field elementor-size-sm  elementor-field-textual\" placeholder=\"Num\u00e9ro de t\u00e9l\u00e9phone\" required=\"required\">\n\t\t\t\t\t\t\t\t\t\t\t<\/div>\n\t\t\t\t\t\t\t\t<div class=\"elementor-field-type-email elementor-field-group elementor-column elementor-field-group-email elementor-col-50 elementor-field-required\">\n\t\t\t\t\t\t\t\t\t\t\t\t<label for=\"form-field-email\" class=\"elementor-field-label\">\n\t\t\t\t\t\t\t\tE-mail\t\t\t\t\t\t\t<\/label>\n\t\t\t\t\t\t\t\t\t\t\t\t\t\t<input size=\"1\" type=\"email\" name=\"form_fields[email]\" id=\"form-field-email\" class=\"elementor-field elementor-size-sm  elementor-field-textual\" placeholder=\"votre E-mail\" required=\"required\">\n\t\t\t\t\t\t\t\t\t\t\t<\/div>\n\t\t\t\t\t\t\t\t<div class=\"elementor-field-type-text elementor-field-group elementor-column elementor-field-group-field_da42eab elementor-col-100 elementor-field-required\">\n\t\t\t\t\t\t\t\t\t\t\t\t<label for=\"form-field-field_da42eab\" class=\"elementor-field-label\">\n\t\t\t\t\t\t\t\tPays de r\u00e9sidence\t\t\t\t\t\t\t<\/label>\n\t\t\t\t\t\t\t\t\t\t\t\t\t\t<input size=\"1\" type=\"text\" name=\"form_fields[field_da42eab]\" id=\"form-field-field_da42eab\" class=\"elementor-field elementor-size-sm  elementor-field-textual\" placeholder=\"Pays\" required=\"required\">\n\t\t\t\t\t\t\t\t\t\t\t<\/div>\n\t\t\t\t\t\t\t\t<div class=\"elementor-field-type-text elementor-field-group elementor-column elementor-field-group-field_3201110 elementor-col-100 elementor-field-required\">\n\t\t\t\t\t\t\t\t\t\t\t\t<label for=\"form-field-field_3201110\" class=\"elementor-field-label\">\n\t\t\t\t\t\t\t\tDepuis combien de temps \u00eates-vous un IB actif ?\t\t\t\t\t\t\t<\/label>\n\t\t\t\t\t\t\t\t\t\t\t\t\t\t<input size=\"1\" type=\"text\" name=\"form_fields[field_3201110]\" id=\"form-field-field_3201110\" class=\"elementor-field elementor-size-sm  elementor-field-textual\" placeholder=\"5 ans\" required=\"required\">\n\t\t\t\t\t\t\t\t\t\t\t<\/div>\n\t\t\t\t\t\t\t\t<div class=\"elementor-field-type-text elementor-field-group elementor-column elementor-field-group-field_6510771 elementor-col-70 elementor-field-required\">\n\t\t\t\t\t\t\t\t\t\t\t\t<label for=\"form-field-field_6510771\" class=\"elementor-field-label\">\n\t\t\t\t\t\t\t\tAvec qui travaillez-vous actuellement ?\t\t\t\t\t\t\t<\/label>\n\t\t\t\t\t\t\t\t\t\t\t\t\t\t<input size=\"1\" type=\"text\" name=\"form_fields[field_6510771]\" id=\"form-field-field_6510771\" class=\"elementor-field elementor-size-sm  elementor-field-textual\" placeholder=\"Tapez ici...\" required=\"required\">\n\t\t\t\t\t\t\t\t\t\t\t<\/div>\n\t\t\t\t\t\t\t\t<div class=\"elementor-field-type-text elementor-field-group elementor-column elementor-field-group-field_5f88f01 elementor-col-30 elementor-field-required\">\n\t\t\t\t\t\t\t\t\t\t\t\t<label for=\"form-field-field_5f88f01\" class=\"elementor-field-label\">\n\t\t\t\t\t\t\t\tPendant combien de temps ?\t\t\t\t\t\t\t<\/label>\n\t\t\t\t\t\t\t\t\t\t\t\t\t\t<input size=\"1\" type=\"text\" name=\"form_fields[field_5f88f01]\" id=\"form-field-field_5f88f01\" class=\"elementor-field elementor-size-sm  elementor-field-textual\" placeholder=\"3 ans\" required=\"required\">\n\t\t\t\t\t\t\t\t\t\t\t<\/div>\n\t\t\t\t\t\t\t\t<div class=\"elementor-field-type-text elementor-field-group elementor-column elementor-field-group-field_9c2ad54 elementor-col-100 elementor-field-required\">\n\t\t\t\t\t\t\t\t\t\t\t\t<label for=\"form-field-field_9c2ad54\" class=\"elementor-field-label\">\n\t\t\t\t\t\t\t\tDans quelles r\u00e9gions g\u00e9ographiques op\u00e9rez-vous ?\t\t\t\t\t\t\t<\/label>\n\t\t\t\t\t\t\t\t\t\t\t\t\t\t<input size=\"1\" type=\"text\" name=\"form_fields[field_9c2ad54]\" id=\"form-field-field_9c2ad54\" class=\"elementor-field elementor-size-sm  elementor-field-textual\" placeholder=\"Tapez ici...\" required=\"required\">\n\t\t\t\t\t\t\t\t\t\t\t<\/div>\n\t\t\t\t\t\t\t\t<div class=\"elementor-field-type-text elementor-field-group elementor-column elementor-field-group-field_cdc4c61 elementor-col-50 elementor-field-required\">\n\t\t\t\t\t\t\t\t\t\t\t\t<label for=\"form-field-field_cdc4c61\" class=\"elementor-field-label\">\n\t\t\t\t\t\t\t\tCombien de nouveaux clients pouvez-vous introduire par mois ? (pistes)\t\t\t\t\t\t\t<\/label>\n\t\t\t\t\t\t\t\t\t\t\t\t\t\t<input size=\"1\" type=\"text\" name=\"form_fields[field_cdc4c61]\" id=\"form-field-field_cdc4c61\" class=\"elementor-field elementor-size-sm  elementor-field-textual\" placeholder=\"Tapez ici...\" required=\"required\">\n\t\t\t\t\t\t\t\t\t\t\t<\/div>\n\t\t\t\t\t\t\t\t<div class=\"elementor-field-type-text elementor-field-group elementor-column elementor-field-group-field_979acb8 elementor-col-50 elementor-field-required\">\n\t\t\t\t\t\t\t\t\t\t\t\t<label for=\"form-field-field_979acb8\" class=\"elementor-field-label\">\n\t\t\t\t\t\t\t\tCombien de nouveaux clients ACTIFS introduisez-vous actuellement par mois ? (Clients d\u00e9posants)\t\t\t\t\t\t\t<\/label>\n\t\t\t\t\t\t\t\t\t\t\t\t\t\t<input size=\"1\" type=\"text\" name=\"form_fields[field_979acb8]\" id=\"form-field-field_979acb8\" class=\"elementor-field elementor-size-sm  elementor-field-textual\" placeholder=\"Tapez ici...\" required=\"required\">\n\t\t\t\t\t\t\t\t\t\t\t<\/div>\n\t\t\t\t\t\t\t\t<div class=\"elementor-field-type-step elementor-field-group elementor-column elementor-field-group-field_c170356 elementor-col-100\">\n\t\t\t\t\t\t\t<div class=\"e-field-step elementor-hidden\" data-label=\"\" data-previousButton=\"\" data-nextButton=\"\" data-iconUrl=\"\" data-iconLibrary=\"fas fa-star\" data-icon=\"\" ><\/div>\n\n\t\t\t\t\t\t<\/div>\n\t\t\t\t\t\t\t\t<div class=\"elementor-field-type-textarea elementor-field-group elementor-column elementor-field-group-message elementor-col-100 elementor-field-required\">\n\t\t\t\t\t\t\t\t\t\t\t\t<label for=\"form-field-message\" class=\"elementor-field-label\">\n\t\t\t\t\t\t\t\tComment allez-vous promouvoir FXGlobe ?\t\t\t\t\t\t\t<\/label>\n\t\t\t\t\t\t<textarea class=\"elementor-field-textual elementor-field  elementor-size-sm\" name=\"form_fields[message]\" id=\"form-field-message\" rows=\"3\" placeholder=\"Tapez ici...\" required=\"required\"><\/textarea>\t\t\t\t<\/div>\n\t\t\t\t\t\t\t\t<div class=\"elementor-field-type-html elementor-field-group elementor-column elementor-field-group-field_a275adf elementor-col-100\">\n\t\t\t\t\tVeuillez \u00e9num\u00e9rer ci-dessous les canaux que vous utilisez :\t\t\t\t<\/div>\n\t\t\t\t\t\t\t\t<div class=\"elementor-field-type-url elementor-field-group elementor-column elementor-field-group-field_71481c8 elementor-col-33\">\n\t\t\t\t\t\t\t\t\t\t\t\t<label for=\"form-field-field_71481c8\" class=\"elementor-field-label\">\n\t\t\t\t\t\t\t\tFacebook :\t\t\t\t\t\t\t<\/label>\n\t\t\t\t\t\t\t\t\t\t\t\t\t\t<input size=\"1\" type=\"url\" name=\"form_fields[field_71481c8]\" id=\"form-field-field_71481c8\" class=\"elementor-field elementor-size-sm  elementor-field-textual\">\n\t\t\t\t\t\t\t\t\t\t\t<\/div>\n\t\t\t\t\t\t\t\t<div class=\"elementor-field-type-url elementor-field-group elementor-column elementor-field-group-field_b2a5c8c elementor-col-33\">\n\t\t\t\t\t\t\t\t\t\t\t\t<label for=\"form-field-field_b2a5c8c\" class=\"elementor-field-label\">\n\t\t\t\t\t\t\t\tTwitter :\t\t\t\t\t\t\t<\/label>\n\t\t\t\t\t\t\t\t\t\t\t\t\t\t<input size=\"1\" type=\"url\" name=\"form_fields[field_b2a5c8c]\" id=\"form-field-field_b2a5c8c\" class=\"elementor-field elementor-size-sm  elementor-field-textual\">\n\t\t\t\t\t\t\t\t\t\t\t<\/div>\n\t\t\t\t\t\t\t\t<div class=\"elementor-field-type-url elementor-field-group elementor-column elementor-field-group-field_8f51189 elementor-col-33\">\n\t\t\t\t\t\t\t\t\t\t\t\t<label for=\"form-field-field_8f51189\" class=\"elementor-field-label\">\n\t\t\t\t\t\t\t\tYouTube :\t\t\t\t\t\t\t<\/label>\n\t\t\t\t\t\t\t\t\t\t\t\t\t\t<input size=\"1\" type=\"url\" name=\"form_fields[field_8f51189]\" id=\"form-field-field_8f51189\" class=\"elementor-field elementor-size-sm  elementor-field-textual\">\n\t\t\t\t\t\t\t\t\t\t\t<\/div>\n\t\t\t\t\t\t\t\t<div class=\"elementor-field-type-url elementor-field-group elementor-column elementor-field-group-field_cf0cfa6 elementor-col-33\">\n\t\t\t\t\t\t\t\t\t\t\t\t<label for=\"form-field-field_cf0cfa6\" class=\"elementor-field-label\">\n\t\t\t\t\t\t\t\tInstagram :\t\t\t\t\t\t\t<\/label>\n\t\t\t\t\t\t\t\t\t\t\t\t\t\t<input size=\"1\" type=\"url\" name=\"form_fields[field_cf0cfa6]\" id=\"form-field-field_cf0cfa6\" class=\"elementor-field elementor-size-sm  elementor-field-textual\">\n\t\t\t\t\t\t\t\t\t\t\t<\/div>\n\t\t\t\t\t\t\t\t<div class=\"elementor-field-type-url elementor-field-group elementor-column elementor-field-group-field_021fee7 elementor-col-33\">\n\t\t\t\t\t\t\t\t\t\t\t\t<label for=\"form-field-field_021fee7\" class=\"elementor-field-label\">\n\t\t\t\t\t\t\t\tT\u00e9l\u00e9gramme :\t\t\t\t\t\t\t<\/label>\n\t\t\t\t\t\t\t\t\t\t\t\t\t\t<input size=\"1\" type=\"url\" name=\"form_fields[field_021fee7]\" id=\"form-field-field_021fee7\" class=\"elementor-field elementor-size-sm  elementor-field-textual\">\n\t\t\t\t\t\t\t\t\t\t\t<\/div>\n\t\t\t\t\t\t\t\t<div class=\"elementor-field-type-url elementor-field-group elementor-column elementor-field-group-field_cc2707c elementor-col-33\">\n\t\t\t\t\t\t\t\t\t\t\t\t<label for=\"form-field-field_cc2707c\" class=\"elementor-field-label\">\n\t\t\t\t\t\t\t\tQQ :\t\t\t\t\t\t\t<\/label>\n\t\t\t\t\t\t\t\t\t\t\t\t\t\t<input size=\"1\" type=\"url\" name=\"form_fields[field_cc2707c]\" id=\"form-field-field_cc2707c\" class=\"elementor-field elementor-size-sm  elementor-field-textual\">\n\t\t\t\t\t\t\t\t\t\t\t<\/div>\n\t\t\t\t\t\t\t\t<div class=\"elementor-field-type-url elementor-field-group elementor-column elementor-field-group-field_d2a5263 elementor-col-33\">\n\t\t\t\t\t\t\t\t\t\t\t\t<label for=\"form-field-field_d2a5263\" class=\"elementor-field-label\">\n\t\t\t\t\t\t\t\tWeChat :\t\t\t\t\t\t\t<\/label>\n\t\t\t\t\t\t\t\t\t\t\t\t\t\t<input size=\"1\" type=\"url\" name=\"form_fields[field_d2a5263]\" id=\"form-field-field_d2a5263\" class=\"elementor-field elementor-size-sm  elementor-field-textual\">\n\t\t\t\t\t\t\t\t\t\t\t<\/div>\n\t\t\t\t\t\t\t\t<div class=\"elementor-field-type-url elementor-field-group elementor-column elementor-field-group-field_60d778f elementor-col-33\">\n\t\t\t\t\t\t\t\t\t\t\t\t<label for=\"form-field-field_60d778f\" class=\"elementor-field-label\">\n\t\t\t\t\t\t\t\tDiscord :\t\t\t\t\t\t\t<\/label>\n\t\t\t\t\t\t\t\t\t\t\t\t\t\t<input size=\"1\" type=\"url\" name=\"form_fields[field_60d778f]\" id=\"form-field-field_60d778f\" class=\"elementor-field elementor-size-sm  elementor-field-textual\">\n\t\t\t\t\t\t\t\t\t\t\t<\/div>\n\t\t\t\t\t\t\t\t<div class=\"elementor-field-type-url elementor-field-group elementor-column elementor-field-group-field_35ca6f0 elementor-col-33\">\n\t\t\t\t\t\t\t\t\t\t\t\t<label for=\"form-field-field_35ca6f0\" class=\"elementor-field-label\">\n\t\t\t\t\t\t\t\tSite web :\t\t\t\t\t\t\t<\/label>\n\t\t\t\t\t\t\t\t\t\t\t\t\t\t<input size=\"1\" type=\"url\" name=\"form_fields[field_35ca6f0]\" id=\"form-field-field_35ca6f0\" class=\"elementor-field elementor-size-sm  elementor-field-textual\">\n\t\t\t\t\t\t\t\t\t\t\t<\/div>\n\t\t\t\t\t\t\t\t<div class=\"elementor-field-type-textarea elementor-field-group elementor-column elementor-field-group-field_5318120 elementor-col-100\">\n\t\t\t\t\t\t\t\t\t\t\t\t<label for=\"form-field-field_5318120\" class=\"elementor-field-label\">\n\t\t\t\t\t\t\t\tAutre :\t\t\t\t\t\t\t<\/label>\n\t\t\t\t\t\t<textarea class=\"elementor-field-textual elementor-field  elementor-size-sm\" name=\"form_fields[field_5318120]\" id=\"form-field-field_5318120\" rows=\"1\"><\/textarea>\t\t\t\t<\/div>\n\t\t\t\t\t\t\t\t<div class=\"elementor-field-type-step elementor-field-group elementor-column elementor-field-group-field_e19c180 elementor-col-100\">\n\t\t\t\t\t\t\t<div class=\"e-field-step elementor-hidden\" data-label=\"\" data-previousButton=\"\" data-nextButton=\"\" data-iconUrl=\"\" data-iconLibrary=\"fas fa-star\" data-icon=\"\" ><\/div>\n\n\t\t\t\t\t\t<\/div>\n\t\t\t\t\t\t\t\t<div class=\"elementor-field-type-textarea elementor-field-group elementor-column elementor-field-group-field_13c528b elementor-col-100\">\n\t\t\t\t\t\t\t\t\t\t\t\t<label for=\"form-field-field_13c528b\" class=\"elementor-field-label\">\n\t\t\t\t\t\t\t\tQue souhaitez-vous ajouter ? Veuillez utiliser l'espace ci-dessous\t\t\t\t\t\t\t<\/label>\n\t\t\t\t\t\t<textarea class=\"elementor-field-textual elementor-field  elementor-size-sm\" name=\"form_fields[field_13c528b]\" id=\"form-field-field_13c528b\" rows=\"6\" placeholder=\"Votre message...\"><\/textarea>\t\t\t\t<\/div>\n\t\t\t\t\t\t\t\t<div class=\"elementor-field-group elementor-column elementor-field-type-submit elementor-col-100 e-form__buttons\">\n\t\t\t\t\t<button class=\"elementor-button elementor-size-sm\" type=\"submit\">\n\t\t\t\t\t\t<span class=\"elementor-button-content-wrapper\">\n\t\t\t\t\t\t\t\t\t\t\t\t\t\t\t\t\t\t\t\t\t\t<span class=\"elementor-button-text\">SOUMETTRE<\/span>\n\t\t\t\t\t\t\t\t\t\t\t\t\t<\/span>\n\t\t\t\t\t<\/button>\n\t\t\t\t<\/div>\n\t\t\t<\/div>\n\t\t<\/form>\n\t\t\t\t\t\t<\/div>\n\t\t\t\t<\/div>\n\t\t\t\t<\/div>\n\t\t\t\t\t<\/div>\n\t\t\t\t<\/div>\n\t\t\t\t<\/div>\n\t\t","protected":false},"excerpt":{"rendered":"<p>Registre Inscription des partenaires. Vous nous connaissez d\u00e9j\u00e0, il est donc temps que nous apprenions \u00e0 vous conna\u00eetre ! Pour \u00eatre pris en compte dans le programme de partenariat de FXGlobe, veuillez nous parler de vous.<\/p>\n","protected":false},"author":13,"featured_media":0,"parent":0,"menu_order":0,"comment_status":"closed","ping_status":"closed","template":"","meta":{"_acf_changed":false,"_seopress_robots_primary_cat":"","_seopress_titles_title":"","_seopress_titles_desc":"","_seopress_robots_index":"","footnotes":"","_links_to":"","_links_to_target":""},"class_list":["post-41175","page","type-page","status-publish","hentry"],"acf":[],"_links":{"self":[{"href":"https:\/\/www.fxglobe.com\/fr\/wp-json\/wp\/v2\/pages\/41175","targetHints":{"allow":["GET"]}}],"collection":[{"href":"https:\/\/www.fxglobe.com\/fr\/wp-json\/wp\/v2\/pages"}],"about":[{"href":"https:\/\/www.fxglobe.com\/fr\/wp-json\/wp\/v2\/types\/page"}],"author":[{"embeddable":true,"href":"https:\/\/www.fxglobe.com\/fr\/wp-json\/wp\/v2\/users\/13"}],"replies":[{"embeddable":true,"href":"https:\/\/www.fxglobe.com\/fr\/wp-json\/wp\/v2\/comments?post=41175"}],"version-history":[{"count":0,"href":"https:\/\/www.fxglobe.com\/fr\/wp-json\/wp\/v2\/pages\/41175\/revisions"}],"wp:attachment":[{"href":"https:\/\/www.fxglobe.com\/fr\/wp-json\/wp\/v2\/media?parent=41175"}],"curies":[{"name":"wp","href":"https:\/\/api.w.org\/{rel}","templated":true}]}}