{"id":4399,"date":"2022-09-21T12:29:21","date_gmt":"2022-09-21T12:29:21","guid":{"rendered":"https:\/\/fxglobe.wpenginepowered.com\/tutoriels-video\/"},"modified":"2024-05-22T09:14:10","modified_gmt":"2024-05-22T09:14:10","slug":"tutoriels-video","status":"publish","type":"page","link":"https:\/\/www.fxglobe.com\/fr\/academie-fx-globe\/tutoriels-video\/","title":{"rendered":"Tutoriels vid\u00e9o"},"content":{"rendered":"\t\t<div data-elementor-type=\"wp-page\" data-elementor-id=\"4399\" class=\"elementor elementor-4399\" data-elementor-post-type=\"page\">\n\t\t\t\t<div class=\"elementor-element elementor-element-0238642 e-con-full e-flex e-con e-parent\" data-id=\"0238642\" data-element_type=\"container\" data-e-type=\"container\">\n\t\t<div class=\"elementor-element elementor-element-90b531e e-con-full e-flex e-con e-child\" data-id=\"90b531e\" data-element_type=\"container\" data-e-type=\"container\" data-settings=\"{&quot;background_background&quot;:&quot;classic&quot;}\">\n\t\t\t\t<div class=\"elementor-element elementor-element-cc57c87 elementor-widget__width-initial elementor-absolute animated-slow elementor-invisible elementor-widget elementor-widget-image\" data-id=\"cc57c87\" data-element_type=\"widget\" data-e-type=\"widget\" data-settings=\"{&quot;_position&quot;:&quot;absolute&quot;,&quot;_animation&quot;:&quot;fadeInLeft&quot;}\" data-widget_type=\"image.default\">\n\t\t\t\t<div class=\"elementor-widget-container\">\n\t\t\t\t\t\t\t\t\t\t\t\t\t\t\t<img decoding=\"async\" width=\"116\" height=\"271\" src=\"https:\/\/www.fxglobe.com\/wp-content\/uploads\/2022\/09\/White-ball-left.png\" class=\"attachment-full size-full wp-image-1569\" alt=\"\" \/>\t\t\t\t\t\t\t\t\t\t\t\t\t\t\t<\/div>\n\t\t\t\t<\/div>\n\t\t<div class=\"elementor-element elementor-element-77af7c5 e-con-full e-flex e-con e-child\" data-id=\"77af7c5\" data-element_type=\"container\" data-e-type=\"container\">\n\t\t\t\t<div class=\"elementor-element elementor-element-7b91d58 elementor-widget__width-inherit elementor-widget elementor-widget-heading\" data-id=\"7b91d58\" data-element_type=\"widget\" data-e-type=\"widget\" data-widget_type=\"heading.default\">\n\t\t\t\t<div class=\"elementor-widget-container\">\n\t\t\t\t\t<h6 class=\"elementor-heading-title elementor-size-default\">Acad\u00e9mie FXGlobe<\/h6>\t\t\t\t<\/div>\n\t\t\t\t<\/div>\n\t\t\t\t<div class=\"elementor-element elementor-element-a5e4b75 elementor-widget__width-inherit elementor-widget elementor-widget-heading\" data-id=\"a5e4b75\" data-element_type=\"widget\" data-e-type=\"widget\" data-widget_type=\"heading.default\">\n\t\t\t\t<div class=\"elementor-widget-container\">\n\t\t\t\t\t<h1 class=\"elementor-heading-title elementor-size-default\">Tutoriels vid\u00e9o sur le secteur du trading.<\/h1>\t\t\t\t<\/div>\n\t\t\t\t<\/div>\n\t\t\t\t<div class=\"elementor-element elementor-element-3b744fc elementor-widget elementor-widget-text-editor\" data-id=\"3b744fc\" data-element_type=\"widget\" data-e-type=\"widget\" data-widget_type=\"text-editor.default\">\n\t\t\t\t<div class=\"elementor-widget-container\">\n\t\t\t\t\t\t\t\t\t<p>La r\u00e9ussite d&rsquo;un trader commence par la ma\u00eetrise des principes de base.<\/p>\n\t\t\t\t\t\t\t\t<\/div>\n\t\t\t\t<\/div>\n\t\t\t\t<\/div>\n\t\t\t\t<\/div>\n\t\t\t\t<\/div>\n\t\t<div class=\"elementor-element elementor-element-5e96249 e-flex e-con-boxed e-con e-parent\" data-id=\"5e96249\" data-element_type=\"container\" data-e-type=\"container\">\n\t\t\t\t\t<div class=\"e-con-inner\">\n\t\t\t\t<div class=\"elementor-element elementor-element-a7c7d12 elementor-widget elementor-widget-html\" data-id=\"a7c7d12\" data-element_type=\"widget\" data-e-type=\"widget\" data-widget_type=\"html.default\">\n\t\t\t\t<div class=\"elementor-widget-container\">\n\t\t\t\t\t<script page=\"courses\" bearer=\"grvuRzVaFsUJT4CnuCZtYwawhFb3p8HmGQoWyBdCjdqyc4y3w3V6zLfmnacuLMDU\" xDomain=\"KJjjgBYpPLLdde\" xLevel=\"open\" xLang=\"fr\" src=\"https:\/\/scripts-integration.terl3.com\/single-page.js\"><\/script>\t\t\t\t<\/div>\n\t\t\t\t<\/div>\n\t\t\t\t\t<\/div>\n\t\t\t\t<\/div>\n\t\t\t\t<\/div>\n\t\t","protected":false},"excerpt":{"rendered":"<p>Acad\u00e9mie FXGlobe Tutoriels vid\u00e9o sur le secteur du trading. La r\u00e9ussite d&rsquo;un trader commence par la ma\u00eetrise des principes de base.<\/p>\n","protected":false},"author":13,"featured_media":0,"parent":4521,"menu_order":0,"comment_status":"closed","ping_status":"closed","template":"","meta":{"_acf_changed":false,"_seopress_robots_primary_cat":"","_seopress_titles_title":"Tutoriels vid\u00e9o sur l'industrie du trading | Tout ce dont vous avez besoin | FXGlobe","_seopress_titles_desc":"La communaut\u00e9 de trading de FXGlobe offre la meilleure formation au trading et les meilleures opportunit\u00e9s d'investissement pour les membres de FXGlobe.","_seopress_robots_index":"","footnotes":"","_links_to":"","_links_to_target":""},"class_list":["post-4399","page","type-page","status-publish","hentry"],"acf":[],"_links":{"self":[{"href":"https:\/\/www.fxglobe.com\/fr\/wp-json\/wp\/v2\/pages\/4399","targetHints":{"allow":["GET"]}}],"collection":[{"href":"https:\/\/www.fxglobe.com\/fr\/wp-json\/wp\/v2\/pages"}],"about":[{"href":"https:\/\/www.fxglobe.com\/fr\/wp-json\/wp\/v2\/types\/page"}],"author":[{"embeddable":true,"href":"https:\/\/www.fxglobe.com\/fr\/wp-json\/wp\/v2\/users\/13"}],"replies":[{"embeddable":true,"href":"https:\/\/www.fxglobe.com\/fr\/wp-json\/wp\/v2\/comments?post=4399"}],"version-history":[{"count":0,"href":"https:\/\/www.fxglobe.com\/fr\/wp-json\/wp\/v2\/pages\/4399\/revisions"}],"up":[{"embeddable":true,"href":"https:\/\/www.fxglobe.com\/fr\/wp-json\/wp\/v2\/pages\/4521"}],"wp:attachment":[{"href":"https:\/\/www.fxglobe.com\/fr\/wp-json\/wp\/v2\/media?parent=4399"}],"curies":[{"name":"wp","href":"https:\/\/api.w.org\/{rel}","templated":true}]}}