{"id":4416,"date":"2022-09-21T12:34:25","date_gmt":"2022-09-21T12:34:25","guid":{"rendered":"https:\/\/fxglobe.wpenginepowered.com\/pamm\/"},"modified":"2022-10-22T22:38:32","modified_gmt":"2022-10-22T22:38:32","slug":"pamm","status":"publish","type":"page","link":"https:\/\/www.fxglobe.com\/fr\/trading\/pamm\/","title":{"rendered":"PAMM"},"content":{"rendered":"\t\t<div data-elementor-type=\"wp-page\" data-elementor-id=\"4416\" class=\"elementor elementor-4416 elementor-560\" data-elementor-post-type=\"page\">\n\t\t\t\t<div class=\"elementor-element elementor-element-9348f4d e-con-full e-flex e-con e-parent\" data-id=\"9348f4d\" data-element_type=\"container\" data-e-type=\"container\">\n\t\t<div class=\"elementor-element elementor-element-4ac8b78 e-con-full e-flex e-con e-parent\" data-id=\"4ac8b78\" data-element_type=\"container\" data-e-type=\"container\" data-settings=\"{&quot;background_background&quot;:&quot;classic&quot;}\">\n\t\t\t\t<div class=\"elementor-element elementor-element-54336f1 elementor-widget__width-initial elementor-absolute animated-slow elementor-invisible elementor-widget elementor-widget-image\" data-id=\"54336f1\" data-element_type=\"widget\" data-e-type=\"widget\" data-settings=\"{&quot;_position&quot;:&quot;absolute&quot;,&quot;_animation&quot;:&quot;fadeInLeft&quot;}\" data-widget_type=\"image.default\">\n\t\t\t\t<div class=\"elementor-widget-container\">\n\t\t\t\t\t\t\t\t\t\t\t\t\t\t\t<img decoding=\"async\" width=\"117\" height=\"153\" src=\"https:\/\/www.fxglobe.com\/wp-content\/uploads\/2022\/09\/Big-ball-left.png\" class=\"attachment-full size-full wp-image-643\" alt=\"\" \/>\t\t\t\t\t\t\t\t\t\t\t\t\t\t\t<\/div>\n\t\t\t\t<\/div>\n\t\t<div class=\"elementor-element elementor-element-af7df76 e-con-full e-flex e-con e-parent\" data-id=\"af7df76\" data-element_type=\"container\" data-e-type=\"container\">\n\t\t\t\t<div class=\"elementor-element elementor-element-ef5e462 elementor-widget__width-inherit elementor-widget elementor-widget-heading\" data-id=\"ef5e462\" data-element_type=\"widget\" data-e-type=\"widget\" data-widget_type=\"heading.default\">\n\t\t\t\t<div class=\"elementor-widget-container\">\n\t\t\t\t\t<h6 class=\"elementor-heading-title elementor-size-default\">Trading<\/h6>\t\t\t\t<\/div>\n\t\t\t\t<\/div>\n\t\t\t\t<div class=\"elementor-element elementor-element-119802a elementor-widget__width-inherit elementor-widget elementor-widget-heading\" data-id=\"119802a\" data-element_type=\"widget\" data-e-type=\"widget\" data-widget_type=\"heading.default\">\n\t\t\t\t<div class=\"elementor-widget-container\">\n\t\t\t\t\t<h1 class=\"elementor-heading-title elementor-size-default\">PAMM<span style=\"color:#DA2D16\">.<\/span><\/h1>\t\t\t\t<\/div>\n\t\t\t\t<\/div>\n\t\t\t\t<div class=\"elementor-element elementor-element-a804f0a elementor-widget elementor-widget-text-editor\" data-id=\"a804f0a\" data-element_type=\"widget\" data-e-type=\"widget\" data-widget_type=\"text-editor.default\">\n\t\t\t\t<div class=\"elementor-widget-container\">\n\t\t\t\t\t\t\t\t\t<p>Vous avez des endroits \u00e0 visiter et des gens \u00e0 voir ? Les comptes g\u00e9r\u00e9s peuvent vous apporter des b\u00e9n\u00e9fices m\u00eame lorsque vous n&rsquo;avez pas le temps de trader.<\/p>\n\t\t\t\t\t\t\t\t<\/div>\n\t\t\t\t<\/div>\n\t\t\t\t<\/div>\n\t\t\t\t<\/div>\n\t\t\t\t<\/div>\n\t\t<div class=\"elementor-element elementor-element-80ce449 e-flex e-con-boxed e-con e-parent\" data-id=\"80ce449\" data-element_type=\"container\" data-e-type=\"container\">\n\t\t\t\t\t<div class=\"e-con-inner\">\n\t\t\t\t<div class=\"elementor-element elementor-element-4b4ccd0 elementor-widget__width-initial elementor-widget elementor-widget-image\" data-id=\"4b4ccd0\" data-element_type=\"widget\" data-e-type=\"widget\" data-widget_type=\"image.default\">\n\t\t\t\t<div class=\"elementor-widget-container\">\n\t\t\t\t\t\t\t\t\t\t\t\t\t\t\t<img fetchpriority=\"high\" decoding=\"async\" width=\"542\" height=\"758\" src=\"https:\/\/www.fxglobe.com\/wp-content\/uploads\/2022\/09\/PAMM-and-MAM-Managers-..jpg\" class=\"attachment-full size-full wp-image-1954\" alt=\"\" srcset=\"https:\/\/www.fxglobe.com\/wp-content\/uploads\/2022\/09\/PAMM-and-MAM-Managers-..jpg 542w, https:\/\/www.fxglobe.com\/wp-content\/uploads\/2022\/09\/PAMM-and-MAM-Managers-.-215x300.jpg 215w\" sizes=\"(max-width: 542px) 100vw, 542px\" \/>\t\t\t\t\t\t\t\t\t\t\t\t\t\t\t<\/div>\n\t\t\t\t<\/div>\n\t\t<div class=\"elementor-element elementor-element-2beae6c e-con-full e-flex e-con e-parent\" data-id=\"2beae6c\" data-element_type=\"container\" data-e-type=\"container\">\n\t\t\t\t<div class=\"elementor-element elementor-element-c591c6d elementor-widget__width-inherit elementor-widget elementor-widget-heading\" data-id=\"c591c6d\" data-element_type=\"widget\" data-e-type=\"widget\" data-widget_type=\"heading.default\">\n\t\t\t\t<div class=\"elementor-widget-container\">\n\t\t\t\t\t<h4 class=\"elementor-heading-title elementor-size-default\">Qu'est-ce que PAMM?<\/h4>\t\t\t\t<\/div>\n\t\t\t\t<\/div>\n\t\t\t\t<div class=\"elementor-element elementor-element-3bc177a elementor-widget__width-inherit elementor-widget elementor-widget-text-editor\" data-id=\"3bc177a\" data-element_type=\"widget\" data-e-type=\"widget\" data-widget_type=\"text-editor.default\">\n\t\t\t\t<div class=\"elementor-widget-container\">\n\t\t\t\t\t\t\t\t\t<p>PAMM (Gestion de l&rsquo;argent par r\u00e9partition en pourcentage) est un type de syst\u00e8me de trading. Votre argent est plac\u00e9 dans un fonds commun avec lequel un trader exp\u00e9riment\u00e9, ou un gestionnaire de fonds, effectue des transactions \u00e0 partir de son compte principal.<\/p>\n<p>Le gestionnaire de fonds prend une commission et le reste des b\u00e9n\u00e9fices\/pertes est distribu\u00e9 aux investisseurs selon le pourcentage qu&rsquo;ils ont contribu\u00e9 au fonds commun initial.<\/p>\n<p>Contactez-nous pour plus d&rsquo;informations sur notre PAMM<\/p>\n\t\t\t\t\t\t\t\t<\/div>\n\t\t\t\t<\/div>\n\t\t\t\t<div class=\"elementor-element elementor-element-0b53328 elementor-widget elementor-widget-button\" data-id=\"0b53328\" data-element_type=\"widget\" data-e-type=\"widget\" data-widget_type=\"button.default\">\n\t\t\t\t<div class=\"elementor-widget-container\">\n\t\t\t\t\t\t\t\t\t<div class=\"elementor-button-wrapper\">\n\t\t\t\t\t<a class=\"elementor-button elementor-button-link elementor-size-sm\" href=\"https:\/\/www.fxglobe.com\/fr\/contact\/\">\n\t\t\t\t\t\t<span class=\"elementor-button-content-wrapper\">\n\t\t\t\t\t\t<span class=\"elementor-button-icon\">\n\t\t\t\t<svg xmlns=\"http:\/\/www.w3.org\/2000\/svg\" id=\"Capa_1\" height=\"512\" viewBox=\"0 0 486.346 486.346\" width=\"512\"><g><g id=\"arrow-1-e_1_\"><path d=\"m284.232 444.575c-16.757-.68-29.791-14.816-29.111-31.573.282-6.959 2.948-13.609 7.55-18.836l151.833-150.315-151.832-150.314c-11.774-11.844-11.774-30.973 0-42.817 11.81-11.907 31.037-11.986 42.945-.176.059.058.118.117.176.176l171.572 171.572c11.907 11.81 11.986 31.037.176 42.945-.058.059-.117.118-.176.176l-171.573 171.571c-5.923 5.242-13.659 7.965-21.56 7.591z\"><\/path><path d=\"m455.5 272.7h-425.133c-16.771 0-30.367-13.596-30.367-30.367s13.596-30.367 30.367-30.367h425.133c16.771 0 30.367 13.596 30.367 30.367s-13.596 30.367-30.367 30.367z\"><\/path><\/g><\/g><\/svg>\t\t\t<\/span>\n\t\t\t\t\t\t\t\t\t<span class=\"elementor-button-text\">Contactez-nous<\/span>\n\t\t\t\t\t<\/span>\n\t\t\t\t\t<\/a>\n\t\t\t\t<\/div>\n\t\t\t\t\t\t\t\t<\/div>\n\t\t\t\t<\/div>\n\t\t\t\t<\/div>\n\t\t\t\t\t<\/div>\n\t\t\t\t<\/div>\n\t\t\t\t<\/div>\n\t\t","protected":false},"excerpt":{"rendered":"<p>Trading PAMM. Vous avez des endroits \u00e0 visiter et des gens \u00e0 voir ? Les comptes g\u00e9r\u00e9s peuvent vous apporter des b\u00e9n\u00e9fices m\u00eame lorsque vous n&rsquo;avez pas le temps de trader. Qu&rsquo;est-ce que PAMM? PAMM (Gestion de l&rsquo;argent par r\u00e9partition en pourcentage) est un type de syst\u00e8me de trading. Votre argent est plac\u00e9 dans un [&hellip;]<\/p>\n","protected":false},"author":13,"featured_media":0,"parent":4610,"menu_order":0,"comment_status":"closed","ping_status":"closed","template":"","meta":{"_acf_changed":false,"_seopress_robots_primary_cat":"","_seopress_titles_title":"","_seopress_titles_desc":"","_seopress_robots_index":"","footnotes":"","_links_to":"","_links_to_target":""},"class_list":["post-4416","page","type-page","status-publish","hentry"],"acf":[],"_links":{"self":[{"href":"https:\/\/www.fxglobe.com\/fr\/wp-json\/wp\/v2\/pages\/4416","targetHints":{"allow":["GET"]}}],"collection":[{"href":"https:\/\/www.fxglobe.com\/fr\/wp-json\/wp\/v2\/pages"}],"about":[{"href":"https:\/\/www.fxglobe.com\/fr\/wp-json\/wp\/v2\/types\/page"}],"author":[{"embeddable":true,"href":"https:\/\/www.fxglobe.com\/fr\/wp-json\/wp\/v2\/users\/13"}],"replies":[{"embeddable":true,"href":"https:\/\/www.fxglobe.com\/fr\/wp-json\/wp\/v2\/comments?post=4416"}],"version-history":[{"count":0,"href":"https:\/\/www.fxglobe.com\/fr\/wp-json\/wp\/v2\/pages\/4416\/revisions"}],"up":[{"embeddable":true,"href":"https:\/\/www.fxglobe.com\/fr\/wp-json\/wp\/v2\/pages\/4610"}],"wp:attachment":[{"href":"https:\/\/www.fxglobe.com\/fr\/wp-json\/wp\/v2\/media?parent=4416"}],"curies":[{"name":"wp","href":"https:\/\/api.w.org\/{rel}","templated":true}]}}