{"id":4624,"date":"2022-09-21T12:35:02","date_gmt":"2022-09-21T12:35:02","guid":{"rendered":"https:\/\/fxglobe.wpenginepowered.com\/trading\/licence-et-reglementation\/"},"modified":"2025-11-24T11:26:28","modified_gmt":"2025-11-24T11:26:28","slug":"licence-et-reglementation","status":"publish","type":"page","link":"https:\/\/www.fxglobe.com\/fr\/trading\/licence-et-reglementation\/","title":{"rendered":"Licence et r\u00e9glementation"},"content":{"rendered":"\t\t<div data-elementor-type=\"wp-page\" data-elementor-id=\"4624\" class=\"elementor elementor-4624 elementor-566\" data-elementor-post-type=\"page\">\n\t\t\t\t<div class=\"elementor-element elementor-element-0117f53 e-con-full e-flex e-con e-parent\" data-id=\"0117f53\" data-element_type=\"container\" data-e-type=\"container\">\n\t\t\t\t<div class=\"elementor-element elementor-element-a994284 elementor-absolute elementor-hidden-mobile elementor-invisible elementor-widget elementor-widget-image\" data-id=\"a994284\" data-element_type=\"widget\" data-e-type=\"widget\" data-settings=\"{&quot;_position&quot;:&quot;absolute&quot;,&quot;motion_fx_motion_fx_mouse&quot;:&quot;yes&quot;,&quot;motion_fx_mouseTrack_effect&quot;:&quot;yes&quot;,&quot;motion_fx_mouseTrack_speed&quot;:{&quot;unit&quot;:&quot;px&quot;,&quot;size&quot;:0.2,&quot;sizes&quot;:[]},&quot;_animation&quot;:&quot;zoomIn&quot;}\" data-widget_type=\"image.default\">\n\t\t\t\t<div class=\"elementor-widget-container\">\n\t\t\t\t\t\t\t\t\t\t\t\t\t\t\t<img decoding=\"async\" width=\"33\" height=\"33\" src=\"https:\/\/www.fxglobe.com\/wp-content\/uploads\/2022\/09\/orange-ball.svg\" class=\"attachment-full size-full wp-image-1117\" alt=\"\" \/>\t\t\t\t\t\t\t\t\t\t\t\t\t\t\t<\/div>\n\t\t\t\t<\/div>\n\t\t<div class=\"elementor-element elementor-element-b29c243 e-con-full e-flex e-con e-child\" data-id=\"b29c243\" data-element_type=\"container\" data-e-type=\"container\" data-settings=\"{&quot;background_background&quot;:&quot;classic&quot;}\">\n\t\t\t\t<div class=\"elementor-element elementor-element-1f36460 elementor-widget__width-initial elementor-absolute animated-slow elementor-invisible elementor-widget elementor-widget-image\" data-id=\"1f36460\" data-element_type=\"widget\" data-e-type=\"widget\" data-settings=\"{&quot;_position&quot;:&quot;absolute&quot;,&quot;_animation&quot;:&quot;fadeInLeft&quot;}\" data-widget_type=\"image.default\">\n\t\t\t\t<div class=\"elementor-widget-container\">\n\t\t\t\t\t\t\t\t\t\t\t\t\t\t\t<img decoding=\"async\" width=\"117\" height=\"153\" src=\"https:\/\/www.fxglobe.com\/wp-content\/uploads\/2022\/09\/Big-ball-left.png\" class=\"attachment-full size-full wp-image-643\" alt=\"\" \/>\t\t\t\t\t\t\t\t\t\t\t\t\t\t\t<\/div>\n\t\t\t\t<\/div>\n\t\t<div class=\"elementor-element elementor-element-15896d7 e-con-full e-flex e-con e-child\" data-id=\"15896d7\" data-element_type=\"container\" data-e-type=\"container\">\n\t\t\t\t<div class=\"elementor-element elementor-element-b394157 elementor-widget__width-inherit elementor-widget elementor-widget-heading\" data-id=\"b394157\" data-element_type=\"widget\" data-e-type=\"widget\" data-widget_type=\"heading.default\">\n\t\t\t\t<div class=\"elementor-widget-container\">\n\t\t\t\t\t<h6 class=\"elementor-heading-title elementor-size-default\">\u00c0 propos de nous<\/h6>\t\t\t\t<\/div>\n\t\t\t\t<\/div>\n\t\t\t\t<div class=\"elementor-element elementor-element-0a27835 elementor-widget__width-inherit elementor-widget elementor-widget-heading\" data-id=\"0a27835\" data-element_type=\"widget\" data-e-type=\"widget\" data-widget_type=\"heading.default\">\n\t\t\t\t<div class=\"elementor-widget-container\">\n\t\t\t\t\t<h1 class=\"elementor-heading-title elementor-size-default\">Licence et r\u00e9glementation<span style=\"color:#DA2D16\">.<\/span><\/h1>\t\t\t\t<\/div>\n\t\t\t\t<\/div>\n\t\t\t\t<div class=\"elementor-element elementor-element-492295e elementor-widget elementor-widget-text-editor\" data-id=\"492295e\" data-element_type=\"widget\" data-e-type=\"widget\" data-widget_type=\"text-editor.default\">\n\t\t\t\t<div class=\"elementor-widget-container\">\n\t\t\t\t\t\t\t\t\t<p>Respirez tranquillement\u2014nous sommes agr\u00e9\u00e9s et r\u00e9glement\u00e9s.<\/p>\t\t\t\t\t\t\t\t<\/div>\n\t\t\t\t<\/div>\n\t\t\t\t<\/div>\n\t\t\t\t<\/div>\n\t\t\t\t<\/div>\n\t\t<div class=\"elementor-element elementor-element-e483594 e-flex e-con-boxed e-con e-parent\" data-id=\"e483594\" data-element_type=\"container\" data-e-type=\"container\">\n\t\t\t\t\t<div class=\"e-con-inner\">\n\t\t<div class=\"elementor-element elementor-element-b4ea80b e-flex e-con-boxed e-con e-child\" data-id=\"b4ea80b\" data-element_type=\"container\" data-e-type=\"container\" data-settings=\"{&quot;background_background&quot;:&quot;classic&quot;}\">\n\t\t\t\t\t<div class=\"e-con-inner\">\n\t\t\t\t<div class=\"elementor-element elementor-element-7a574db elementor-widget elementor-widget-image\" data-id=\"7a574db\" data-element_type=\"widget\" data-e-type=\"widget\" data-widget_type=\"image.default\">\n\t\t\t\t<div class=\"elementor-widget-container\">\n\t\t\t\t\t\t\t\t\t\t\t\t\t\t\t<img fetchpriority=\"high\" decoding=\"async\" width=\"396\" height=\"127\" src=\"https:\/\/www.fxglobe.com\/wp-content\/uploads\/2022\/10\/vfsc-logo.png\" class=\"attachment-large size-large wp-image-3575\" alt=\"\" srcset=\"https:\/\/www.fxglobe.com\/wp-content\/uploads\/2022\/10\/vfsc-logo.png 396w, https:\/\/www.fxglobe.com\/wp-content\/uploads\/2022\/10\/vfsc-logo-300x96.png 300w\" sizes=\"(max-width: 396px) 100vw, 396px\" \/>\t\t\t\t\t\t\t\t\t\t\t\t\t\t\t<\/div>\n\t\t\t\t<\/div>\n\t\t\t\t<div class=\"elementor-element elementor-element-a21fa9a elementor-widget elementor-widget-text-editor\" data-id=\"a21fa9a\" data-element_type=\"widget\" data-e-type=\"widget\" data-widget_type=\"text-editor.default\">\n\t\t\t\t<div class=\"elementor-widget-container\">\n\t\t\t\t\t\t\t\t\t<div class=\"jsx-1059620194 comment-privacy-wrapper\"><a href=\"https:\/\/www.fxglobe.com\/wp-content\/uploads\/2023\/-Principal-License.pdf\">Commission des services financiers de Vanuatu<\/a><\/div><div>Num\u00e9ro du registre des services financiers (FSRN): <a href=\"https:\/\/www.vfsc.vu\/financial-dealers-licensee-list\/\">FSRN700227<\/a><\/div>\t\t\t\t\t\t\t\t<\/div>\n\t\t\t\t<\/div>\n\t\t\t\t<div class=\"elementor-element elementor-element-0574900 elementor-widget__width-inherit elementor-widget elementor-widget-heading\" data-id=\"0574900\" data-element_type=\"widget\" data-e-type=\"widget\" data-widget_type=\"heading.default\">\n\t\t\t\t<div class=\"elementor-widget-container\">\n\t\t\t\t\t<h4 class=\"elementor-heading-title elementor-size-default\">D\u00e9tails de la licence<span style=\"color:#DA2D16\">.<\/span><\/h4>\t\t\t\t<\/div>\n\t\t\t\t<\/div>\n\t\t\t\t<div class=\"elementor-element elementor-element-d65788d elementor-widget elementor-widget-text-editor\" data-id=\"d65788d\" data-element_type=\"widget\" data-e-type=\"widget\" data-widget_type=\"text-editor.default\">\n\t\t\t\t<div class=\"elementor-widget-container\">\n\t\t\t\t\t\t\t\t\t<div class=\"jsx-1059620194 comment-privacy-wrapper\">FXGlobe international, FS International Limited avec le num\u00e9ro d&rsquo;enregistrement <a href=\"https:\/\/www.vfsc.vu\/financial-dealers-licensee-list\/\">700227<\/a> est une soci\u00e9t\u00e9 \u00e0 responsabilit\u00e9 limit\u00e9e enregistr\u00e9e \u00e0 Law Partners House, Kumul Highway, Port Vila, Vanuatu, et agr\u00e9\u00e9e par le VFSC de la R\u00e9publique de Vanuatu. FXGLOBE Int. est un nom commercial que FS International Limited est autoris\u00e9 \u00e0 utiliser. <\/div>\t\t\t\t\t\t\t\t<\/div>\n\t\t\t\t<\/div>\n\t\t\t\t\t<\/div>\n\t\t\t\t<\/div>\n\t\t<div class=\"elementor-element elementor-element-f2fd511 e-flex e-con-boxed e-con e-child\" data-id=\"f2fd511\" data-element_type=\"container\" data-e-type=\"container\" data-settings=\"{&quot;background_background&quot;:&quot;classic&quot;}\">\n\t\t\t\t\t<div class=\"e-con-inner\">\n\t\t\t\t<div class=\"elementor-element elementor-element-33b8e56 elementor-widget elementor-widget-image\" data-id=\"33b8e56\" data-element_type=\"widget\" data-e-type=\"widget\" data-widget_type=\"image.default\">\n\t\t\t\t<div class=\"elementor-widget-container\">\n\t\t\t\t\t\t\t\t\t\t\t\t\t\t\t<img loading=\"lazy\" decoding=\"async\" width=\"1280\" height=\"279\" src=\"https:\/\/www.fxglobe.com\/wp-content\/uploads\/2023\/05\/FCSA-logo.png\" class=\"attachment-full size-full wp-image-13178\" alt=\"\" srcset=\"https:\/\/www.fxglobe.com\/wp-content\/uploads\/2023\/05\/FCSA-logo.png 1280w, https:\/\/www.fxglobe.com\/wp-content\/uploads\/2023\/05\/FCSA-logo-300x65.png 300w, https:\/\/www.fxglobe.com\/wp-content\/uploads\/2023\/05\/FCSA-logo-1024x223.png 1024w, https:\/\/www.fxglobe.com\/wp-content\/uploads\/2023\/05\/FCSA-logo-768x167.png 768w\" sizes=\"(max-width: 1280px) 100vw, 1280px\" \/>\t\t\t\t\t\t\t\t\t\t\t\t\t\t\t<\/div>\n\t\t\t\t<\/div>\n\t\t\t\t<div class=\"elementor-element elementor-element-a81b31d elementor-widget elementor-widget-text-editor\" data-id=\"a81b31d\" data-element_type=\"widget\" data-e-type=\"widget\" data-widget_type=\"text-editor.default\">\n\t\t\t\t<div class=\"elementor-widget-container\">\n\t\t\t\t\t\t\t\t\t<div class=\"jsx-1059620194 comment-privacy-wrapper\">APLFX (PTY) LTD est une soci\u00e9t\u00e9 \u00e0 responsabilit\u00e9 limit\u00e9e enregistr\u00e9e en Afrique du Sud sous le num\u00e9ro d\u2019enregistrement 2021\/804619\/07<\/div>\t\t\t\t\t\t\t\t<\/div>\n\t\t\t\t<\/div>\n\t\t\t\t<div class=\"elementor-element elementor-element-de7e2c8 elementor-widget__width-inherit elementor-widget elementor-widget-heading\" data-id=\"de7e2c8\" data-element_type=\"widget\" data-e-type=\"widget\" data-widget_type=\"heading.default\">\n\t\t\t\t<div class=\"elementor-widget-container\">\n\t\t\t\t\t<h4 class=\"elementor-heading-title elementor-size-default\">D\u00e9tails de la licence<span style=\"color:#DA2D16\">.<\/span><\/h4>\t\t\t\t<\/div>\n\t\t\t\t<\/div>\n\t\t\t\t<div class=\"elementor-element elementor-element-adad75b elementor-widget elementor-widget-text-editor\" data-id=\"adad75b\" data-element_type=\"widget\" data-e-type=\"widget\" data-widget_type=\"text-editor.default\">\n\t\t\t\t<div class=\"elementor-widget-container\">\n\t\t\t\t\t\t\t\t\t<p>Financial Services Conduct Authority (FSCA) en tant que fournisseur de services financiers (FSP), n\u00b0 52045, conform\u00e9ment \u00e0 la section 8 de la loi FAIS. APLFX est enregistr\u00e9 \u00e0 Building 1 15 Forest Road Waverley Gauteng 2199, Afrique du Sud.<\/p>\t\t\t\t\t\t\t\t<\/div>\n\t\t\t\t<\/div>\n\t\t\t\t\t<\/div>\n\t\t\t\t<\/div>\n\t\t<div class=\"elementor-element elementor-element-43aece1 e-flex e-con-boxed e-con e-child\" data-id=\"43aece1\" data-element_type=\"container\" data-e-type=\"container\" data-settings=\"{&quot;background_background&quot;:&quot;classic&quot;}\">\n\t\t\t\t\t<div class=\"e-con-inner\">\n\t\t\t\t<div class=\"elementor-element elementor-element-296dcba elementor-widget__width-inherit elementor-widget elementor-widget-heading\" data-id=\"296dcba\" data-element_type=\"widget\" data-e-type=\"widget\" data-widget_type=\"heading.default\">\n\t\t\t\t<div class=\"elementor-widget-container\">\n\t\t\t\t\t<h2 class=\"elementor-heading-title elementor-size-default\">Signaler les abus\/plaintes<span style=\"color:#DA2D16\">.<\/span><\/h2>\t\t\t\t<\/div>\n\t\t\t\t<\/div>\n\t\t\t\t<div class=\"elementor-element elementor-element-a2ae439 elementor-widget elementor-widget-text-editor\" data-id=\"a2ae439\" data-element_type=\"widget\" data-e-type=\"widget\" data-widget_type=\"text-editor.default\">\n\t\t\t\t<div class=\"elementor-widget-container\">\n\t\t\t\t\t\t\t\t\t<p>Nous esp\u00e9rons que vous serez toujours satisfait de notre service. Mais si jamais vous devez d\u00e9poser une plainte, nous avons \u00e9tabli un syst\u00e8me transparent pour la g\u00e9rer de mani\u00e8re \u00e9quitable et efficace. <\/p><p>Pour signaler un abus ou d\u00e9poser une plainte, contactez notre \u00e9quipe de support en utilisant ce <a href=\"https:\/\/www.fxglobe.com\/wp-content\/uploads\/2023\/07\/fs-international_complaints-form.pdf\">formulaire.<\/a> Si possible, ils le r\u00e9soudront directement et sans d\u00e9lai. Dans certains cas, votre plainte ou votre signalement devra \u00eatre transmis \u00e0 notre service de conformit\u00e9 pour une enqu\u00eate plus approfondie. Ils travailleront avec le service client\u00e8le pour r\u00e9gler votre plainte avec rapidit\u00e9 et clart\u00e9.<\/p><p>Pour plus d&rsquo;informations sur la mani\u00e8re dont nous g\u00e9rons les plaintes, veuillez consulter notre politique.<\/p>\t\t\t\t\t\t\t\t<\/div>\n\t\t\t\t<\/div>\n\t\t\t\t\t<\/div>\n\t\t\t\t<\/div>\n\t\t\t\t\t<\/div>\n\t\t\t\t<\/div>\n\t\t\t\t<\/div>\n\t\t","protected":false},"excerpt":{"rendered":"<p>\u00c0 propos de nous Licence et r\u00e9glementation. Respirez tranquillement\u2014nous sommes agr\u00e9\u00e9s et r\u00e9glement\u00e9s. Commission des services financiers de VanuatuNum\u00e9ro du registre des services financiers (FSRN): FSRN700227 D\u00e9tails de la licence. FXGlobe international, FS International Limited avec le num\u00e9ro d&rsquo;enregistrement 700227 est une soci\u00e9t\u00e9 \u00e0 responsabilit\u00e9 limit\u00e9e enregistr\u00e9e \u00e0 Law Partners House, Kumul Highway, Port Vila, [&hellip;]<\/p>\n","protected":false},"author":13,"featured_media":0,"parent":4610,"menu_order":0,"comment_status":"closed","ping_status":"closed","template":"","meta":{"_acf_changed":false,"_seopress_robots_primary_cat":"","_seopress_titles_title":"Licence et r\u00e9glementation de FXGlobe | VFSC","_seopress_titles_desc":"FXGlobe est une plateforme de trading r\u00e9glement\u00e9e pour le forex et les CFD. Nous nous engageons \u00e0 garantir les plus hauts niveaux de service, de s\u00e9curit\u00e9 et de protection. ","_seopress_robots_index":"","footnotes":"","_links_to":"","_links_to_target":""},"class_list":["post-4624","page","type-page","status-publish","hentry"],"acf":[],"_links":{"self":[{"href":"https:\/\/www.fxglobe.com\/fr\/wp-json\/wp\/v2\/pages\/4624","targetHints":{"allow":["GET"]}}],"collection":[{"href":"https:\/\/www.fxglobe.com\/fr\/wp-json\/wp\/v2\/pages"}],"about":[{"href":"https:\/\/www.fxglobe.com\/fr\/wp-json\/wp\/v2\/types\/page"}],"author":[{"embeddable":true,"href":"https:\/\/www.fxglobe.com\/fr\/wp-json\/wp\/v2\/users\/13"}],"replies":[{"embeddable":true,"href":"https:\/\/www.fxglobe.com\/fr\/wp-json\/wp\/v2\/comments?post=4624"}],"version-history":[{"count":0,"href":"https:\/\/www.fxglobe.com\/fr\/wp-json\/wp\/v2\/pages\/4624\/revisions"}],"up":[{"embeddable":true,"href":"https:\/\/www.fxglobe.com\/fr\/wp-json\/wp\/v2\/pages\/4610"}],"wp:attachment":[{"href":"https:\/\/www.fxglobe.com\/fr\/wp-json\/wp\/v2\/media?parent=4624"}],"curies":[{"name":"wp","href":"https:\/\/api.w.org\/{rel}","templated":true}]}}