{"id":93194,"date":"2025-05-11T14:29:57","date_gmt":"2025-05-11T14:29:57","guid":{"rendered":"https:\/\/fxglobe.wpenginepowered.com\/gestionnaires-actifs\/"},"modified":"2025-05-11T14:29:57","modified_gmt":"2025-05-11T14:29:57","slug":"gestionnaires-actifs","status":"publish","type":"page","link":"https:\/\/www.fxglobe.com\/fr\/gestionnaires-actifs\/","title":{"rendered":"Gestionnaires actifs"},"content":{"rendered":"\t\t<div data-elementor-type=\"wp-page\" data-elementor-id=\"93194\" class=\"elementor elementor-93194 elementor-6535\" data-elementor-post-type=\"page\">\n\t\t\t\t<div class=\"elementor-element elementor-element-31e3ffd e-con-full e-flex e-con e-parent\" data-id=\"31e3ffd\" data-element_type=\"container\" data-e-type=\"container\">\n\t\t\t\t<div class=\"elementor-element elementor-element-0a844b1 elementor-absolute elementor-hidden-mobile elementor-invisible elementor-widget elementor-widget-image\" data-id=\"0a844b1\" data-element_type=\"widget\" data-e-type=\"widget\" data-settings=\"{&quot;_position&quot;:&quot;absolute&quot;,&quot;motion_fx_motion_fx_mouse&quot;:&quot;yes&quot;,&quot;motion_fx_mouseTrack_effect&quot;:&quot;yes&quot;,&quot;motion_fx_mouseTrack_speed&quot;:{&quot;unit&quot;:&quot;px&quot;,&quot;size&quot;:0.2,&quot;sizes&quot;:[]},&quot;_animation&quot;:&quot;zoomIn&quot;}\" data-widget_type=\"image.default\">\n\t\t\t\t<div class=\"elementor-widget-container\">\n\t\t\t\t\t\t\t\t\t\t\t\t\t\t\t<img decoding=\"async\" width=\"33\" height=\"33\" src=\"https:\/\/www.fxglobe.com\/wp-content\/uploads\/2022\/09\/orange-ball.svg\" class=\"attachment-full size-full wp-image-1117\" alt=\"\" \/>\t\t\t\t\t\t\t\t\t\t\t\t\t\t\t<\/div>\n\t\t\t\t<\/div>\n\t\t<div class=\"elementor-element elementor-element-311e981 e-con-full e-flex e-con e-child\" data-id=\"311e981\" data-element_type=\"container\" data-e-type=\"container\" data-settings=\"{&quot;background_background&quot;:&quot;classic&quot;}\">\n\t\t\t\t<div class=\"elementor-element elementor-element-1826404 elementor-widget__width-initial elementor-absolute animated-slow elementor-invisible elementor-widget elementor-widget-image\" data-id=\"1826404\" data-element_type=\"widget\" data-e-type=\"widget\" data-settings=\"{&quot;_position&quot;:&quot;absolute&quot;,&quot;_animation&quot;:&quot;fadeInLeft&quot;}\" data-widget_type=\"image.default\">\n\t\t\t\t<div class=\"elementor-widget-container\">\n\t\t\t\t\t\t\t\t\t\t\t\t\t\t\t<img decoding=\"async\" width=\"117\" height=\"153\" src=\"https:\/\/www.fxglobe.com\/wp-content\/uploads\/2022\/09\/Big-ball-left.png\" class=\"attachment-full size-full wp-image-643\" alt=\"\" \/>\t\t\t\t\t\t\t\t\t\t\t\t\t\t\t<\/div>\n\t\t\t\t<\/div>\n\t\t<div class=\"elementor-element elementor-element-81b4895 e-con-full e-flex e-con e-child\" data-id=\"81b4895\" data-element_type=\"container\" data-e-type=\"container\">\n\t\t\t\t<div class=\"elementor-element elementor-element-971de01 elementor-widget__width-inherit elementor-widget elementor-widget-heading\" data-id=\"971de01\" data-element_type=\"widget\" data-e-type=\"widget\" data-widget_type=\"heading.default\">\n\t\t\t\t<div class=\"elementor-widget-container\">\n\t\t\t\t\t<h6 class=\"elementor-heading-title elementor-size-default\">Trading<\/h6>\t\t\t\t<\/div>\n\t\t\t\t<\/div>\n\t\t\t\t<div class=\"elementor-element elementor-element-9a92311 elementor-widget__width-inherit elementor-widget elementor-widget-heading\" data-id=\"9a92311\" data-element_type=\"widget\" data-e-type=\"widget\" data-widget_type=\"heading.default\">\n\t\t\t\t<div class=\"elementor-widget-container\">\n\t\t\t\t\t<h1 class=\"elementor-heading-title elementor-size-default\">Gestionnaires actifs<span style=\"color:#DA2D16\">.<\/span><\/h1>\t\t\t\t<\/div>\n\t\t\t\t<\/div>\n\t\t\t\t<div class=\"elementor-element elementor-element-09525e0 elementor-widget elementor-widget-text-editor\" data-id=\"09525e0\" data-element_type=\"widget\" data-e-type=\"widget\" data-widget_type=\"text-editor.default\">\n\t\t\t\t<div class=\"elementor-widget-container\">\n\t\t\t\t\t\t\t\t\t<p>Choisissez votre m\u00e9thode favorite pour financer votre compte et commencez \u00e0 trader en direct.<\/p>\n\t\t\t\t\t\t\t\t<\/div>\n\t\t\t\t<\/div>\n\t\t\t\t<\/div>\n\t\t\t\t<\/div>\n\t\t\t\t<\/div>\n\t\t<div class=\"elementor-element elementor-element-9a2c76d e-flex e-con-boxed e-con e-parent\" data-id=\"9a2c76d\" data-element_type=\"container\" data-e-type=\"container\">\n\t\t\t\t\t<div class=\"e-con-inner\">\n\t\t\t\t<div class=\"elementor-element elementor-element-d27bfb9 elementor-widget__width-inherit elementor-widget elementor-widget-heading\" data-id=\"d27bfb9\" data-element_type=\"widget\" data-e-type=\"widget\" data-widget_type=\"heading.default\">\n\t\t\t\t<div class=\"elementor-widget-container\">\n\t\t\t\t\t<h2 class=\"elementor-heading-title elementor-size-default\">D\u00e9couvrez nos traders les plus performants<span style=\"color:#DA2D16\">.<\/span><\/h2>\t\t\t\t<\/div>\n\t\t\t\t<\/div>\n\t\t\t\t<div class=\"elementor-element elementor-element-c669cf4 elementor-widget elementor-widget-text-editor\" data-id=\"c669cf4\" data-element_type=\"widget\" data-e-type=\"widget\" data-widget_type=\"text-editor.default\">\n\t\t\t\t<div class=\"elementor-widget-container\">\n\t\t\t\t\t\t\t\t\t<p>D\u00e9couvrez les performances de nos meilleurs traders et profitez-en en copiant les transactions en temps r\u00e9el.<\/p>\n\t\t\t\t\t\t\t\t<\/div>\n\t\t\t\t<\/div>\n\t\t<div class=\"elementor-element elementor-element-0d8477f e-flex e-con-boxed e-con e-child\" data-id=\"0d8477f\" data-element_type=\"container\" data-e-type=\"container\" data-settings=\"{&quot;background_background&quot;:&quot;classic&quot;}\">\n\t\t\t\t\t<div class=\"e-con-inner\">\n\t\t\t\t<div class=\"elementor-element elementor-element-25d9b0a elementor-widget__width-inherit elementor-widget elementor-widget-heading\" data-id=\"25d9b0a\" data-element_type=\"widget\" data-e-type=\"widget\" data-widget_type=\"heading.default\">\n\t\t\t\t<div class=\"elementor-widget-container\">\n\t\t\t\t\t<h2 class=\"elementor-heading-title elementor-size-default\">MT4<span style=\"color:#DA2D16\">.<\/span><\/h2>\t\t\t\t<\/div>\n\t\t\t\t<\/div>\n\t\t\t\t<div class=\"elementor-element elementor-element-dd9607a elementor-widget elementor-widget-html\" data-id=\"dd9607a\" data-element_type=\"widget\" data-e-type=\"widget\" data-widget_type=\"html.default\">\n\t\t\t\t<div class=\"elementor-widget-container\">\n\t\t\t\t\t<\/div><iframe src=\"https:\/\/socialtrading.fxglobe.com\/en\/external\/2\/copy\/leaderboard\" class=\"iframe\" style=\"width: 100%; height: 800px; border: none\"><\/iframe>\t\t\t\t<\/div>\n\t\t\t\t<\/div>\n\t\t\t\t\t<\/div>\n\t\t\t\t<\/div>\n\t\t<div class=\"elementor-element elementor-element-59664cd e-flex e-con-boxed e-con e-child\" data-id=\"59664cd\" data-element_type=\"container\" data-e-type=\"container\" data-settings=\"{&quot;background_background&quot;:&quot;classic&quot;}\">\n\t\t\t\t\t<div class=\"e-con-inner\">\n\t\t\t\t<div class=\"elementor-element elementor-element-e5b95ca elementor-widget__width-inherit elementor-widget elementor-widget-heading\" data-id=\"e5b95ca\" data-element_type=\"widget\" data-e-type=\"widget\" data-widget_type=\"heading.default\">\n\t\t\t\t<div class=\"elementor-widget-container\">\n\t\t\t\t\t<h2 class=\"elementor-heading-title elementor-size-default\">MT5<span style=\"color:#DA2D16\">.<\/span><\/h2>\t\t\t\t<\/div>\n\t\t\t\t<\/div>\n\t\t\t\t<div class=\"elementor-element elementor-element-1bd6754 elementor-widget elementor-widget-html\" data-id=\"1bd6754\" data-element_type=\"widget\" data-e-type=\"widget\" data-widget_type=\"html.default\">\n\t\t\t\t<div class=\"elementor-widget-container\">\n\t\t\t\t\t<iframe src=\"https:\/\/socialtrading.fxglobe.com\/en\/external\/1\/copy\/leaderboard\" style=\"width: 100%; height: 800px; border: none\"><\/iframe>\t\t\t\t<\/div>\n\t\t\t\t<\/div>\n\t\t\t\t\t<\/div>\n\t\t\t\t<\/div>\n\t\t\t\t\t<\/div>\n\t\t\t\t<\/div>\n\t\t\t\t<\/div>\n\t\t","protected":false},"excerpt":{"rendered":"<p>Trading Gestionnaires actifs. Choisissez votre m\u00e9thode favorite pour financer votre compte et commencez \u00e0 trader en direct. D\u00e9couvrez nos traders les plus performants. D\u00e9couvrez les performances de nos meilleurs traders et profitez-en en copiant les transactions en temps r\u00e9el. MT4. MT5.<\/p>\n","protected":false},"author":13,"featured_media":0,"parent":0,"menu_order":0,"comment_status":"closed","ping_status":"closed","template":"","meta":{"_acf_changed":false,"_seopress_robots_primary_cat":"","_seopress_titles_title":"D\u00e9couvrez nos traders les plus performants | FXGlobe","_seopress_titles_desc":"Vous voulez trader comme un pro ? Avec FXGlobe, vous pouvez apprendre des meilleurs traders et investisseurs. Rejoignez notre communaut\u00e9 d'investissement social.  ","_seopress_robots_index":"","footnotes":"","_links_to":"","_links_to_target":""},"class_list":["post-93194","page","type-page","status-publish","hentry"],"acf":[],"_links":{"self":[{"href":"https:\/\/www.fxglobe.com\/fr\/wp-json\/wp\/v2\/pages\/93194","targetHints":{"allow":["GET"]}}],"collection":[{"href":"https:\/\/www.fxglobe.com\/fr\/wp-json\/wp\/v2\/pages"}],"about":[{"href":"https:\/\/www.fxglobe.com\/fr\/wp-json\/wp\/v2\/types\/page"}],"author":[{"embeddable":true,"href":"https:\/\/www.fxglobe.com\/fr\/wp-json\/wp\/v2\/users\/13"}],"replies":[{"embeddable":true,"href":"https:\/\/www.fxglobe.com\/fr\/wp-json\/wp\/v2\/comments?post=93194"}],"version-history":[{"count":0,"href":"https:\/\/www.fxglobe.com\/fr\/wp-json\/wp\/v2\/pages\/93194\/revisions"}],"wp:attachment":[{"href":"https:\/\/www.fxglobe.com\/fr\/wp-json\/wp\/v2\/media?parent=93194"}],"curies":[{"name":"wp","href":"https:\/\/api.w.org\/{rel}","templated":true}]}}