{"id":35388,"date":"2023-08-23T05:47:36","date_gmt":"2023-08-23T05:47:36","guid":{"rendered":"https:\/\/fxglobe.wpenginepowered.com\/calendario-economico\/"},"modified":"2023-08-26T06:21:26","modified_gmt":"2023-08-26T06:21:26","slug":"calendario-economico","status":"publish","type":"page","link":"https:\/\/www.fxglobe.com\/pt-pt\/calendario-economico\/","title":{"rendered":"Calend\u00e1rio Econ\u00f4mico"},"content":{"rendered":"\t\t<div data-elementor-type=\"wp-page\" data-elementor-id=\"35388\" class=\"elementor elementor-35388 elementor-34249\" data-elementor-post-type=\"page\">\n\t\t\t\t<div class=\"elementor-element elementor-element-8ea2253 e-con-full e-flex e-con e-parent\" data-id=\"8ea2253\" data-element_type=\"container\" data-e-type=\"container\">\n\t\t<div class=\"elementor-element elementor-element-98d7c29 e-con-full e-flex e-con e-parent\" data-id=\"98d7c29\" data-element_type=\"container\" data-e-type=\"container\" data-settings=\"{&quot;background_background&quot;:&quot;classic&quot;}\">\n\t\t\t\t<div class=\"elementor-element elementor-element-48a1b8b elementor-widget__width-initial elementor-absolute animated-slow elementor-invisible elementor-widget elementor-widget-image\" data-id=\"48a1b8b\" data-element_type=\"widget\" data-e-type=\"widget\" data-settings=\"{&quot;_position&quot;:&quot;absolute&quot;,&quot;_animation&quot;:&quot;fadeInLeft&quot;}\" data-widget_type=\"image.default\">\n\t\t\t\t<div class=\"elementor-widget-container\">\n\t\t\t\t\t\t\t\t\t\t\t\t\t\t\t<img decoding=\"async\" width=\"117\" height=\"153\" src=\"https:\/\/www.fxglobe.com\/wp-content\/uploads\/2022\/09\/Big-ball-left.png\" class=\"attachment-full size-full wp-image-3106\" alt=\"\" \/>\t\t\t\t\t\t\t\t\t\t\t\t\t\t\t<\/div>\n\t\t\t\t<\/div>\n\t\t<div class=\"elementor-element elementor-element-315891c e-con-full e-flex e-con e-parent\" data-id=\"315891c\" data-element_type=\"container\" data-e-type=\"container\">\n\t\t\t\t<div class=\"elementor-element elementor-element-a31e73b elementor-widget__width-inherit elementor-widget elementor-widget-heading\" data-id=\"a31e73b\" data-element_type=\"widget\" data-e-type=\"widget\" data-widget_type=\"heading.default\">\n\t\t\t\t<div class=\"elementor-widget-container\">\n\t\t\t\t\t<h1 class=\"elementor-heading-title elementor-size-default\">Fique atento ao nosso calend\u00e1rio econ\u00f4mico<\/h1>\t\t\t\t<\/div>\n\t\t\t\t<\/div>\n\t\t\t\t<div class=\"elementor-element elementor-element-6898dff elementor-widget elementor-widget-text-editor\" data-id=\"6898dff\" data-element_type=\"widget\" data-e-type=\"widget\" data-widget_type=\"text-editor.default\">\n\t\t\t\t<div class=\"elementor-widget-container\">\n\t\t\t\t\t\t\t\t\t<p>Acompanhe os eventos do mercado global para obter uma grande vantagem comercial e use notifica\u00e7\u00f5es inteligentes para nunca perder um importante lan\u00e7amento de dados, an\u00fancio ou discurso.<\/p>\n\t\t\t\t\t\t\t\t<\/div>\n\t\t\t\t<\/div>\n\t\t\t\t<div class=\"elementor-element elementor-element-1ff6d7e elementor-widget__width-inherit elementor-widget elementor-widget-button\" data-id=\"1ff6d7e\" data-element_type=\"widget\" data-e-type=\"widget\" data-widget_type=\"button.default\">\n\t\t\t\t<div class=\"elementor-widget-container\">\n\t\t\t\t\t\t\t\t\t<div class=\"elementor-button-wrapper\">\n\t\t\t\t\t<a class=\"elementor-button elementor-button-link elementor-size-sm\" href=\"https:\/\/portal.fxglobe.io\/register-step-1\">\n\t\t\t\t\t\t<span class=\"elementor-button-content-wrapper\">\n\t\t\t\t\t\t<span class=\"elementor-button-icon\">\n\t\t\t\t<svg xmlns=\"http:\/\/www.w3.org\/2000\/svg\" id=\"Capa_1\" height=\"512\" viewBox=\"0 0 486.346 486.346\" width=\"512\"><g><g id=\"arrow-1-e_1_\"><path d=\"m284.232 444.575c-16.757-.68-29.791-14.816-29.111-31.573.282-6.959 2.948-13.609 7.55-18.836l151.833-150.315-151.832-150.314c-11.774-11.844-11.774-30.973 0-42.817 11.81-11.907 31.037-11.986 42.945-.176.059.058.118.117.176.176l171.572 171.572c11.907 11.81 11.986 31.037.176 42.945-.058.059-.117.118-.176.176l-171.573 171.571c-5.923 5.242-13.659 7.965-21.56 7.591z\"><\/path><path d=\"m455.5 272.7h-425.133c-16.771 0-30.367-13.596-30.367-30.367s13.596-30.367 30.367-30.367h425.133c16.771 0 30.367 13.596 30.367 30.367s-13.596 30.367-30.367 30.367z\"><\/path><\/g><\/g><\/svg>\t\t\t<\/span>\n\t\t\t\t\t\t\t\t\t<span class=\"elementor-button-text\">Conta aberta<\/span>\n\t\t\t\t\t<\/span>\n\t\t\t\t\t<\/a>\n\t\t\t\t<\/div>\n\t\t\t\t\t\t\t\t<\/div>\n\t\t\t\t<\/div>\n\t\t\t\t<\/div>\n\t\t\t\t<\/div>\n\t\t\t\t<\/div>\n\t\t<div class=\"elementor-element elementor-element-cf0a680 e-flex e-con-boxed e-con e-parent\" data-id=\"cf0a680\" data-element_type=\"container\" data-e-type=\"container\">\n\t\t\t\t\t<div class=\"e-con-inner\">\n\t\t<div class=\"elementor-element elementor-element-e5f2b7a e-con-full e-flex e-con e-parent\" data-id=\"e5f2b7a\" data-element_type=\"container\" data-e-type=\"container\">\n\t\t\t\t<div class=\"elementor-element elementor-element-f45c563 elementor-widget__width-initial elementor-hidden-mobile elementor-widget elementor-widget-image\" data-id=\"f45c563\" data-element_type=\"widget\" data-e-type=\"widget\" data-widget_type=\"image.default\">\n\t\t\t\t<div class=\"elementor-widget-container\">\n\t\t\t\t\t\t\t\t\t\t\t\t\t\t\t<img fetchpriority=\"high\" decoding=\"async\" width=\"1303\" height=\"982\" src=\"https:\/\/www.fxglobe.com\/wp-content\/uploads\/2023\/08\/bookmark.png\" class=\"attachment-full size-full wp-image-35057\" alt=\"\" srcset=\"https:\/\/www.fxglobe.com\/wp-content\/uploads\/2023\/08\/bookmark.png 1303w, https:\/\/www.fxglobe.com\/wp-content\/uploads\/2023\/08\/bookmark-300x226.png 300w, https:\/\/www.fxglobe.com\/wp-content\/uploads\/2023\/08\/bookmark-1024x772.png 1024w, https:\/\/www.fxglobe.com\/wp-content\/uploads\/2023\/08\/bookmark-768x579.png 768w\" sizes=\"(max-width: 1303px) 100vw, 1303px\" \/>\t\t\t\t\t\t\t\t\t\t\t\t\t\t\t<\/div>\n\t\t\t\t<\/div>\n\t\t\t\t<div class=\"elementor-element elementor-element-2e90b1a elementor-widget__width-initial elementor-hidden-desktop elementor-widget elementor-widget-image\" data-id=\"2e90b1a\" data-element_type=\"widget\" data-e-type=\"widget\" data-widget_type=\"image.default\">\n\t\t\t\t<div class=\"elementor-widget-container\">\n\t\t\t\t\t\t\t\t\t\t\t\t\t\t\t<img decoding=\"async\" width=\"516\" height=\"850\" src=\"https:\/\/www.fxglobe.com\/wp-content\/uploads\/2023\/08\/group-1174.png\" class=\"attachment-full size-full wp-image-34483\" alt=\"\" srcset=\"https:\/\/www.fxglobe.com\/wp-content\/uploads\/2023\/08\/group-1174.png 516w, https:\/\/www.fxglobe.com\/wp-content\/uploads\/2023\/08\/group-1174-182x300.png 182w\" sizes=\"(max-width: 516px) 100vw, 516px\" \/>\t\t\t\t\t\t\t\t\t\t\t\t\t\t\t<\/div>\n\t\t\t\t<\/div>\n\t\t\t\t<\/div>\n\t\t<div class=\"elementor-element elementor-element-7f1598a e-con-full e-flex e-con e-parent\" data-id=\"7f1598a\" data-element_type=\"container\" data-e-type=\"container\">\n\t\t\t\t<div class=\"elementor-element elementor-element-01c4bd5 elementor-widget__width-initial elementor-widget elementor-widget-heading\" data-id=\"01c4bd5\" data-element_type=\"widget\" data-e-type=\"widget\" data-widget_type=\"heading.default\">\n\t\t\t\t<div class=\"elementor-widget-container\">\n\t\t\t\t\t<h2 class=\"elementor-heading-title elementor-size-default\">Marque o m\u00e1ximo \neventos importantes do mercado<span style=\"color:#DA2D16\">.<\/span><\/h2>\t\t\t\t<\/div>\n\t\t\t\t<\/div>\n\t\t\t\t<div class=\"elementor-element elementor-element-818dabb elementor-widget__width-initial elementor-widget elementor-widget-text-editor\" data-id=\"818dabb\" data-element_type=\"widget\" data-e-type=\"widget\" data-widget_type=\"text-editor.default\">\n\t\t\t\t<div class=\"elementor-widget-container\">\n\t\t\t\t\t\t\t\t\t<p>Agora voc\u00ea pode destacar eventos importantes em sua agenda. Quando se trata de movimentadores de mercado como FOMC e NFP, voc\u00ea precisa estar preparado.<\/p>\n<p>Como? Comece revisando como os eventos anteriores afetaram os mercados. Use esses dados hist\u00f3ricos para planejar sess\u00f5es mais bem-sucedidas.<\/p>\n\t\t\t\t\t\t\t\t<\/div>\n\t\t\t\t<\/div>\n\t\t\t\t<\/div>\n\t\t\t\t\t<\/div>\n\t\t\t\t<\/div>\n\t\t<div class=\"elementor-element elementor-element-31f83f6 e-flex e-con-boxed e-con e-parent\" data-id=\"31f83f6\" data-element_type=\"container\" data-e-type=\"container\">\n\t\t\t\t\t<div class=\"e-con-inner\">\n\t\t<div class=\"elementor-element elementor-element-7de8140 e-con-full e-flex e-con e-parent\" data-id=\"7de8140\" data-element_type=\"container\" data-e-type=\"container\">\n\t\t\t\t<div class=\"elementor-element elementor-element-f3d0908 elementor-widget__width-initial elementor-widget elementor-widget-heading\" data-id=\"f3d0908\" data-element_type=\"widget\" data-e-type=\"widget\" data-widget_type=\"heading.default\">\n\t\t\t\t<div class=\"elementor-widget-container\">\n\t\t\t\t\t<h2 class=\"elementor-heading-title elementor-size-default\">Pr\u00e9-planeje sua negocia\u00e7\u00e3o \ncom eventos econ\u00f4micos<span style=\"color:#DA2D16\">.<\/span><\/h2>\t\t\t\t<\/div>\n\t\t\t\t<\/div>\n\t\t\t\t<div class=\"elementor-element elementor-element-fa06949 elementor-widget__width-initial elementor-widget elementor-widget-text-editor\" data-id=\"fa06949\" data-element_type=\"widget\" data-e-type=\"widget\" data-widget_type=\"text-editor.default\">\n\t\t\t\t<div class=\"elementor-widget-container\">\n\t\t\t\t\t\t\t\t\t<p>A vida de um trader \u00e9 repleta de muitas distra\u00e7\u00f5es \u2013 desde seus relacionamentos e vida pessoal at\u00e9 seu trabalho di\u00e1rio e outras responsabilidades.<\/p>\n<p>Felizmente, o calend\u00e1rio econ\u00f4mico \u00e9 uma ferramenta fant\u00e1stica para integrar com suas negocia\u00e7\u00f5es pr\u00e9-planejadas. Basta marcar o evento, definir suas pr\u00e9-encomendas e automatizar suas negocia\u00e7\u00f5es com base nos maiores eventos di\u00e1rios.<\/p>\n\t\t\t\t\t\t\t\t<\/div>\n\t\t\t\t<\/div>\n\t\t\t\t<\/div>\n\t\t<div class=\"elementor-element elementor-element-d08f21a e-con-full e-flex e-con e-parent\" data-id=\"d08f21a\" data-element_type=\"container\" data-e-type=\"container\">\n\t\t\t\t<div class=\"elementor-element elementor-element-aaf92c9 elementor-widget__width-initial elementor-hidden-mobile elementor-widget elementor-widget-image\" data-id=\"aaf92c9\" data-element_type=\"widget\" data-e-type=\"widget\" data-widget_type=\"image.default\">\n\t\t\t\t<div class=\"elementor-widget-container\">\n\t\t\t\t\t\t\t\t\t\t\t\t\t\t\t<img loading=\"lazy\" decoding=\"async\" width=\"1197\" height=\"932\" src=\"https:\/\/www.fxglobe.com\/wp-content\/uploads\/2023\/08\/preplan.png\" class=\"attachment-full size-full wp-image-35067\" alt=\"\" srcset=\"https:\/\/www.fxglobe.com\/wp-content\/uploads\/2023\/08\/preplan.png 1197w, https:\/\/www.fxglobe.com\/wp-content\/uploads\/2023\/08\/preplan-300x234.png 300w, https:\/\/www.fxglobe.com\/wp-content\/uploads\/2023\/08\/preplan-1024x797.png 1024w, https:\/\/www.fxglobe.com\/wp-content\/uploads\/2023\/08\/preplan-768x598.png 768w\" sizes=\"(max-width: 1197px) 100vw, 1197px\" \/>\t\t\t\t\t\t\t\t\t\t\t\t\t\t\t<\/div>\n\t\t\t\t<\/div>\n\t\t\t\t<div class=\"elementor-element elementor-element-370e6d4 elementor-widget__width-initial elementor-hidden-desktop elementor-widget elementor-widget-image\" data-id=\"370e6d4\" data-element_type=\"widget\" data-e-type=\"widget\" data-widget_type=\"image.default\">\n\t\t\t\t<div class=\"elementor-widget-container\">\n\t\t\t\t\t\t\t\t\t\t\t\t\t\t\t<img loading=\"lazy\" decoding=\"async\" width=\"536\" height=\"739\" src=\"https:\/\/www.fxglobe.com\/wp-content\/uploads\/2023\/08\/group-1172.png\" class=\"attachment-full size-full wp-image-34463\" alt=\"\" srcset=\"https:\/\/www.fxglobe.com\/wp-content\/uploads\/2023\/08\/group-1172.png 536w, https:\/\/www.fxglobe.com\/wp-content\/uploads\/2023\/08\/group-1172-218x300.png 218w\" sizes=\"(max-width: 536px) 100vw, 536px\" \/>\t\t\t\t\t\t\t\t\t\t\t\t\t\t\t<\/div>\n\t\t\t\t<\/div>\n\t\t\t\t<\/div>\n\t\t\t\t\t<\/div>\n\t\t\t\t<\/div>\n\t\t\t\t<\/div>\n\t\t","protected":false},"excerpt":{"rendered":"<p>Fique atento ao nosso calend\u00e1rio econ\u00f4mico Acompanhe os eventos do mercado global para obter uma grande vantagem comercial e use notifica\u00e7\u00f5es inteligentes para nunca perder um importante lan\u00e7amento de dados, an\u00fancio ou discurso. Conta aberta Marque o m\u00e1ximo eventos importantes do mercado. Agora voc\u00ea pode destacar eventos importantes em sua agenda. Quando se trata de [&hellip;]<\/p>\n","protected":false},"author":13,"featured_media":0,"parent":0,"menu_order":0,"comment_status":"closed","ping_status":"closed","template":"","meta":{"_acf_changed":false,"_seopress_robots_primary_cat":"","_seopress_titles_title":"","_seopress_titles_desc":"","_seopress_robots_index":"","footnotes":"","_links_to":"","_links_to_target":""},"class_list":["post-35388","page","type-page","status-publish","hentry"],"acf":[],"_links":{"self":[{"href":"https:\/\/www.fxglobe.com\/pt-pt\/wp-json\/wp\/v2\/pages\/35388","targetHints":{"allow":["GET"]}}],"collection":[{"href":"https:\/\/www.fxglobe.com\/pt-pt\/wp-json\/wp\/v2\/pages"}],"about":[{"href":"https:\/\/www.fxglobe.com\/pt-pt\/wp-json\/wp\/v2\/types\/page"}],"author":[{"embeddable":true,"href":"https:\/\/www.fxglobe.com\/pt-pt\/wp-json\/wp\/v2\/users\/13"}],"replies":[{"embeddable":true,"href":"https:\/\/www.fxglobe.com\/pt-pt\/wp-json\/wp\/v2\/comments?post=35388"}],"version-history":[{"count":0,"href":"https:\/\/www.fxglobe.com\/pt-pt\/wp-json\/wp\/v2\/pages\/35388\/revisions"}],"wp:attachment":[{"href":"https:\/\/www.fxglobe.com\/pt-pt\/wp-json\/wp\/v2\/media?parent=35388"}],"curies":[{"name":"wp","href":"https:\/\/api.w.org\/{rel}","templated":true}]}}