{"id":4454,"date":"2022-09-21T12:30:43","date_gmt":"2022-09-21T12:30:43","guid":{"rendered":"https:\/\/fxglobe.wpenginepowered.com\/tornar-se-socio\/termos-e-comissoes\/"},"modified":"2022-10-31T20:05:48","modified_gmt":"2022-10-31T20:05:48","slug":"termos-e-comissoes","status":"publish","type":"page","link":"https:\/\/www.fxglobe.com\/pt-pt\/tornar-se-socio\/termos-e-comissoes\/","title":{"rendered":"Termos e Comiss\u00f5es"},"content":{"rendered":"\t\t<div data-elementor-type=\"wp-page\" data-elementor-id=\"4454\" class=\"elementor elementor-4454 elementor-536\" data-elementor-post-type=\"page\">\n\t\t\t\t<div class=\"elementor-element elementor-element-af1c837 e-con-full e-flex e-con e-parent\" data-id=\"af1c837\" data-element_type=\"container\" data-e-type=\"container\">\n\t\t\t\t<div class=\"elementor-element elementor-element-0889b23 elementor-absolute elementor-hidden-mobile elementor-invisible elementor-widget elementor-widget-image\" data-id=\"0889b23\" data-element_type=\"widget\" data-e-type=\"widget\" data-settings=\"{&quot;_position&quot;:&quot;absolute&quot;,&quot;motion_fx_motion_fx_mouse&quot;:&quot;yes&quot;,&quot;motion_fx_mouseTrack_effect&quot;:&quot;yes&quot;,&quot;motion_fx_mouseTrack_speed&quot;:{&quot;unit&quot;:&quot;px&quot;,&quot;size&quot;:0.2,&quot;sizes&quot;:[]},&quot;_animation&quot;:&quot;zoomIn&quot;}\" data-widget_type=\"image.default\">\n\t\t\t\t<div class=\"elementor-widget-container\">\n\t\t\t\t\t\t\t\t\t\t\t\t\t\t\t<img decoding=\"async\" width=\"33\" height=\"33\" src=\"https:\/\/www.fxglobe.com\/wp-content\/uploads\/2022\/09\/orange-ball.svg\" class=\"attachment-full size-full wp-image-3186\" alt=\"\" \/>\t\t\t\t\t\t\t\t\t\t\t\t\t\t\t<\/div>\n\t\t\t\t<\/div>\n\t\t<div class=\"elementor-element elementor-element-104d4f6 e-con-full e-flex e-con e-parent\" data-id=\"104d4f6\" data-element_type=\"container\" data-e-type=\"container\" data-settings=\"{&quot;background_background&quot;:&quot;classic&quot;}\">\n\t\t\t\t<div class=\"elementor-element elementor-element-636270f elementor-widget__width-initial elementor-absolute animated-slow elementor-invisible elementor-widget elementor-widget-image\" data-id=\"636270f\" data-element_type=\"widget\" data-e-type=\"widget\" data-settings=\"{&quot;_position&quot;:&quot;absolute&quot;,&quot;_animation&quot;:&quot;fadeInLeft&quot;}\" data-widget_type=\"image.default\">\n\t\t\t\t<div class=\"elementor-widget-container\">\n\t\t\t\t\t\t\t\t\t\t\t\t\t\t\t<img decoding=\"async\" width=\"117\" height=\"153\" src=\"https:\/\/www.fxglobe.com\/wp-content\/uploads\/2022\/09\/Big-ball-left.png\" class=\"attachment-full size-full wp-image-3106\" alt=\"\" \/>\t\t\t\t\t\t\t\t\t\t\t\t\t\t\t<\/div>\n\t\t\t\t<\/div>\n\t\t<div class=\"elementor-element elementor-element-94a6e1c e-con-full e-flex e-con e-parent\" data-id=\"94a6e1c\" data-element_type=\"container\" data-e-type=\"container\">\n\t\t\t\t<div class=\"elementor-element elementor-element-7cb92f1 elementor-widget__width-inherit elementor-widget elementor-widget-heading\" data-id=\"7cb92f1\" data-element_type=\"widget\" data-e-type=\"widget\" data-widget_type=\"heading.default\">\n\t\t\t\t<div class=\"elementor-widget-container\">\n\t\t\t\t\t<h6 class=\"elementor-heading-title elementor-size-default\">S\u00f3cios<\/h6>\t\t\t\t<\/div>\n\t\t\t\t<\/div>\n\t\t\t\t<div class=\"elementor-element elementor-element-46368f5 elementor-widget__width-inherit elementor-widget elementor-widget-heading\" data-id=\"46368f5\" data-element_type=\"widget\" data-e-type=\"widget\" data-widget_type=\"heading.default\">\n\t\t\t\t<div class=\"elementor-widget-container\">\n\t\t\t\t\t<h1 class=\"elementor-heading-title elementor-size-default\">Termos e Comiss\u00f5es <span style=\"color:#DA2D16\">.<\/span><\/h1>\t\t\t\t<\/div>\n\t\t\t\t<\/div>\n\t\t\t\t<div class=\"elementor-element elementor-element-e0361bb elementor-widget elementor-widget-text-editor\" data-id=\"e0361bb\" data-element_type=\"widget\" data-e-type=\"widget\" data-widget_type=\"text-editor.default\">\n\t\t\t\t<div class=\"elementor-widget-container\">\n\t\t\t\t\t\t\t\t\t<p>Veja os tipos de pr\u00e9mios de comiss\u00f5es e desempenho que o nosso programa de S\u00f3cios oferece!<\/p>\n\t\t\t\t\t\t\t\t<\/div>\n\t\t\t\t<\/div>\n\t\t\t\t<div class=\"elementor-element elementor-element-a908b77 elementor-widget elementor-widget-button\" data-id=\"a908b77\" data-element_type=\"widget\" data-e-type=\"widget\" data-widget_type=\"button.default\">\n\t\t\t\t<div class=\"elementor-widget-container\">\n\t\t\t\t\t\t\t\t\t<div class=\"elementor-button-wrapper\">\n\t\t\t\t\t<a class=\"elementor-button elementor-button-link elementor-size-sm\" href=\"https:\/\/portal.fxglobe.io\/register-step-1\">\n\t\t\t\t\t\t<span class=\"elementor-button-content-wrapper\">\n\t\t\t\t\t\t<span class=\"elementor-button-icon\">\n\t\t\t\t<svg xmlns=\"http:\/\/www.w3.org\/2000\/svg\" id=\"Capa_1\" height=\"512\" viewBox=\"0 0 486.346 486.346\" width=\"512\"><g><g id=\"arrow-1-e_1_\"><path d=\"m284.232 444.575c-16.757-.68-29.791-14.816-29.111-31.573.282-6.959 2.948-13.609 7.55-18.836l151.833-150.315-151.832-150.314c-11.774-11.844-11.774-30.973 0-42.817 11.81-11.907 31.037-11.986 42.945-.176.059.058.118.117.176.176l171.572 171.572c11.907 11.81 11.986 31.037.176 42.945-.058.059-.117.118-.176.176l-171.573 171.571c-5.923 5.242-13.659 7.965-21.56 7.591z\"><\/path><path d=\"m455.5 272.7h-425.133c-16.771 0-30.367-13.596-30.367-30.367s13.596-30.367 30.367-30.367h425.133c16.771 0 30.367 13.596 30.367 30.367s-13.596 30.367-30.367 30.367z\"><\/path><\/g><\/g><\/svg>\t\t\t<\/span>\n\t\t\t\t\t\t\t\t\t<span class=\"elementor-button-text\">Torne-se um S\u00f3cio<\/span>\n\t\t\t\t\t<\/span>\n\t\t\t\t\t<\/a>\n\t\t\t\t<\/div>\n\t\t\t\t\t\t\t\t<\/div>\n\t\t\t\t<\/div>\n\t\t\t\t<\/div>\n\t\t\t\t<\/div>\n\t\t\t\t<\/div>\n\t\t<div class=\"elementor-element elementor-element-427923c e-flex e-con-boxed e-con e-parent\" data-id=\"427923c\" data-element_type=\"container\" data-e-type=\"container\">\n\t\t\t\t\t<div class=\"e-con-inner\">\n\t\t\t\t<div class=\"elementor-element elementor-element-f4b8630 elementor-widget__width-initial elementor-widget elementor-widget-image\" data-id=\"f4b8630\" data-element_type=\"widget\" data-e-type=\"widget\" data-widget_type=\"image.default\">\n\t\t\t\t<div class=\"elementor-widget-container\">\n\t\t\t\t\t\t\t\t\t\t\t\t\t\t\t<img fetchpriority=\"high\" decoding=\"async\" width=\"613\" height=\"733\" src=\"https:\/\/www.fxglobe.com\/wp-content\/uploads\/2022\/09\/Commission-CPL..jpg\" class=\"attachment-full size-full wp-image-3300\" alt=\"\" srcset=\"https:\/\/www.fxglobe.com\/wp-content\/uploads\/2022\/09\/Commission-CPL..jpg 613w, https:\/\/www.fxglobe.com\/wp-content\/uploads\/2022\/09\/Commission-CPL.-251x300.jpg 251w\" sizes=\"(max-width: 613px) 100vw, 613px\" \/>\t\t\t\t\t\t\t\t\t\t\t\t\t\t\t<\/div>\n\t\t\t\t<\/div>\n\t\t<div class=\"elementor-element elementor-element-810a0f5 e-con-full e-flex e-con e-parent\" data-id=\"810a0f5\" data-element_type=\"container\" data-e-type=\"container\">\n\t\t\t\t<div class=\"elementor-element elementor-element-a28ed3c elementor-widget__width-inherit elementor-widget elementor-widget-heading\" data-id=\"a28ed3c\" data-element_type=\"widget\" data-e-type=\"widget\" data-widget_type=\"heading.default\">\n\t\t\t\t<div class=\"elementor-widget-container\">\n\t\t\t\t\t<h2 class=\"elementor-heading-title elementor-size-default\">CPL, custo por lead<span style=\"color:#DA2D16\">.<\/span><\/h2>\t\t\t\t<\/div>\n\t\t\t\t<\/div>\n\t\t\t\t<div class=\"elementor-element elementor-element-aeaabde elementor-widget elementor-widget-text-editor\" data-id=\"aeaabde\" data-element_type=\"widget\" data-e-type=\"widget\" data-widget_type=\"text-editor.default\">\n\t\t\t\t<div class=\"elementor-widget-container\">\n\t\t\t\t\t\t\t\t\t<p>Ganhe comiss\u00e3o por cada lead que enviar para a FXGlobe com o nosso programa de afiliados CPL (custo por lead). <\/p>\n<p>\u00c9 ideal para webmasters, especialistas SEO e gestores de marketing que possam enviar maiores volumes de tr\u00e1fego direcionado. O potencial de ganhos \u00e9 ilimitado! <\/p>\n\t\t\t\t\t\t\t\t<\/div>\n\t\t\t\t<\/div>\n\t\t\t\t<div class=\"elementor-element elementor-element-76db9af elementor-icon-list--layout-traditional elementor-list-item-link-full_width elementor-widget elementor-widget-icon-list\" data-id=\"76db9af\" data-element_type=\"widget\" data-e-type=\"widget\" data-widget_type=\"icon-list.default\">\n\t\t\t\t<div class=\"elementor-widget-container\">\n\t\t\t\t\t\t\t<ul class=\"elementor-icon-list-items\">\n\t\t\t\t\t\t\t<li class=\"elementor-icon-list-item\">\n\t\t\t\t\t\t\t\t\t\t\t<span class=\"elementor-icon-list-icon\">\n\t\t\t\t\t\t\t<svg xmlns=\"http:\/\/www.w3.org\/2000\/svg\" width=\"21\" height=\"22\" viewBox=\"0 0 21 22\" fill=\"none\"><path d=\"M20 10.1314V11.0054C19.9988 13.054 19.3355 15.0474 18.1089 16.6882C16.8823 18.329 15.1581 19.5293 13.1936 20.1101C11.2291 20.691 9.12939 20.6212 7.20775 19.9113C5.2861 19.2013 3.64542 17.8892 2.53041 16.1706C1.4154 14.4521 0.885802 12.4191 1.02059 10.3749C1.15538 8.33077 1.94735 6.38495 3.27837 4.82766C4.60938 3.27037 6.40814 2.18505 8.40638 1.73358C10.4046 1.2821 12.4953 1.48866 14.3665 2.32244\" stroke=\"#DA2D16\" stroke-width=\"2\" stroke-linecap=\"round\" stroke-linejoin=\"round\"><\/path><path d=\"M20.0004 3.40527L10.5004 12.9148L7.65039 10.0648\" stroke=\"#DA2D16\" stroke-width=\"2\" stroke-linecap=\"round\" stroke-linejoin=\"round\"><\/path><\/svg>\t\t\t\t\t\t<\/span>\n\t\t\t\t\t\t\t\t\t\t<span class=\"elementor-icon-list-text\">Relat\u00f3rios de f\u00e1cil utiliza\u00e7\u00e3o para analisar o seu desempenho<\/span>\n\t\t\t\t\t\t\t\t\t<\/li>\n\t\t\t\t\t\t\t\t<li class=\"elementor-icon-list-item\">\n\t\t\t\t\t\t\t\t\t\t\t<span class=\"elementor-icon-list-icon\">\n\t\t\t\t\t\t\t<svg xmlns=\"http:\/\/www.w3.org\/2000\/svg\" width=\"21\" height=\"22\" viewBox=\"0 0 21 22\" fill=\"none\"><path d=\"M20 10.1314V11.0054C19.9988 13.054 19.3355 15.0474 18.1089 16.6882C16.8823 18.329 15.1581 19.5293 13.1936 20.1101C11.2291 20.691 9.12939 20.6212 7.20775 19.9113C5.2861 19.2013 3.64542 17.8892 2.53041 16.1706C1.4154 14.4521 0.885802 12.4191 1.02059 10.3749C1.15538 8.33077 1.94735 6.38495 3.27837 4.82766C4.60938 3.27037 6.40814 2.18505 8.40638 1.73358C10.4046 1.2821 12.4953 1.48866 14.3665 2.32244\" stroke=\"#DA2D16\" stroke-width=\"2\" stroke-linecap=\"round\" stroke-linejoin=\"round\"><\/path><path d=\"M20.0004 3.40527L10.5004 12.9148L7.65039 10.0648\" stroke=\"#DA2D16\" stroke-width=\"2\" stroke-linecap=\"round\" stroke-linejoin=\"round\"><\/path><\/svg>\t\t\t\t\t\t<\/span>\n\t\t\t\t\t\t\t\t\t\t<span class=\"elementor-icon-list-text\">Lucros depositados na sua conta todos os meses<\/span>\n\t\t\t\t\t\t\t\t\t<\/li>\n\t\t\t\t\t\t\t\t<li class=\"elementor-icon-list-item\">\n\t\t\t\t\t\t\t\t\t\t\t<span class=\"elementor-icon-list-icon\">\n\t\t\t\t\t\t\t<svg xmlns=\"http:\/\/www.w3.org\/2000\/svg\" width=\"21\" height=\"22\" viewBox=\"0 0 21 22\" fill=\"none\"><path d=\"M20 10.1314V11.0054C19.9988 13.054 19.3355 15.0474 18.1089 16.6882C16.8823 18.329 15.1581 19.5293 13.1936 20.1101C11.2291 20.691 9.12939 20.6212 7.20775 19.9113C5.2861 19.2013 3.64542 17.8892 2.53041 16.1706C1.4154 14.4521 0.885802 12.4191 1.02059 10.3749C1.15538 8.33077 1.94735 6.38495 3.27837 4.82766C4.60938 3.27037 6.40814 2.18505 8.40638 1.73358C10.4046 1.2821 12.4953 1.48866 14.3665 2.32244\" stroke=\"#DA2D16\" stroke-width=\"2\" stroke-linecap=\"round\" stroke-linejoin=\"round\"><\/path><path d=\"M20.0004 3.40527L10.5004 12.9148L7.65039 10.0648\" stroke=\"#DA2D16\" stroke-width=\"2\" stroke-linecap=\"round\" stroke-linejoin=\"round\"><\/path><\/svg>\t\t\t\t\t\t<\/span>\n\t\t\t\t\t\t\t\t\t\t<span class=\"elementor-icon-list-text\">Levantamentos r\u00e1pidos <\/span>\n\t\t\t\t\t\t\t\t\t<\/li>\n\t\t\t\t\t\t\t\t<li class=\"elementor-icon-list-item\">\n\t\t\t\t\t\t\t\t\t\t\t<span class=\"elementor-icon-list-icon\">\n\t\t\t\t\t\t\t<svg xmlns=\"http:\/\/www.w3.org\/2000\/svg\" width=\"21\" height=\"22\" viewBox=\"0 0 21 22\" fill=\"none\"><path d=\"M20 10.1314V11.0054C19.9988 13.054 19.3355 15.0474 18.1089 16.6882C16.8823 18.329 15.1581 19.5293 13.1936 20.1101C11.2291 20.691 9.12939 20.6212 7.20775 19.9113C5.2861 19.2013 3.64542 17.8892 2.53041 16.1706C1.4154 14.4521 0.885802 12.4191 1.02059 10.3749C1.15538 8.33077 1.94735 6.38495 3.27837 4.82766C4.60938 3.27037 6.40814 2.18505 8.40638 1.73358C10.4046 1.2821 12.4953 1.48866 14.3665 2.32244\" stroke=\"#DA2D16\" stroke-width=\"2\" stroke-linecap=\"round\" stroke-linejoin=\"round\"><\/path><path d=\"M20.0004 3.40527L10.5004 12.9148L7.65039 10.0648\" stroke=\"#DA2D16\" stroke-width=\"2\" stroke-linecap=\"round\" stroke-linejoin=\"round\"><\/path><\/svg>\t\t\t\t\t\t<\/span>\n\t\t\t\t\t\t\t\t\t\t<span class=\"elementor-icon-list-text\">Widgets, banners, e outros materiais promocionais<\/span>\n\t\t\t\t\t\t\t\t\t<\/li>\n\t\t\t\t\t\t\t\t<li class=\"elementor-icon-list-item\">\n\t\t\t\t\t\t\t\t\t\t\t<span class=\"elementor-icon-list-icon\">\n\t\t\t\t\t\t\t<svg xmlns=\"http:\/\/www.w3.org\/2000\/svg\" width=\"21\" height=\"22\" viewBox=\"0 0 21 22\" fill=\"none\"><path d=\"M20 10.1314V11.0054C19.9988 13.054 19.3355 15.0474 18.1089 16.6882C16.8823 18.329 15.1581 19.5293 13.1936 20.1101C11.2291 20.691 9.12939 20.6212 7.20775 19.9113C5.2861 19.2013 3.64542 17.8892 2.53041 16.1706C1.4154 14.4521 0.885802 12.4191 1.02059 10.3749C1.15538 8.33077 1.94735 6.38495 3.27837 4.82766C4.60938 3.27037 6.40814 2.18505 8.40638 1.73358C10.4046 1.2821 12.4953 1.48866 14.3665 2.32244\" stroke=\"#DA2D16\" stroke-width=\"2\" stroke-linecap=\"round\" stroke-linejoin=\"round\"><\/path><path d=\"M20.0004 3.40527L10.5004 12.9148L7.65039 10.0648\" stroke=\"#DA2D16\" stroke-width=\"2\" stroke-linecap=\"round\" stroke-linejoin=\"round\"><\/path><\/svg>\t\t\t\t\t\t<\/span>\n\t\t\t\t\t\t\t\t\t\t<span class=\"elementor-icon-list-text\">Taxas de remunera\u00e7\u00e3o competitivas<\/span>\n\t\t\t\t\t\t\t\t\t<\/li>\n\t\t\t\t\t\t<\/ul>\n\t\t\t\t\t\t<\/div>\n\t\t\t\t<\/div>\n\t\t\t\t<div class=\"elementor-element elementor-element-9ad2d52 elementor-widget elementor-widget-button\" data-id=\"9ad2d52\" data-element_type=\"widget\" data-e-type=\"widget\" data-widget_type=\"button.default\">\n\t\t\t\t<div class=\"elementor-widget-container\">\n\t\t\t\t\t\t\t\t\t<div class=\"elementor-button-wrapper\">\n\t\t\t\t\t<a class=\"elementor-button elementor-button-link elementor-size-sm\" href=\"https:\/\/www.fxglobe.com\/pt-pt\/contacto\/\">\n\t\t\t\t\t\t<span class=\"elementor-button-content-wrapper\">\n\t\t\t\t\t\t<span class=\"elementor-button-icon\">\n\t\t\t\t<svg xmlns=\"http:\/\/www.w3.org\/2000\/svg\" id=\"Capa_1\" height=\"512\" viewBox=\"0 0 486.346 486.346\" width=\"512\"><g><g id=\"arrow-1-e_1_\"><path d=\"m284.232 444.575c-16.757-.68-29.791-14.816-29.111-31.573.282-6.959 2.948-13.609 7.55-18.836l151.833-150.315-151.832-150.314c-11.774-11.844-11.774-30.973 0-42.817 11.81-11.907 31.037-11.986 42.945-.176.059.058.118.117.176.176l171.572 171.572c11.907 11.81 11.986 31.037.176 42.945-.058.059-.117.118-.176.176l-171.573 171.571c-5.923 5.242-13.659 7.965-21.56 7.591z\"><\/path><path d=\"m455.5 272.7h-425.133c-16.771 0-30.367-13.596-30.367-30.367s13.596-30.367 30.367-30.367h425.133c16.771 0 30.367 13.596 30.367 30.367s-13.596 30.367-30.367 30.367z\"><\/path><\/g><\/g><\/svg>\t\t\t<\/span>\n\t\t\t\t\t\t\t\t\t<span class=\"elementor-button-text\">Contacte-nos<\/span>\n\t\t\t\t\t<\/span>\n\t\t\t\t\t<\/a>\n\t\t\t\t<\/div>\n\t\t\t\t\t\t\t\t<\/div>\n\t\t\t\t<\/div>\n\t\t\t\t<\/div>\n\t\t\t\t\t<\/div>\n\t\t\t\t<\/div>\n\t\t<div class=\"elementor-element elementor-element-f46510a e-flex e-con-boxed e-con e-parent\" data-id=\"f46510a\" data-element_type=\"container\" data-e-type=\"container\">\n\t\t\t\t\t<div class=\"e-con-inner\">\n\t\t<div class=\"elementor-element elementor-element-026bca2 e-flex e-con-boxed e-con e-parent\" data-id=\"026bca2\" data-element_type=\"container\" data-e-type=\"container\" data-settings=\"{&quot;background_background&quot;:&quot;classic&quot;}\">\n\t\t\t\t\t<div class=\"e-con-inner\">\n\t\t\t\t<div class=\"elementor-element elementor-element-e90c438 elementor-widget__width-inherit elementor-widget elementor-widget-heading\" data-id=\"e90c438\" data-element_type=\"widget\" data-e-type=\"widget\" data-widget_type=\"heading.default\">\n\t\t\t\t<div class=\"elementor-widget-container\">\n\t\t\t\t\t<h2 class=\"elementor-heading-title elementor-size-default\">CPA, custo por aquisi\u00e7\u00e3o<span style=\"color:#DA2D16\">.<\/span><\/h2>\t\t\t\t<\/div>\n\t\t\t\t<\/div>\n\t\t\t\t<div class=\"elementor-element elementor-element-1231b7f elementor-widget elementor-widget-text-editor\" data-id=\"1231b7f\" data-element_type=\"widget\" data-e-type=\"widget\" data-widget_type=\"text-editor.default\">\n\t\t\t\t<div class=\"elementor-widget-container\">\n\t\t\t\t\t\t\t\t\t<p>O Custo Por A\u00e7\u00e3o (CPA) \u00e9 uma estrutura de comiss\u00e3o atrav\u00e9s da qual n\u00f3s lhe pagamos para utilizadores que tomam uma a\u00e7\u00e3o espec\u00edfica, como a inscri\u00e7\u00e3o numa conta de neg\u00f3cio ou uma chamada telef\u00f3nica. Este modelo de marketing de afilia\u00e7\u00e3o funciona bem para s\u00f3cios que queiram misturar publicidade no(s) seu(s) website(s) sem problemas. Ou seja, pode-se incluir liga\u00e7\u00f5es contextuais ou integr\u00e1-las na concep\u00e7\u00e3o do seu site. Por exemplo, se n\u00e3o quiser usar banners de an\u00fancios, isto poder\u00e1 ser uma boa op\u00e7\u00e3o.<\/p>\n\t\t\t\t\t\t\t\t<\/div>\n\t\t\t\t<\/div>\n\t\t\t\t\t<\/div>\n\t\t\t\t<\/div>\n\t\t<div class=\"elementor-element elementor-element-a840155 e-flex e-con-boxed e-con e-parent\" data-id=\"a840155\" data-element_type=\"container\" data-e-type=\"container\" data-settings=\"{&quot;background_background&quot;:&quot;classic&quot;}\">\n\t\t\t\t\t<div class=\"e-con-inner\">\n\t\t\t\t<div class=\"elementor-element elementor-element-b2b7aa1 elementor-widget__width-inherit elementor-widget elementor-widget-heading\" data-id=\"b2b7aa1\" data-element_type=\"widget\" data-e-type=\"widget\" data-widget_type=\"heading.default\">\n\t\t\t\t<div class=\"elementor-widget-container\">\n\t\t\t\t\t<h2 class=\"elementor-heading-title elementor-size-default\">Desconto<span style=\"color:#DA2D16\">.<\/span><\/h2>\t\t\t\t<\/div>\n\t\t\t\t<\/div>\n\t\t\t\t<div class=\"elementor-element elementor-element-047d423 elementor-widget elementor-widget-text-editor\" data-id=\"047d423\" data-element_type=\"widget\" data-e-type=\"widget\" data-widget_type=\"text-editor.default\">\n\t\t\t\t<div class=\"elementor-widget-container\">\n\t\t\t\t\t\t\t\t\t<p>O nosso modelo de comiss\u00e3o de desconto permite-lhe obter um reembolso de alguns dos spreads ou comiss\u00e3o que j\u00e1 tenha pago nas suas pr\u00f3prias transa\u00e7\u00f5es com a FXGlobe. Pagamos descontos em ambas as condi\u00e7\u00f5es comerciais, para que possa aumentar os seus lucros ou reduzir as suas perdas. O montante dos descontos que ir\u00e1 ganhar depende dos instrumentos que negoceia e do volume e quantidade de transa\u00e7\u00f5es. Os descontos podem ser calculados utilizando o n\u00famero de pips, uma percentagem da comiss\u00e3o ou em USD por lote.<\/p>\n\t\t\t\t\t\t\t\t<\/div>\n\t\t\t\t<\/div>\n\t\t\t\t\t<\/div>\n\t\t\t\t<\/div>\n\t\t<div class=\"elementor-element elementor-element-a893fca e-flex e-con-boxed e-con e-parent\" data-id=\"a893fca\" data-element_type=\"container\" data-e-type=\"container\" data-settings=\"{&quot;background_background&quot;:&quot;classic&quot;}\">\n\t\t\t\t\t<div class=\"e-con-inner\">\n\t\t\t\t<div class=\"elementor-element elementor-element-2732e0e elementor-widget__width-inherit elementor-widget elementor-widget-heading\" data-id=\"2732e0e\" data-element_type=\"widget\" data-e-type=\"widget\" data-widget_type=\"heading.default\">\n\t\t\t\t<div class=\"elementor-widget-container\">\n\t\t\t\t\t<h2 class=\"elementor-heading-title elementor-size-default\">Financiamento Colaborativo com Participa\u00e7\u00e3o nos Lucros<span style=\"color:#DA2D16\">.<\/span><\/h2>\t\t\t\t<\/div>\n\t\t\t\t<\/div>\n\t\t\t\t<div class=\"elementor-element elementor-element-ee32d4c elementor-widget elementor-widget-text-editor\" data-id=\"ee32d4c\" data-element_type=\"widget\" data-e-type=\"widget\" data-widget_type=\"text-editor.default\">\n\t\t\t\t<div class=\"elementor-widget-container\">\n\t\t\t\t\t\t\t\t\t<p>Com o modelo de financiamento colaborativo com participa\u00e7\u00e3o nos lucros, tamb\u00e9m conhecido como rev share ou spread share, \u00e9-lhe paga uma percentagem das receitas que a FXGlobe recebe dos negociantes que nos envia. Isso inclui uma parte dos lucros, perdas e compras dos seus clientes referidos ativos. O principal benef\u00edcio deste modelo \u00e9 o potencial de ganhos a longo prazo &#8211; continuamos a pagar-lhe desde que os seus clientes estejam a negociar ativamente. Como esta estrutura est\u00e1 centrada no sucesso m\u00fatuo e cont\u00ednuo, pode continuar a ganhar durante muito tempo.<\/p>\n\t\t\t\t\t\t\t\t<\/div>\n\t\t\t\t<\/div>\n\t\t\t\t\t<\/div>\n\t\t\t\t<\/div>\n\t\t<div class=\"elementor-element elementor-element-cf19c7c e-flex e-con-boxed e-con e-parent\" data-id=\"cf19c7c\" data-element_type=\"container\" data-e-type=\"container\" data-settings=\"{&quot;background_background&quot;:&quot;classic&quot;}\">\n\t\t\t\t\t<div class=\"e-con-inner\">\n\t\t\t\t<div class=\"elementor-element elementor-element-2e9eea4 elementor-widget__width-inherit elementor-widget elementor-widget-heading\" data-id=\"2e9eea4\" data-element_type=\"widget\" data-e-type=\"widget\" data-widget_type=\"heading.default\">\n\t\t\t\t<div class=\"elementor-widget-container\">\n\t\t\t\t\t<h2 class=\"elementor-heading-title elementor-size-default\">Outras comiss\u00f5es personalizadas<span style=\"color:#DA2D16\">.<\/span><\/h2>\t\t\t\t<\/div>\n\t\t\t\t<\/div>\n\t\t\t\t<div class=\"elementor-element elementor-element-c4edfc4 elementor-widget elementor-widget-text-editor\" data-id=\"c4edfc4\" data-element_type=\"widget\" data-e-type=\"widget\" data-widget_type=\"text-editor.default\">\n\t\t\t\t<div class=\"elementor-widget-container\">\n\t\t\t\t\t\t\t\t\t<p>Compreendemos que algumas pessoas procuram um tipo diferente de parceria, algo exclusivamente adaptado ao seu modelo de neg\u00f3cio. Se sentir que existe uma base para uma parceria de confian\u00e7a duradoura entre n\u00f3s, por favor contacte-nos para que possamos falar sobre isso.<\/p>\n\t\t\t\t\t\t\t\t<\/div>\n\t\t\t\t<\/div>\n\t\t\t\t\t<\/div>\n\t\t\t\t<\/div>\n\t\t<div class=\"elementor-element elementor-element-03f1546 e-flex e-con-boxed e-con e-parent\" data-id=\"03f1546\" data-element_type=\"container\" data-e-type=\"container\" data-settings=\"{&quot;background_background&quot;:&quot;classic&quot;}\">\n\t\t\t\t\t<div class=\"e-con-inner\">\n\t\t\t\t<div class=\"elementor-element elementor-element-88369b5 elementor-widget__width-inherit elementor-widget elementor-widget-heading\" data-id=\"88369b5\" data-element_type=\"widget\" data-e-type=\"widget\" data-widget_type=\"heading.default\">\n\t\t\t\t<div class=\"elementor-widget-container\">\n\t\t\t\t\t<h2 class=\"elementor-heading-title elementor-size-default\">Termos e acordo<span style=\"color:#DA2D16\">.<\/span><\/h2>\t\t\t\t<\/div>\n\t\t\t\t<\/div>\n\t\t\t\t<div class=\"elementor-element elementor-element-d89e2ea elementor-widget elementor-widget-text-editor\" data-id=\"d89e2ea\" data-element_type=\"widget\" data-e-type=\"widget\" data-widget_type=\"text-editor.default\">\n\t\t\t\t<div class=\"elementor-widget-container\">\n\t\t\t\t\t\t\t\t\t<p>Se estiver pronto para representar a FXGlobe e a apresentar-nos \u00e0 sua rede, damos-lhe as boas-vindas para que possa analisar minuciosamente o acordo que assinaremos em conjunto. Por favor reveja os Termos, Acordo de Parceiros, e documentos legais gerais. Se j\u00e1 respondemos a todas as suas perguntas, vamos come\u00e7ar! Configure a conta do seu s\u00f3cio e agende uma chamada com a nossa equipa para saber quais s\u00e3o os seus pr\u00f3ximos passos.<\/p>\n\t\t\t\t\t\t\t\t<\/div>\n\t\t\t\t<\/div>\n\t\t\t\t\t<\/div>\n\t\t\t\t<\/div>\n\t\t\t\t\t<\/div>\n\t\t\t\t<\/div>\n\t\t\t\t<\/div>\n\t\t","protected":false},"excerpt":{"rendered":"<p>S\u00f3cios Termos e Comiss\u00f5es . Veja os tipos de pr\u00e9mios de comiss\u00f5es e desempenho que o nosso programa de S\u00f3cios oferece! Torne-se um S\u00f3cio CPL, custo por lead. Ganhe comiss\u00e3o por cada lead que enviar para a FXGlobe com o nosso programa de afiliados CPL (custo por lead). \u00c9 ideal para webmasters, especialistas SEO e [&hellip;]<\/p>\n","protected":false},"author":13,"featured_media":0,"parent":4446,"menu_order":0,"comment_status":"closed","ping_status":"closed","template":"","meta":{"_acf_changed":false,"_seopress_robots_primary_cat":"","_seopress_titles_title":"","_seopress_titles_desc":"","_seopress_robots_index":"","footnotes":"","_links_to":"","_links_to_target":""},"class_list":["post-4454","page","type-page","status-publish","hentry"],"acf":[],"_links":{"self":[{"href":"https:\/\/www.fxglobe.com\/pt-pt\/wp-json\/wp\/v2\/pages\/4454","targetHints":{"allow":["GET"]}}],"collection":[{"href":"https:\/\/www.fxglobe.com\/pt-pt\/wp-json\/wp\/v2\/pages"}],"about":[{"href":"https:\/\/www.fxglobe.com\/pt-pt\/wp-json\/wp\/v2\/types\/page"}],"author":[{"embeddable":true,"href":"https:\/\/www.fxglobe.com\/pt-pt\/wp-json\/wp\/v2\/users\/13"}],"replies":[{"embeddable":true,"href":"https:\/\/www.fxglobe.com\/pt-pt\/wp-json\/wp\/v2\/comments?post=4454"}],"version-history":[{"count":0,"href":"https:\/\/www.fxglobe.com\/pt-pt\/wp-json\/wp\/v2\/pages\/4454\/revisions"}],"up":[{"embeddable":true,"href":"https:\/\/www.fxglobe.com\/pt-pt\/wp-json\/wp\/v2\/pages\/4446"}],"wp:attachment":[{"href":"https:\/\/www.fxglobe.com\/pt-pt\/wp-json\/wp\/v2\/media?parent=4454"}],"curies":[{"name":"wp","href":"https:\/\/api.w.org\/{rel}","templated":true}]}}