{"id":35413,"date":"2023-08-23T07:36:33","date_gmt":"2023-08-23T07:36:33","guid":{"rendered":"https:\/\/fxglobe.wpenginepowered.com\/lich-kinh-te\/"},"modified":"2023-08-26T06:21:49","modified_gmt":"2023-08-26T06:21:49","slug":"lich-kinh-te","status":"publish","type":"page","link":"https:\/\/www.fxglobe.com\/vi\/lich-kinh-te\/","title":{"rendered":"L\u1ecbch Kinh T\u1ebf"},"content":{"rendered":"\t\t<div data-elementor-type=\"wp-page\" data-elementor-id=\"35413\" class=\"elementor elementor-35413 elementor-34249\" data-elementor-post-type=\"page\">\n\t\t\t\t<div class=\"elementor-element elementor-element-8ea2253 e-con-full e-flex e-con e-parent\" data-id=\"8ea2253\" data-element_type=\"container\" data-e-type=\"container\">\n\t\t<div class=\"elementor-element elementor-element-98d7c29 e-con-full e-flex e-con e-parent\" data-id=\"98d7c29\" data-element_type=\"container\" data-e-type=\"container\" data-settings=\"{&quot;background_background&quot;:&quot;classic&quot;}\">\n\t\t\t\t<div class=\"elementor-element elementor-element-48a1b8b elementor-widget__width-initial elementor-absolute animated-slow elementor-invisible elementor-widget elementor-widget-image\" data-id=\"48a1b8b\" data-element_type=\"widget\" data-e-type=\"widget\" data-settings=\"{&quot;_position&quot;:&quot;absolute&quot;,&quot;_animation&quot;:&quot;fadeInLeft&quot;}\" data-widget_type=\"image.default\">\n\t\t\t\t<div class=\"elementor-widget-container\">\n\t\t\t\t\t\t\t\t\t\t\t\t\t\t\t<img decoding=\"async\" width=\"117\" height=\"153\" src=\"https:\/\/www.fxglobe.com\/wp-content\/uploads\/2022\/09\/Big-ball-left.png\" class=\"attachment-full size-full wp-image-3107\" alt=\"\" \/>\t\t\t\t\t\t\t\t\t\t\t\t\t\t\t<\/div>\n\t\t\t\t<\/div>\n\t\t<div class=\"elementor-element elementor-element-315891c e-con-full e-flex e-con e-parent\" data-id=\"315891c\" data-element_type=\"container\" data-e-type=\"container\">\n\t\t\t\t<div class=\"elementor-element elementor-element-a31e73b elementor-widget__width-inherit elementor-widget elementor-widget-heading\" data-id=\"a31e73b\" data-element_type=\"widget\" data-e-type=\"widget\" data-widget_type=\"heading.default\">\n\t\t\t\t<div class=\"elementor-widget-container\">\n\t\t\t\t\t<h1 class=\"elementor-heading-title elementor-size-default\">H\u00e3y theo d\u00f5i l\u1ecbch kinh t\u1ebf c\u1ee7a ch\u00fang t\u00f4i<\/h1>\t\t\t\t<\/div>\n\t\t\t\t<\/div>\n\t\t\t\t<div class=\"elementor-element elementor-element-6898dff elementor-widget elementor-widget-text-editor\" data-id=\"6898dff\" data-element_type=\"widget\" data-e-type=\"widget\" data-widget_type=\"text-editor.default\">\n\t\t\t\t<div class=\"elementor-widget-container\">\n\t\t\t\t\t\t\t\t\t<p>Theo s\u00e1t c\u00e1c s\u1ef1 ki\u1ec7n th\u1ecb tr\u01b0\u1eddng to\u00e0n c\u1ea7u \u0111\u1ec3 gi\u00e0nh \u0111\u01b0\u1ee3c l\u1ee3i th\u1ebf giao d\u1ecbch h\u1ea5p d\u1eabn v\u00e0 s\u1eed d\u1ee5ng th\u00f4ng b\u00e1o th\u00f4ng minh \u0111\u1ec3 kh\u00f4ng bao gi\u1edd b\u1ecf l\u1ee1 b\u1ea5t k\u1ef3 \u0111\u1ee3t c\u00f4ng b\u1ed1 d\u1eef li\u1ec7u, th\u00f4ng b\u00e1o ho\u1eb7c b\u00e0i ph\u00e1t bi\u1ec3u quan tr\u1ecdng n\u00e0o.<\/p>\n\t\t\t\t\t\t\t\t<\/div>\n\t\t\t\t<\/div>\n\t\t\t\t<div class=\"elementor-element elementor-element-1ff6d7e elementor-widget__width-inherit elementor-widget elementor-widget-button\" data-id=\"1ff6d7e\" data-element_type=\"widget\" data-e-type=\"widget\" data-widget_type=\"button.default\">\n\t\t\t\t<div class=\"elementor-widget-container\">\n\t\t\t\t\t\t\t\t\t<div class=\"elementor-button-wrapper\">\n\t\t\t\t\t<a class=\"elementor-button elementor-button-link elementor-size-sm\" href=\"https:\/\/portal.fxglobe.io\/register-step-1\">\n\t\t\t\t\t\t<span class=\"elementor-button-content-wrapper\">\n\t\t\t\t\t\t<span class=\"elementor-button-icon\">\n\t\t\t\t<svg xmlns=\"http:\/\/www.w3.org\/2000\/svg\" id=\"Capa_1\" height=\"512\" viewBox=\"0 0 486.346 486.346\" width=\"512\"><g><g id=\"arrow-1-e_1_\"><path d=\"m284.232 444.575c-16.757-.68-29.791-14.816-29.111-31.573.282-6.959 2.948-13.609 7.55-18.836l151.833-150.315-151.832-150.314c-11.774-11.844-11.774-30.973 0-42.817 11.81-11.907 31.037-11.986 42.945-.176.059.058.118.117.176.176l171.572 171.572c11.907 11.81 11.986 31.037.176 42.945-.058.059-.117.118-.176.176l-171.573 171.571c-5.923 5.242-13.659 7.965-21.56 7.591z\"><\/path><path d=\"m455.5 272.7h-425.133c-16.771 0-30.367-13.596-30.367-30.367s13.596-30.367 30.367-30.367h425.133c16.771 0 30.367 13.596 30.367 30.367s-13.596 30.367-30.367 30.367z\"><\/path><\/g><\/g><\/svg>\t\t\t<\/span>\n\t\t\t\t\t\t\t\t\t<span class=\"elementor-button-text\">M\u1edf T\u00e0i Kho\u1ea3n<\/span>\n\t\t\t\t\t<\/span>\n\t\t\t\t\t<\/a>\n\t\t\t\t<\/div>\n\t\t\t\t\t\t\t\t<\/div>\n\t\t\t\t<\/div>\n\t\t\t\t<\/div>\n\t\t\t\t<\/div>\n\t\t\t\t<\/div>\n\t\t<div class=\"elementor-element elementor-element-cf0a680 e-flex e-con-boxed e-con e-parent\" data-id=\"cf0a680\" data-element_type=\"container\" data-e-type=\"container\">\n\t\t\t\t\t<div class=\"e-con-inner\">\n\t\t<div class=\"elementor-element elementor-element-e5f2b7a e-con-full e-flex e-con e-parent\" data-id=\"e5f2b7a\" data-element_type=\"container\" data-e-type=\"container\">\n\t\t\t\t<div class=\"elementor-element elementor-element-f45c563 elementor-widget__width-initial elementor-hidden-mobile elementor-widget elementor-widget-image\" data-id=\"f45c563\" data-element_type=\"widget\" data-e-type=\"widget\" data-widget_type=\"image.default\">\n\t\t\t\t<div class=\"elementor-widget-container\">\n\t\t\t\t\t\t\t\t\t\t\t\t\t\t\t<img fetchpriority=\"high\" decoding=\"async\" width=\"1303\" height=\"982\" src=\"https:\/\/www.fxglobe.com\/wp-content\/uploads\/2023\/08\/bookmark.png\" class=\"attachment-full size-full wp-image-35060\" alt=\"\" srcset=\"https:\/\/www.fxglobe.com\/wp-content\/uploads\/2023\/08\/bookmark.png 1303w, https:\/\/www.fxglobe.com\/wp-content\/uploads\/2023\/08\/bookmark-300x226.png 300w, https:\/\/www.fxglobe.com\/wp-content\/uploads\/2023\/08\/bookmark-1024x772.png 1024w, https:\/\/www.fxglobe.com\/wp-content\/uploads\/2023\/08\/bookmark-768x579.png 768w\" sizes=\"(max-width: 1303px) 100vw, 1303px\" \/>\t\t\t\t\t\t\t\t\t\t\t\t\t\t\t<\/div>\n\t\t\t\t<\/div>\n\t\t\t\t<div class=\"elementor-element elementor-element-2e90b1a elementor-widget__width-initial elementor-hidden-desktop elementor-widget elementor-widget-image\" data-id=\"2e90b1a\" data-element_type=\"widget\" data-e-type=\"widget\" data-widget_type=\"image.default\">\n\t\t\t\t<div class=\"elementor-widget-container\">\n\t\t\t\t\t\t\t\t\t\t\t\t\t\t\t<img decoding=\"async\" width=\"516\" height=\"850\" src=\"https:\/\/www.fxglobe.com\/wp-content\/uploads\/2023\/08\/group-1174.png\" class=\"attachment-full size-full wp-image-34486\" alt=\"\" srcset=\"https:\/\/www.fxglobe.com\/wp-content\/uploads\/2023\/08\/group-1174.png 516w, https:\/\/www.fxglobe.com\/wp-content\/uploads\/2023\/08\/group-1174-182x300.png 182w\" sizes=\"(max-width: 516px) 100vw, 516px\" \/>\t\t\t\t\t\t\t\t\t\t\t\t\t\t\t<\/div>\n\t\t\t\t<\/div>\n\t\t\t\t<\/div>\n\t\t<div class=\"elementor-element elementor-element-7f1598a e-con-full e-flex e-con e-parent\" data-id=\"7f1598a\" data-element_type=\"container\" data-e-type=\"container\">\n\t\t\t\t<div class=\"elementor-element elementor-element-01c4bd5 elementor-widget__width-initial elementor-widget elementor-widget-heading\" data-id=\"01c4bd5\" data-element_type=\"widget\" data-e-type=\"widget\" data-widget_type=\"heading.default\">\n\t\t\t\t<div class=\"elementor-widget-container\">\n\t\t\t\t\t<h2 class=\"elementor-heading-title elementor-size-default\">\u0110\u00e1nh d\u1ea5u c\u00e1c s\u1ef1 ki\u1ec7n th\u1ecb tr\u01b0\u1eddng \nquan tr\u1ecdng nh\u1ea5t<span style=\"color:#DA2D16\">.<\/span><\/h2>\t\t\t\t<\/div>\n\t\t\t\t<\/div>\n\t\t\t\t<div class=\"elementor-element elementor-element-818dabb elementor-widget__width-initial elementor-widget elementor-widget-text-editor\" data-id=\"818dabb\" data-element_type=\"widget\" data-e-type=\"widget\" data-widget_type=\"text-editor.default\">\n\t\t\t\t<div class=\"elementor-widget-container\">\n\t\t\t\t\t\t\t\t\t<p>Gi\u1edd \u0111\u00e2y, b\u1ea1n \u0111\u00e3 c\u00f3 th\u1ec3 \u0111\u00e1nh d\u1ea5u c\u00e1c s\u1ef1 ki\u1ec7n quan tr\u1ecdng tr\u00ean l\u1ecbch c\u1ee7a m\u00ecnh. B\u1ea1n ph\u1ea3i lu\u00f4n s\u1eb5n s\u00e0ng cho m\u1ecdi \u0111\u1ed9ng th\u00e1i \u0111\u1ebfn t\u1eeb c\u00e1c c\u00e1 voi tr\u00ean th\u1ecb tr\u01b0\u1eddng nh\u01b0 FOMC v\u00e0 NFP.<\/p>\n<p>B\u1eb1ng c\u00e1ch n\u00e0o? H\u00e3y b\u1eaft \u0111\u1ea7u b\u1eb1ng c\u00e1ch xem x\u00e9t c\u00e1c s\u1ef1 ki\u1ec7n tr\u01b0\u1edbc \u0111\u00f3 \u0111\u00e3 \u1ea3nh h\u01b0\u1edfng \u0111\u1ebfn th\u1ecb tr\u01b0\u1eddng nh\u01b0 th\u1ebf n\u00e0o. S\u1eed d\u1ee5ng d\u1eef li\u1ec7u l\u1ecbch s\u1eed \u0111\u00f3 \u0111\u1ec3 l\u1eadp k\u1ebf ho\u1ea1ch cho c\u00e1c phi\u00ean giao d\u1ecbch th\u00e0nh c\u00f4ng h\u01a1n.<\/p>\n\t\t\t\t\t\t\t\t<\/div>\n\t\t\t\t<\/div>\n\t\t\t\t<\/div>\n\t\t\t\t\t<\/div>\n\t\t\t\t<\/div>\n\t\t<div class=\"elementor-element elementor-element-31f83f6 e-flex e-con-boxed e-con e-parent\" data-id=\"31f83f6\" data-element_type=\"container\" data-e-type=\"container\">\n\t\t\t\t\t<div class=\"e-con-inner\">\n\t\t<div class=\"elementor-element elementor-element-7de8140 e-con-full e-flex e-con e-parent\" data-id=\"7de8140\" data-element_type=\"container\" data-e-type=\"container\">\n\t\t\t\t<div class=\"elementor-element elementor-element-f3d0908 elementor-widget__width-initial elementor-widget elementor-widget-heading\" data-id=\"f3d0908\" data-element_type=\"widget\" data-e-type=\"widget\" data-widget_type=\"heading.default\">\n\t\t\t\t<div class=\"elementor-widget-container\">\n\t\t\t\t\t<h2 class=\"elementor-heading-title elementor-size-default\">L\u00ean k\u1ebf ho\u1ea1ch tr\u01b0\u1edbc cho giao d\u1ecbch c\u1ee7a b\u1ea1n \nv\u1edbi C\u00e1c S\u1ef1 Ki\u1ec7n Kinh T\u1ebf<span style=\"color:#DA2D16\">.<\/span><\/h2>\t\t\t\t<\/div>\n\t\t\t\t<\/div>\n\t\t\t\t<div class=\"elementor-element elementor-element-fa06949 elementor-widget__width-initial elementor-widget elementor-widget-text-editor\" data-id=\"fa06949\" data-element_type=\"widget\" data-e-type=\"widget\" data-widget_type=\"text-editor.default\">\n\t\t\t\t<div class=\"elementor-widget-container\">\n\t\t\t\t\t\t\t\t\t<p>Cu\u1ed9c \u0111\u1eddi c\u1ee7a m\u1ed9t nh\u00e0 giao d\u1ecbch lu\u00f4n \u0111i k\u00e8m r\u1ea5t nhi\u1ec1u y\u1ebfu t\u1ed1 g\u00e2y nhi\u1ec5u \u2013 t\u1eeb c\u00e1c m\u1ed1i quan h\u1ec7 v\u00e0 cu\u1ed9c s\u1ed1ng c\u00e1 nh\u00e2n \u0111\u1ebfn c\u00f4ng vi\u1ec7c h\u00e0ng ng\u00e0y v\u00e0 nhi\u1ec1u tr\u00e1ch nhi\u1ec7m kh\u00e1c.<\/p>\n<p>May m\u1eafn thay, l\u1ecbch kinh t\u1ebf l\u00e0 m\u1ed9t c\u00f4ng c\u1ee5 tuy\u1ec7t v\u1eddi \u0111\u1ec3 t\u00edch h\u1ee3p c\u00e1c giao d\u1ecbch \u0111\u00e3 \u0111\u01b0\u1ee3c l\u00ean k\u1ebf ho\u1ea1ch tr\u01b0\u1edbc c\u1ee7a b\u1ea1n. Ch\u1ec9 c\u1ea7n \u0111\u00e1nh d\u1ea5u s\u1ef1 ki\u1ec7n, ti\u1ebfn h\u00e0nh \u0111\u1eb7t c\u1ecdc tr\u01b0\u1edbc tr\u01b0\u1edbc v\u00e0 t\u1ef1 \u0111\u1ed9ng h\u00f3a giao d\u1ecbch c\u1ee7a b\u1ea1n d\u1ef1a tr\u00ean c\u00e1c s\u1ef1 ki\u1ec7n l\u1edbn nh\u1ea5t h\u00e0ng ng\u00e0y.<\/p>\n\t\t\t\t\t\t\t\t<\/div>\n\t\t\t\t<\/div>\n\t\t\t\t<\/div>\n\t\t<div class=\"elementor-element elementor-element-d08f21a e-con-full e-flex e-con e-parent\" data-id=\"d08f21a\" data-element_type=\"container\" data-e-type=\"container\">\n\t\t\t\t<div class=\"elementor-element elementor-element-aaf92c9 elementor-widget__width-initial elementor-hidden-mobile elementor-widget elementor-widget-image\" data-id=\"aaf92c9\" data-element_type=\"widget\" data-e-type=\"widget\" data-widget_type=\"image.default\">\n\t\t\t\t<div class=\"elementor-widget-container\">\n\t\t\t\t\t\t\t\t\t\t\t\t\t\t\t<img loading=\"lazy\" decoding=\"async\" width=\"1197\" height=\"932\" src=\"https:\/\/www.fxglobe.com\/wp-content\/uploads\/2023\/08\/preplan.png\" class=\"attachment-full size-full wp-image-35070\" alt=\"\" srcset=\"https:\/\/www.fxglobe.com\/wp-content\/uploads\/2023\/08\/preplan.png 1197w, https:\/\/www.fxglobe.com\/wp-content\/uploads\/2023\/08\/preplan-300x234.png 300w, https:\/\/www.fxglobe.com\/wp-content\/uploads\/2023\/08\/preplan-1024x797.png 1024w, https:\/\/www.fxglobe.com\/wp-content\/uploads\/2023\/08\/preplan-768x598.png 768w\" sizes=\"(max-width: 1197px) 100vw, 1197px\" \/>\t\t\t\t\t\t\t\t\t\t\t\t\t\t\t<\/div>\n\t\t\t\t<\/div>\n\t\t\t\t<div class=\"elementor-element elementor-element-370e6d4 elementor-widget__width-initial elementor-hidden-desktop elementor-widget elementor-widget-image\" data-id=\"370e6d4\" data-element_type=\"widget\" data-e-type=\"widget\" data-widget_type=\"image.default\">\n\t\t\t\t<div class=\"elementor-widget-container\">\n\t\t\t\t\t\t\t\t\t\t\t\t\t\t\t<img loading=\"lazy\" decoding=\"async\" width=\"536\" height=\"739\" src=\"https:\/\/www.fxglobe.com\/wp-content\/uploads\/2023\/08\/group-1172.png\" class=\"attachment-full size-full wp-image-34466\" alt=\"\" srcset=\"https:\/\/www.fxglobe.com\/wp-content\/uploads\/2023\/08\/group-1172.png 536w, https:\/\/www.fxglobe.com\/wp-content\/uploads\/2023\/08\/group-1172-218x300.png 218w\" sizes=\"(max-width: 536px) 100vw, 536px\" \/>\t\t\t\t\t\t\t\t\t\t\t\t\t\t\t<\/div>\n\t\t\t\t<\/div>\n\t\t\t\t<\/div>\n\t\t\t\t\t<\/div>\n\t\t\t\t<\/div>\n\t\t\t\t<\/div>\n\t\t","protected":false},"excerpt":{"rendered":"<p>H\u00e3y theo d\u00f5i l\u1ecbch kinh t\u1ebf c\u1ee7a ch\u00fang t\u00f4i Theo s\u00e1t c\u00e1c s\u1ef1 ki\u1ec7n th\u1ecb tr\u01b0\u1eddng to\u00e0n c\u1ea7u \u0111\u1ec3 gi\u00e0nh \u0111\u01b0\u1ee3c l\u1ee3i th\u1ebf giao d\u1ecbch h\u1ea5p d\u1eabn v\u00e0 s\u1eed d\u1ee5ng th\u00f4ng b\u00e1o th\u00f4ng minh \u0111\u1ec3 kh\u00f4ng bao gi\u1edd b\u1ecf l\u1ee1 b\u1ea5t k\u1ef3 \u0111\u1ee3t c\u00f4ng b\u1ed1 d\u1eef li\u1ec7u, th\u00f4ng b\u00e1o ho\u1eb7c b\u00e0i ph\u00e1t bi\u1ec3u quan tr\u1ecdng [&hellip;]<\/p>\n","protected":false},"author":13,"featured_media":0,"parent":0,"menu_order":0,"comment_status":"closed","ping_status":"closed","template":"","meta":{"_acf_changed":false,"_seopress_robots_primary_cat":"","_seopress_titles_title":"","_seopress_titles_desc":"","_seopress_robots_index":"","footnotes":"","_links_to":"","_links_to_target":""},"class_list":["post-35413","page","type-page","status-publish","hentry"],"acf":[],"_links":{"self":[{"href":"https:\/\/www.fxglobe.com\/vi\/wp-json\/wp\/v2\/pages\/35413","targetHints":{"allow":["GET"]}}],"collection":[{"href":"https:\/\/www.fxglobe.com\/vi\/wp-json\/wp\/v2\/pages"}],"about":[{"href":"https:\/\/www.fxglobe.com\/vi\/wp-json\/wp\/v2\/types\/page"}],"author":[{"embeddable":true,"href":"https:\/\/www.fxglobe.com\/vi\/wp-json\/wp\/v2\/users\/13"}],"replies":[{"embeddable":true,"href":"https:\/\/www.fxglobe.com\/vi\/wp-json\/wp\/v2\/comments?post=35413"}],"version-history":[{"count":0,"href":"https:\/\/www.fxglobe.com\/vi\/wp-json\/wp\/v2\/pages\/35413\/revisions"}],"wp:attachment":[{"href":"https:\/\/www.fxglobe.com\/vi\/wp-json\/wp\/v2\/media?parent=35413"}],"curies":[{"name":"wp","href":"https:\/\/api.w.org\/{rel}","templated":true}]}}