{"id":35420,"date":"2023-08-23T07:55:58","date_gmt":"2023-08-23T07:55:58","guid":{"rendered":"https:\/\/fxglobe.wpenginepowered.com\/ban-tin\/"},"modified":"2023-08-26T06:26:04","modified_gmt":"2023-08-26T06:26:04","slug":"ban-tin","status":"publish","type":"page","link":"https:\/\/www.fxglobe.com\/vi\/ban-tin\/","title":{"rendered":"B\u1ea3n Tin"},"content":{"rendered":"\t\t<div data-elementor-type=\"wp-page\" data-elementor-id=\"35420\" class=\"elementor elementor-35420 elementor-34319\" data-elementor-post-type=\"page\">\n\t\t\t\t<div class=\"elementor-element elementor-element-ff5f1ce e-con-full e-flex e-con e-parent\" data-id=\"ff5f1ce\" data-element_type=\"container\" data-e-type=\"container\">\n\t\t<div class=\"elementor-element elementor-element-aa6ed13 e-con-full e-flex e-con e-parent\" data-id=\"aa6ed13\" data-element_type=\"container\" data-e-type=\"container\" data-settings=\"{&quot;background_background&quot;:&quot;classic&quot;}\">\n\t\t\t\t<div class=\"elementor-element elementor-element-9372178 elementor-widget__width-initial elementor-absolute animated-slow elementor-invisible elementor-widget elementor-widget-image\" data-id=\"9372178\" data-element_type=\"widget\" data-e-type=\"widget\" data-settings=\"{&quot;_position&quot;:&quot;absolute&quot;,&quot;_animation&quot;:&quot;fadeInLeft&quot;}\" data-widget_type=\"image.default\">\n\t\t\t\t<div class=\"elementor-widget-container\">\n\t\t\t\t\t\t\t\t\t\t\t\t\t\t\t<img decoding=\"async\" width=\"117\" height=\"153\" src=\"https:\/\/www.fxglobe.com\/wp-content\/uploads\/2022\/09\/Big-ball-left.png\" class=\"attachment-full size-full wp-image-3107\" alt=\"\" \/>\t\t\t\t\t\t\t\t\t\t\t\t\t\t\t<\/div>\n\t\t\t\t<\/div>\n\t\t<div class=\"elementor-element elementor-element-52e69ad e-con-full e-flex e-con e-parent\" data-id=\"52e69ad\" data-element_type=\"container\" data-e-type=\"container\">\n\t\t\t\t<div class=\"elementor-element elementor-element-08856f9 elementor-widget__width-inherit elementor-widget elementor-widget-heading\" data-id=\"08856f9\" data-element_type=\"widget\" data-e-type=\"widget\" data-widget_type=\"heading.default\">\n\t\t\t\t<div class=\"elementor-widget-container\">\n\t\t\t\t\t<h1 class=\"elementor-heading-title elementor-size-default\">B\u1ea3n ph\u00e2n t\u00edch th\u1ecb tr\u01b0\u1eddng h\u00e0ng ng\u00e0y c\u1ee7a b\u1ea1n<\/h1>\t\t\t\t<\/div>\n\t\t\t\t<\/div>\n\t\t\t\t<div class=\"elementor-element elementor-element-35222ad elementor-widget elementor-widget-text-editor\" data-id=\"35222ad\" data-element_type=\"widget\" data-e-type=\"widget\" data-widget_type=\"text-editor.default\">\n\t\t\t\t<div class=\"elementor-widget-container\">\n\t\t\t\t\t\t\t\t\t<p>T\u1eadn d\u1ee5ng ngu\u1ed3n tin t\u1ee9c v\u00e0 th\u00f4ng tin kh\u00e1ch quan mi\u1ec5n ph\u00ed, c\u00f9ng nh\u1eefng nh\u1eadn \u0111\u1ecbnh th\u1ecb tr\u01b0\u1eddng t\u1eeb chuy\u00ean gia. <\/p>\n<p>B\u1ea3n tin c\u1ee7a ch\u00fang t\u00f4i \u0111em \u0111\u1ebfn nh\u1eefng c\u1eadp nh\u1eadt v\u1ec1 nh\u1eefng ng\u01b0\u1eddi ch\u01a1i l\u1edbn nh\u1ea5t tr\u00ean th\u1ecb tr\u01b0\u1eddng ngay trong h\u1ed9p th\u01b0 \u0111\u1ebfn c\u1ee7a b\u1ea1n. R\u00e8n luy\u1ec7n k\u1ef9 n\u0103ng ph\u00e2n t\u00edch c\u1ee7a b\u1ea1n theo th\u1eddi gian th\u1ef1c v\u00e0 kh\u00f4ng bao gi\u1edd b\u1ecf l\u1ee1 c\u01a1 h\u1ed9i giao d\u1ecbch n\u00e0o kh\u00e1c! <\/p>\n<div> <\/div>\n\t\t\t\t\t\t\t\t<\/div>\n\t\t\t\t<\/div>\n\t\t\t\t<div class=\"elementor-element elementor-element-4e5acae elementor-widget__width-inherit elementor-widget elementor-widget-button\" data-id=\"4e5acae\" data-element_type=\"widget\" data-e-type=\"widget\" data-widget_type=\"button.default\">\n\t\t\t\t<div class=\"elementor-widget-container\">\n\t\t\t\t\t\t\t\t\t<div class=\"elementor-button-wrapper\">\n\t\t\t\t\t<a class=\"elementor-button elementor-button-link elementor-size-sm\" href=\"https:\/\/portal.fxglobe.io\/register-step-1\">\n\t\t\t\t\t\t<span class=\"elementor-button-content-wrapper\">\n\t\t\t\t\t\t<span class=\"elementor-button-icon\">\n\t\t\t\t<svg xmlns=\"http:\/\/www.w3.org\/2000\/svg\" id=\"Capa_1\" height=\"512\" viewBox=\"0 0 486.346 486.346\" width=\"512\"><g><g id=\"arrow-1-e_1_\"><path d=\"m284.232 444.575c-16.757-.68-29.791-14.816-29.111-31.573.282-6.959 2.948-13.609 7.55-18.836l151.833-150.315-151.832-150.314c-11.774-11.844-11.774-30.973 0-42.817 11.81-11.907 31.037-11.986 42.945-.176.059.058.118.117.176.176l171.572 171.572c11.907 11.81 11.986 31.037.176 42.945-.058.059-.117.118-.176.176l-171.573 171.571c-5.923 5.242-13.659 7.965-21.56 7.591z\"><\/path><path d=\"m455.5 272.7h-425.133c-16.771 0-30.367-13.596-30.367-30.367s13.596-30.367 30.367-30.367h425.133c16.771 0 30.367 13.596 30.367 30.367s-13.596 30.367-30.367 30.367z\"><\/path><\/g><\/g><\/svg>\t\t\t<\/span>\n\t\t\t\t\t\t\t\t\t<span class=\"elementor-button-text\">M\u1edf T\u00e0i Kho\u1ea3n<\/span>\n\t\t\t\t\t<\/span>\n\t\t\t\t\t<\/a>\n\t\t\t\t<\/div>\n\t\t\t\t\t\t\t\t<\/div>\n\t\t\t\t<\/div>\n\t\t\t\t<\/div>\n\t\t\t\t<\/div>\n\t\t\t\t<\/div>\n\t\t<div class=\"elementor-element elementor-element-a8f03ba e-flex e-con-boxed e-con e-parent\" data-id=\"a8f03ba\" data-element_type=\"container\" data-e-type=\"container\">\n\t\t\t\t\t<div class=\"e-con-inner\">\n\t\t<div class=\"elementor-element elementor-element-ba39aca e-con-full e-flex e-con e-parent\" data-id=\"ba39aca\" data-element_type=\"container\" data-e-type=\"container\">\n\t\t\t\t<div class=\"elementor-element elementor-element-76bc00c elementor-widget__width-inherit elementor-widget elementor-widget-heading\" data-id=\"76bc00c\" data-element_type=\"widget\" data-e-type=\"widget\" data-widget_type=\"heading.default\">\n\t\t\t\t<div class=\"elementor-widget-container\">\n\t\t\t\t\t<h2 class=\"elementor-heading-title elementor-size-default\">T\u1eadn d\u1ee5ng \u0111\u1ec3 h\u00e0nh \u0111\u1ed9ng<span style=\"color:#DA2D16\">.<\/span><\/h2>\t\t\t\t<\/div>\n\t\t\t\t<\/div>\n\t\t\t\t<div class=\"elementor-element elementor-element-a9de3ac elementor-widget__width-inherit elementor-widget elementor-widget-text-editor\" data-id=\"a9de3ac\" data-element_type=\"widget\" data-e-type=\"widget\" data-widget_type=\"text-editor.default\">\n\t\t\t\t<div class=\"elementor-widget-container\">\n\t\t\t\t\t\t\t\t\t<p>Theo d\u00f5i c\u00e1c s\u1ef1 ki\u1ec7n kinh t\u1ebf \u0111\u01b0\u1ee3c l\u00ean l\u1ecbch s\u1eb5n l\u00e0 \u0111i\u1ec1u d\u1ec5 d\u00e0ng. Tuy nhi\u00ean, \u0111\u1ec3 bi\u1ebft \u0111\u01b0\u1ee3c \u0111i\u1ec1u g\u00ec \u0111ang th\u1ef1c s\u1ef1 x\u1ea3y ra tr\u00ean th\u1ecb tr\u01b0\u1eddng \u2013 c\u00f4ng ty n\u00e0o s\u1eafp h\u00e0nh \u0111\u1ed9ng, t\u00e0i s\u1ea3n n\u00e0o s\u1eafp b\u00f9ng n\u1ed5 \u2013 l\u1ea1i kh\u00f3 h\u01a1n r\u1ea5t nhi\u1ec1u.<\/p>\n<p>B\u1ea1n c\u1ea7n c\u00f3 nh\u1eefng ph\u00e2n t\u00edch th\u1ecb tr\u01b0\u1eddng ch\u00ednh x\u00e1c, \u0111i k\u00e8m v\u1edbi c\u00e1c th\u00f4ng tin truy\u1ec1n mi\u1ec7ng tr\u00ean th\u1ecb tr\u01b0\u1eddng, c\u1ed9ng v\u1edbi s\u1ef1 gi\u00fap s\u1ee9c c\u1ee7a tin t\u1ee9c v\u00e0 m\u1ed9t s\u1ed1 tin \u0111\u1ed3n giao d\u1ecbch!<\/p>\n\t\t\t\t\t\t\t\t<\/div>\n\t\t\t\t<\/div>\n\t\t\t\t<div class=\"elementor-element elementor-element-e077af2 elementor-widget elementor-widget-heading\" data-id=\"e077af2\" data-element_type=\"widget\" data-e-type=\"widget\" data-widget_type=\"heading.default\">\n\t\t\t\t<div class=\"elementor-widget-container\">\n\t\t\t\t\t<h2 class=\"elementor-heading-title elementor-size-default\">Nh\u1eadn b\u1ea3n tin FXGlobe:<\/h2>\t\t\t\t<\/div>\n\t\t\t\t<\/div>\n\t\t\t\t<div class=\"elementor-element elementor-element-59b4684 elementor-widget__width-initial elementor-hidden-desktop elementor-hidden-tablet elementor-hidden-mobile elementor-button-align-stretch elementor-widget elementor-widget-form\" data-id=\"59b4684\" data-element_type=\"widget\" data-e-type=\"widget\" data-settings=\"{&quot;button_width&quot;:&quot;30&quot;,&quot;step_next_label&quot;:&quot;Ti\\u1ebfp t\\u1ee5c&quot;,&quot;step_previous_label&quot;:&quot;Quay l\\u1ea1i&quot;,&quot;step_type&quot;:&quot;number_text&quot;,&quot;step_icon_shape&quot;:&quot;circle&quot;}\" data-widget_type=\"form.default\">\n\t\t\t\t<div class=\"elementor-widget-container\">\n\t\t\t\t\t\t\t<form class=\"elementor-form\" method=\"post\" name=\"M\u1eabu M\u1edbi\" aria-label=\"M\u1eabu M\u1edbi\">\n\t\t\t<input type=\"hidden\" name=\"post_id\" value=\"35420\"\/>\n\t\t\t<input type=\"hidden\" name=\"form_id\" value=\"59b4684\"\/>\n\t\t\t<input type=\"hidden\" name=\"referer_title\" value=\"B\u1ea3n Tin\" \/>\n\n\t\t\t\t\t\t\t<input type=\"hidden\" name=\"queried_id\" value=\"35420\"\/>\n\t\t\t\n\t\t\t<div class=\"elementor-form-fields-wrapper elementor-labels-\">\n\t\t\t\t\t\t\t\t<div class=\"elementor-field-type-text elementor-field-group elementor-column elementor-field-group-name elementor-col-30\">\n\t\t\t\t\t\t\t\t\t\t\t\t<label for=\"form-field-name\" class=\"elementor-field-label elementor-screen-only\">\n\t\t\t\t\t\t\t\tT\u00ean\t\t\t\t\t\t\t<\/label>\n\t\t\t\t\t\t\t\t\t\t\t\t\t\t<input size=\"1\" type=\"text\" name=\"form_fields[name]\" id=\"form-field-name\" class=\"elementor-field elementor-size-sm  elementor-field-textual\" placeholder=\"T\u00ean\">\n\t\t\t\t\t\t\t\t\t\t\t<\/div>\n\t\t\t\t\t\t\t\t<div class=\"elementor-field-type-email elementor-field-group elementor-column elementor-field-group-email elementor-col-40 elementor-field-required\">\n\t\t\t\t\t\t\t\t\t\t\t\t<label for=\"form-field-email\" class=\"elementor-field-label elementor-screen-only\">\n\t\t\t\t\t\t\t\tEmail\t\t\t\t\t\t\t<\/label>\n\t\t\t\t\t\t\t\t\t\t\t\t\t\t<input size=\"1\" type=\"email\" name=\"form_fields[email]\" id=\"form-field-email\" class=\"elementor-field elementor-size-sm  elementor-field-textual\" placeholder=\"Email\" required=\"required\">\n\t\t\t\t\t\t\t\t\t\t\t<\/div>\n\t\t\t\t\t\t\t\t<div class=\"elementor-field-group elementor-column elementor-field-type-submit elementor-col-30 e-form__buttons\">\n\t\t\t\t\t<button class=\"elementor-button elementor-size-sm\" type=\"submit\">\n\t\t\t\t\t\t<span class=\"elementor-button-content-wrapper\">\n\t\t\t\t\t\t\t\t\t\t\t\t\t\t\t<span class=\"elementor-button-icon\">\n\t\t\t\t\t\t\t\t\t<i aria-hidden=\"true\" class=\"fas fa-arrow-right\"><\/i>\t\t\t\t\t\t\t\t\t\t\t\t\t\t\t\t\t<\/span>\n\t\t\t\t\t\t\t\t\t\t\t\t\t\t\t\t\t\t\t\t\t\t<span class=\"elementor-button-text\">\u0110\u0103ng K\u00fd<\/span>\n\t\t\t\t\t\t\t\t\t\t\t\t\t<\/span>\n\t\t\t\t\t<\/button>\n\t\t\t\t<\/div>\n\t\t\t<\/div>\n\t\t<\/form>\n\t\t\t\t\t\t<\/div>\n\t\t\t\t<\/div>\n\t\t\t\t<div class=\"elementor-element elementor-element-432d6e2 elementor-widget__width-inherit elementor-widget elementor-widget-button\" data-id=\"432d6e2\" data-element_type=\"widget\" data-e-type=\"widget\" data-widget_type=\"button.default\">\n\t\t\t\t<div class=\"elementor-widget-container\">\n\t\t\t\t\t\t\t\t\t<div class=\"elementor-button-wrapper\">\n\t\t\t\t\t<a class=\"elementor-button elementor-button-link elementor-size-sm\" href=\"https:\/\/portal.fxglobe.io\/register-step-1\">\n\t\t\t\t\t\t<span class=\"elementor-button-content-wrapper\">\n\t\t\t\t\t\t<span class=\"elementor-button-icon\">\n\t\t\t\t<svg xmlns=\"http:\/\/www.w3.org\/2000\/svg\" id=\"Capa_1\" height=\"512\" viewBox=\"0 0 486.346 486.346\" width=\"512\"><g><g id=\"arrow-1-e_1_\"><path d=\"m284.232 444.575c-16.757-.68-29.791-14.816-29.111-31.573.282-6.959 2.948-13.609 7.55-18.836l151.833-150.315-151.832-150.314c-11.774-11.844-11.774-30.973 0-42.817 11.81-11.907 31.037-11.986 42.945-.176.059.058.118.117.176.176l171.572 171.572c11.907 11.81 11.986 31.037.176 42.945-.058.059-.117.118-.176.176l-171.573 171.571c-5.923 5.242-13.659 7.965-21.56 7.591z\"><\/path><path d=\"m455.5 272.7h-425.133c-16.771 0-30.367-13.596-30.367-30.367s13.596-30.367 30.367-30.367h425.133c16.771 0 30.367 13.596 30.367 30.367s-13.596 30.367-30.367 30.367z\"><\/path><\/g><\/g><\/svg>\t\t\t<\/span>\n\t\t\t\t\t\t\t\t\t<span class=\"elementor-button-text\">M\u1edf T\u00e0i Kho\u1ea3n<\/span>\n\t\t\t\t\t<\/span>\n\t\t\t\t\t<\/a>\n\t\t\t\t<\/div>\n\t\t\t\t\t\t\t\t<\/div>\n\t\t\t\t<\/div>\n\t\t\t\t<\/div>\n\t\t\t\t<div class=\"elementor-element elementor-element-a0831af elementor-widget__width-initial elementor-widget elementor-widget-image\" data-id=\"a0831af\" data-element_type=\"widget\" data-e-type=\"widget\" data-widget_type=\"image.default\">\n\t\t\t\t<div class=\"elementor-widget-container\">\n\t\t\t\t\t\t\t\t\t\t\t\t\t\t\t<img fetchpriority=\"high\" decoding=\"async\" width=\"1165\" height=\"932\" src=\"https:\/\/www.fxglobe.com\/wp-content\/uploads\/2023\/08\/market-action.png\" class=\"attachment-full size-full wp-image-35098\" alt=\"\" srcset=\"https:\/\/www.fxglobe.com\/wp-content\/uploads\/2023\/08\/market-action.png 1165w, https:\/\/www.fxglobe.com\/wp-content\/uploads\/2023\/08\/market-action-300x240.png 300w, https:\/\/www.fxglobe.com\/wp-content\/uploads\/2023\/08\/market-action-1024x819.png 1024w, https:\/\/www.fxglobe.com\/wp-content\/uploads\/2023\/08\/market-action-768x614.png 768w\" sizes=\"(max-width: 1165px) 100vw, 1165px\" \/>\t\t\t\t\t\t\t\t\t\t\t\t\t\t\t<\/div>\n\t\t\t\t<\/div>\n\t\t\t\t\t<\/div>\n\t\t\t\t<\/div>\n\t\t<div class=\"elementor-element elementor-element-b7d311f e-flex e-con-boxed e-con e-parent\" data-id=\"b7d311f\" data-element_type=\"container\" data-e-type=\"container\">\n\t\t\t\t\t<div class=\"e-con-inner\">\n\t\t\t\t<div class=\"elementor-element elementor-element-942e90b elementor-widget__width-initial elementor-widget elementor-widget-image\" data-id=\"942e90b\" data-element_type=\"widget\" data-e-type=\"widget\" data-widget_type=\"image.default\">\n\t\t\t\t<div class=\"elementor-widget-container\">\n\t\t\t\t\t\t\t\t\t\t\t\t\t\t\t<img decoding=\"async\" width=\"502\" height=\"591\" src=\"https:\/\/www.fxglobe.com\/wp-content\/uploads\/2023\/08\/one-two.png\" class=\"attachment-full size-full wp-image-34356\" alt=\"\" srcset=\"https:\/\/www.fxglobe.com\/wp-content\/uploads\/2023\/08\/one-two.png 502w, https:\/\/www.fxglobe.com\/wp-content\/uploads\/2023\/08\/one-two-255x300.png 255w\" sizes=\"(max-width: 502px) 100vw, 502px\" \/>\t\t\t\t\t\t\t\t\t\t\t\t\t\t\t<\/div>\n\t\t\t\t<\/div>\n\t\t<div class=\"elementor-element elementor-element-ea09899 e-con-full e-flex e-con e-parent\" data-id=\"ea09899\" data-element_type=\"container\" data-e-type=\"container\">\n\t\t\t\t<div class=\"elementor-element elementor-element-98d077c elementor-widget__width-inherit elementor-widget elementor-widget-heading\" data-id=\"98d077c\" data-element_type=\"widget\" data-e-type=\"widget\" data-widget_type=\"heading.default\">\n\t\t\t\t<div class=\"elementor-widget-container\">\n\t\t\t\t\t<h2 class=\"elementor-heading-title elementor-size-default\">Th\u00f4ng tin chuy\u00ean s\u00e2u s\u1edbm nh\u1ea5t th\u1ecb tr\u01b0\u1eddng<span style=\"color:#DA2D16\">.<\/span><\/h2>\t\t\t\t<\/div>\n\t\t\t\t<\/div>\n\t\t\t\t<div class=\"elementor-element elementor-element-7af2041 elementor-widget__width-inherit elementor-widget elementor-widget-text-editor\" data-id=\"7af2041\" data-element_type=\"widget\" data-e-type=\"widget\" data-widget_type=\"text-editor.default\">\n\t\t\t\t<div class=\"elementor-widget-container\">\n\t\t\t\t\t\t\t\t\t<p>Nh\u1eefng kh\u00e1ch h\u00e0ng nh\u1eadn b\u1ea3n tin h\u00e0ng ng\u00e0y c\u1ee7a ch\u00fang t\u00f4i lu\u00f4n l\u00e0 m\u1ed9t trong nh\u1eefng ng\u01b0\u1eddi \u0111\u1ea7u ti\u00ean n\u1eafm b\u1eaft c\u00e1c th\u00f4ng tin chuy\u00ean s\u00e2u v\u1ec1 th\u1ecb tr\u01b0\u1eddng.<\/p>\n<p>Th\u00f4ng tin v\u00e0 th\u1eddi \u0111i\u1ec3m l\u00e0 y\u1ebfu t\u1ed1 quy\u1ebft \u0111\u1ecbnh, \u0111\u1eb7c bi\u1ec7t khi giao d\u1ecbch c\u1ee7a b\u1ea1n d\u1ef1a tr\u00ean nh\u1eefng d\u1ef1 \u0111o\u00e1n t\u01b0\u01a1ng lai. K\u1ebft qu\u1ea3 c\u1ee7a b\u1ea1n s\u1ebd ph\u1ee5 thu\u1ed9c v\u00e0o vi\u1ec7c n\u1eafm b\u1eaft c\u00e1c k\u1ef3 v\u1ecdng c\u1ee7a th\u1ecb tr\u01b0\u1eddng. T\u1ea1i \u0111\u00e2y, b\u1ea1n s\u1ebd lu\u00f4n l\u00e0 ng\u01b0\u1eddi \u0111\u1ea7u ti\u00ean ti\u1ebfp c\u1eadn ch\u00fang. <\/p>\n\t\t\t\t\t\t\t\t<\/div>\n\t\t\t\t<\/div>\n\t\t\t\t<div class=\"elementor-element elementor-element-a9f4c49 elementor-widget__width-inherit elementor-widget elementor-widget-button\" data-id=\"a9f4c49\" data-element_type=\"widget\" data-e-type=\"widget\" data-widget_type=\"button.default\">\n\t\t\t\t<div class=\"elementor-widget-container\">\n\t\t\t\t\t\t\t\t\t<div class=\"elementor-button-wrapper\">\n\t\t\t\t\t<a class=\"elementor-button elementor-button-link elementor-size-sm\" href=\"https:\/\/portal.fxglobe.io\/register-step-1\">\n\t\t\t\t\t\t<span class=\"elementor-button-content-wrapper\">\n\t\t\t\t\t\t<span class=\"elementor-button-icon\">\n\t\t\t\t<svg xmlns=\"http:\/\/www.w3.org\/2000\/svg\" id=\"Capa_1\" height=\"512\" viewBox=\"0 0 486.346 486.346\" width=\"512\"><g><g id=\"arrow-1-e_1_\"><path d=\"m284.232 444.575c-16.757-.68-29.791-14.816-29.111-31.573.282-6.959 2.948-13.609 7.55-18.836l151.833-150.315-151.832-150.314c-11.774-11.844-11.774-30.973 0-42.817 11.81-11.907 31.037-11.986 42.945-.176.059.058.118.117.176.176l171.572 171.572c11.907 11.81 11.986 31.037.176 42.945-.058.059-.117.118-.176.176l-171.573 171.571c-5.923 5.242-13.659 7.965-21.56 7.591z\"><\/path><path d=\"m455.5 272.7h-425.133c-16.771 0-30.367-13.596-30.367-30.367s13.596-30.367 30.367-30.367h425.133c16.771 0 30.367 13.596 30.367 30.367s-13.596 30.367-30.367 30.367z\"><\/path><\/g><\/g><\/svg>\t\t\t<\/span>\n\t\t\t\t\t\t\t\t\t<span class=\"elementor-button-text\">M\u1edf T\u00e0i Kho\u1ea3n<\/span>\n\t\t\t\t\t<\/span>\n\t\t\t\t\t<\/a>\n\t\t\t\t<\/div>\n\t\t\t\t\t\t\t\t<\/div>\n\t\t\t\t<\/div>\n\t\t\t\t<\/div>\n\t\t\t\t\t<\/div>\n\t\t\t\t<\/div>\n\t\t\t\t<\/div>\n\t\t","protected":false},"excerpt":{"rendered":"<p>B\u1ea3n ph\u00e2n t\u00edch th\u1ecb tr\u01b0\u1eddng h\u00e0ng ng\u00e0y c\u1ee7a b\u1ea1n T\u1eadn d\u1ee5ng ngu\u1ed3n tin t\u1ee9c v\u00e0 th\u00f4ng tin kh\u00e1ch quan mi\u1ec5n ph\u00ed, c\u00f9ng nh\u1eefng nh\u1eadn \u0111\u1ecbnh th\u1ecb tr\u01b0\u1eddng t\u1eeb chuy\u00ean gia. B\u1ea3n tin c\u1ee7a ch\u00fang t\u00f4i \u0111em \u0111\u1ebfn nh\u1eefng c\u1eadp nh\u1eadt v\u1ec1 nh\u1eefng ng\u01b0\u1eddi ch\u01a1i l\u1edbn nh\u1ea5t tr\u00ean th\u1ecb tr\u01b0\u1eddng ngay trong h\u1ed9p th\u01b0 \u0111\u1ebfn c\u1ee7a [&hellip;]<\/p>\n","protected":false},"author":13,"featured_media":0,"parent":0,"menu_order":0,"comment_status":"closed","ping_status":"closed","template":"","meta":{"_acf_changed":false,"_seopress_robots_primary_cat":"","_seopress_titles_title":"","_seopress_titles_desc":"","_seopress_robots_index":"","footnotes":"","_links_to":"","_links_to_target":""},"class_list":["post-35420","page","type-page","status-publish","hentry"],"acf":[],"_links":{"self":[{"href":"https:\/\/www.fxglobe.com\/vi\/wp-json\/wp\/v2\/pages\/35420","targetHints":{"allow":["GET"]}}],"collection":[{"href":"https:\/\/www.fxglobe.com\/vi\/wp-json\/wp\/v2\/pages"}],"about":[{"href":"https:\/\/www.fxglobe.com\/vi\/wp-json\/wp\/v2\/types\/page"}],"author":[{"embeddable":true,"href":"https:\/\/www.fxglobe.com\/vi\/wp-json\/wp\/v2\/users\/13"}],"replies":[{"embeddable":true,"href":"https:\/\/www.fxglobe.com\/vi\/wp-json\/wp\/v2\/comments?post=35420"}],"version-history":[{"count":0,"href":"https:\/\/www.fxglobe.com\/vi\/wp-json\/wp\/v2\/pages\/35420\/revisions"}],"wp:attachment":[{"href":"https:\/\/www.fxglobe.com\/vi\/wp-json\/wp\/v2\/media?parent=35420"}],"curies":[{"name":"wp","href":"https:\/\/api.w.org\/{rel}","templated":true}]}}